{"id":927,"date":"2016-12-05T11:37:34","date_gmt":"2016-12-05T10:37:34","guid":{"rendered":"http:\/\/statiuniti.evolutiontravel.it\/infovacanze\/?page_id=927"},"modified":"2019-05-06T15:40:02","modified_gmt":"2019-05-06T13:40:02","slug":"in-camper","status":"publish","type":"page","link":"https:\/\/statiuniti.evolutiontravel.it\/infovacanze\/viaggio\/in-camper\/","title":{"rendered":"Stati Uniti in camper"},"content":{"rendered":"<p>Per una vacanza negli <strong>USA il camper<\/strong> \u00e8 tra i mezzi di trasporto pi\u00f9 gettonati. Infatti con la tua casa viaggiante noleggiata prima di partire, viaggi per <strong>gli States in totale libert\u00e0<\/strong>.<\/p>\n<p>Il bello del camper in questo paese \u00e8 che puoi\u00a0 <a href=\"https:\/\/statiuniti.evolutiontravel.it\/infovacanze\/da-vedere\/\"><strong>vedere davvero tantissime cose<\/strong><\/a>, e attrazioni per tutta la famiglia, come <a href=\"https:\/\/statiuniti.evolutiontravel.it\/infovacanze\/divertirsi\/attrazioni\/\">i parchi tematici<\/a>.\u00a0 A bordo della tua casa viaggiante percorri la strada che ti porter\u00e0 <a href=\"https:\/\/statiuniti.evolutiontravel.it\/infovacanze\/da-vedere\/parchi-naturali\/\">nei grandi parchi<\/a> o nelle <a href=\"https:\/\/statiuniti.evolutiontravel.it\/infovacanze\/da-vedere\/montagne-rocciose\/\"><strong>rinomate localit\u00e0 sciistiche<\/strong> delle Montagne Rocciose<\/a>. o nelle <a href=\"https:\/\/statiuniti.evolutiontravel.it\/infovacanze\/divertirsi\/mare\/\">bellissime spiagge americane<\/a>.<\/p>\n<p>Detto questo, prima di avventurarti con il camper \u00e8 bene conoscere <strong>alcuni dettagli utili<\/strong> per organizzare il viaggio negli Stati Uniti nel modo migliore.<\/p>\n<h2>USA in camper: consigli di viaggio<\/h2>\n<p>Ci sono alcune cose da sapere se vuoi attraversare gli Stati Uniti con il camper. Innazitutto considera che <strong>non tutti gli autonoleggi permettono il c.d. &#8220;noleggio one way&#8221;<\/strong>, ossia l&#8217;affitto del mezzo in un posto per poi lasciarlo in un altro posto. Sar\u00e0 quindi necessario informarsi bene prima di partire.<\/p>\n<p style=\"text-align: center\"><img loading=\"lazy\" decoding=\"async\" class=\"aligncenter wp-image-547 size-full\" src=\"https:\/\/statiuniti.evolutiontravel.it\/infovacanze\/wp-content\/uploads\/sites\/17\/2013\/08\/Noleggio-camper.jpg\" alt=\"Camper stati uniti\" width=\"1000\" height=\"750\" srcset=\"https:\/\/statiuniti.evolutiontravel.it\/infovacanze\/wp-content\/uploads\/sites\/17\/2013\/08\/Noleggio-camper.jpg 1000w, https:\/\/statiuniti.evolutiontravel.it\/infovacanze\/wp-content\/uploads\/sites\/17\/2013\/08\/Noleggio-camper-300x225.jpg 300w, https:\/\/statiuniti.evolutiontravel.it\/infovacanze\/wp-content\/uploads\/sites\/17\/2013\/08\/Noleggio-camper-400x300.jpg 400w\" sizes=\"(max-width: 1000px) 100vw, 1000px\" \/><\/p>\n<p>Gli Stati Uniti sono molto vasti e <strong>i km da percorrere possono essere davvero<\/strong> molti.<\/p>\n<p>Certo, \u00e8 vero, hai il letto a bordo ma non sottovalutare mai le distanze tra una destinazione e l&#8217;altra. Esaminate bene l&#8217;itinerario che vuoi fare quindi.<\/p>\n<p>Inoltre sappi che negli USA <strong>non \u00e8 permesso il parcheggio notturno dei camper<\/strong> sui bordi delle strade, nelle piazze e nei parcheggi e in alcune zone molto frequentate, come i parchi nazionali.<\/p>\n<p>Anche se tutte le stazioni di noleggio camper affittano accessori come generatori, sedie, ombrelloni e attrezzi per cucina e campeggio, fate una lista delle cose che vi servono qualche giorno prima di partire. Meglio essere organizzati nei minimi dettagli!<\/p>\n<p>Infine non dimenticare, ovviamente i documenti. Ogni stato americano ha proprie leggi in merito al riconoscimento della patente. Anche in questo caso informatevi prima o molto pi\u00f9 semplicemente scegliere un viaggio <strong>USA in camper chiavi in mano<\/strong>, con le nostre super offerte!<\/p>\n<p>&nbsp;<\/p>\n<p style=\"text-align: center\"><strong><span style=\"color: #008000\">CLICCA SULLE OFFERTE QUI SOTTO E SCOPRI<\/span><\/strong>: <strong>programma<\/strong> dettaglio, <strong>foto<\/strong>, <strong>recensioni<\/strong> e molto altro!<\/p>\n<h3 style=\"text-align: center\">SPECIALE <span style=\"color: #008000\">STATI UNITI IN CAMPER<\/span> con Evolution Travel<\/h3>\n<div class=\"feedzy-126a2aa9dd79a2130966a26b3b479f83 feedzy-rss\"><ul>Feed has no items.<\/ul> <\/div>\n","protected":false},"excerpt":{"rendered":"<p>Per una vacanza negli USA il camper \u00e8 tra i mezzi di trasporto pi\u00f9 gettonati. Infatti con la tua casa viaggiante noleggiata prima di partire, viaggi per gli States in totale libert\u00e0. Il bello del camper in questo paese \u00e8 che puoi\u00a0 vedere davvero tantissime cose, e attrazioni per tutta la famiglia, come i parchi <a class=\"moretag\" href=\"https:\/\/statiuniti.evolutiontravel.it\/infovacanze\/viaggio\/in-camper\/\">[&#8230;]<\/a><\/p>\n","protected":false},"author":6,"featured_media":0,"parent":41,"menu_order":0,"comment_status":"closed","ping_status":"closed","template":"templates\/template-with-right-sidebar.php","meta":{"footnotes":""},"yoast_head":"<!-- This site is optimized with the Yoast SEO plugin v21.9.1 - https:\/\/yoast.com\/wordpress\/plugins\/seo\/ -->\n<title>USA in camper: noleggio e consigli utili su viaggio e campeggio<\/title>\n<meta name=\"description\" content=\"Pensi a un viaggio in camper negli Stati Uniti? Leggi il nostro articolo con consigli utili per la tua vacanza negli USA e parti grazie alle nostre offerte!\" \/>\n<meta name=\"robots\" content=\"index, follow, max-snippet:-1, max-image-preview:large, max-video-preview:-1\" \/>\n<link rel=\"canonical\" href=\"https:\/\/statiuniti.evolutiontravel.it\/infovacanze\/viaggio\/in-camper\/\" \/>\n<meta name=\"twitter:label1\" content=\"Tempo di lettura stimato\" \/>\n\t<meta name=\"twitter:data1\" content=\"2 minuti\" \/>\n<script type=\"application\/ld+json\" class=\"yoast-schema-graph\">{\"@context\":\"https:\/\/schema.org\",\"@graph\":[{\"@type\":\"WebPage\",\"@id\":\"https:\/\/statiuniti.evolutiontravel.it\/infovacanze\/viaggio\/in-camper\/\",\"url\":\"https:\/\/statiuniti.evolutiontravel.it\/infovacanze\/viaggio\/in-camper\/\",\"name\":\"USA in camper: noleggio e consigli utili su viaggio e campeggio\",\"isPartOf\":{\"@id\":\"https:\/\/statiuniti.evolutiontravel.it\/infovacanze\/#website\"},\"datePublished\":\"2016-12-05T10:37:34+00:00\",\"dateModified\":\"2019-05-06T13:40:02+00:00\",\"description\":\"Pensi a un viaggio in camper negli Stati Uniti? Leggi il nostro articolo con consigli utili per la tua vacanza negli USA e parti grazie alle nostre offerte!\",\"breadcrumb\":{\"@id\":\"https:\/\/statiuniti.evolutiontravel.it\/infovacanze\/viaggio\/in-camper\/#breadcrumb\"},\"inLanguage\":\"it-IT\",\"potentialAction\":[{\"@type\":\"ReadAction\",\"target\":[\"https:\/\/statiuniti.evolutiontravel.it\/infovacanze\/viaggio\/in-camper\/\"]}]},{\"@type\":\"BreadcrumbList\",\"@id\":\"https:\/\/statiuniti.evolutiontravel.it\/infovacanze\/viaggio\/in-camper\/#breadcrumb\",\"itemListElement\":[{\"@type\":\"ListItem\",\"position\":1,\"name\":\"Che viaggio cerchi negli Stati Uniti?\",\"item\":\"https:\/\/statiuniti.evolutiontravel.it\/infovacanze\/viaggio\/\"},{\"@type\":\"ListItem\",\"position\":2,\"name\":\"Stati Uniti in camper\"}]},{\"@type\":\"WebSite\",\"@id\":\"https:\/\/statiuniti.evolutiontravel.it\/infovacanze\/#website\",\"url\":\"https:\/\/statiuniti.evolutiontravel.it\/infovacanze\/\",\"name\":\"Stati Uniti\",\"description\":\"\",\"potentialAction\":[{\"@type\":\"SearchAction\",\"target\":{\"@type\":\"EntryPoint\",\"urlTemplate\":\"https:\/\/statiuniti.evolutiontravel.it\/infovacanze\/?s={search_term_string}\"},\"query-input\":\"required name=search_term_string\"}],\"inLanguage\":\"it-IT\"}]}<\/script>\n<!-- \/ Yoast SEO plugin. -->","yoast_head_json":{"title":"USA in camper: noleggio e consigli utili su viaggio e campeggio","description":"Pensi a un viaggio in camper negli Stati Uniti? Leggi il nostro articolo con consigli utili per la tua vacanza negli USA e parti grazie alle nostre offerte!","robots":{"index":"index","follow":"follow","max-snippet":"max-snippet:-1","max-image-preview":"max-image-preview:large","max-video-preview":"max-video-preview:-1"},"canonical":"https:\/\/statiuniti.evolutiontravel.it\/infovacanze\/viaggio\/in-camper\/","twitter_misc":{"Tempo di lettura stimato":"2 minuti"},"schema":{"@context":"https:\/\/schema.org","@graph":[{"@type":"WebPage","@id":"https:\/\/statiuniti.evolutiontravel.it\/infovacanze\/viaggio\/in-camper\/","url":"https:\/\/statiuniti.evolutiontravel.it\/infovacanze\/viaggio\/in-camper\/","name":"USA in camper: noleggio e consigli utili su viaggio e campeggio","isPartOf":{"@id":"https:\/\/statiuniti.evolutiontravel.it\/infovacanze\/#website"},"datePublished":"2016-12-05T10:37:34+00:00","dateModified":"2019-05-06T13:40:02+00:00","description":"Pensi a un viaggio in camper negli Stati Uniti? Leggi il nostro articolo con consigli utili per la tua vacanza negli USA e parti grazie alle nostre offerte!","breadcrumb":{"@id":"https:\/\/statiuniti.evolutiontravel.it\/infovacanze\/viaggio\/in-camper\/#breadcrumb"},"inLanguage":"it-IT","potentialAction":[{"@type":"ReadAction","target":["https:\/\/statiuniti.evolutiontravel.it\/infovacanze\/viaggio\/in-camper\/"]}]},{"@type":"BreadcrumbList","@id":"https:\/\/statiuniti.evolutiontravel.it\/infovacanze\/viaggio\/in-camper\/#breadcrumb","itemListElement":[{"@type":"ListItem","position":1,"name":"Che viaggio cerchi negli Stati Uniti?","item":"https:\/\/statiuniti.evolutiontravel.it\/infovacanze\/viaggio\/"},{"@type":"ListItem","position":2,"name":"Stati Uniti in camper"}]},{"@type":"WebSite","@id":"https:\/\/statiuniti.evolutiontravel.it\/infovacanze\/#website","url":"https:\/\/statiuniti.evolutiontravel.it\/infovacanze\/","name":"Stati Uniti","description":"","potentialAction":[{"@type":"SearchAction","target":{"@type":"EntryPoint","urlTemplate":"https:\/\/statiuniti.evolutiontravel.it\/infovacanze\/?s={search_term_string}"},"query-input":"required name=search_term_string"}],"inLanguage":"it-IT"}]}},"_links":{"self":[{"href":"https:\/\/statiuniti.evolutiontravel.it\/infovacanze\/wp-json\/wp\/v2\/pages\/927"}],"collection":[{"href":"https:\/\/statiuniti.evolutiontravel.it\/infovacanze\/wp-json\/wp\/v2\/pages"}],"about":[{"href":"https:\/\/statiuniti.evolutiontravel.it\/infovacanze\/wp-json\/wp\/v2\/types\/page"}],"author":[{"embeddable":true,"href":"https:\/\/statiuniti.evolutiontravel.it\/infovacanze\/wp-json\/wp\/v2\/users\/6"}],"replies":[{"embeddable":true,"href":"https:\/\/statiuniti.evolutiontravel.it\/infovacanze\/wp-json\/wp\/v2\/comments?post=927"}],"version-history":[{"count":15,"href":"https:\/\/statiuniti.evolutiontravel.it\/infovacanze\/wp-json\/wp\/v2\/pages\/927\/revisions"}],"predecessor-version":[{"id":2068,"href":"https:\/\/statiuniti.evolutiontravel.it\/infovacanze\/wp-json\/wp\/v2\/pages\/927\/revisions\/2068"}],"up":[{"embeddable":true,"href":"https:\/\/statiuniti.evolutiontravel.it\/infovacanze\/wp-json\/wp\/v2\/pages\/41"}],"wp:attachment":[{"href":"https:\/\/statiuniti.evolutiontravel.it\/infovacanze\/wp-json\/wp\/v2\/media?parent=927"}],"curies":[{"name":"wp","href":"https:\/\/api.w.org\/{rel}","templated":true}]}}