{"id":81,"date":"2013-08-21T16:35:58","date_gmt":"2013-08-21T14:35:58","guid":{"rendered":"http:\/\/statiuniti.evolutiontravel.it\/infovacanze\/?page_id=81"},"modified":"2019-05-02T11:13:55","modified_gmt":"2019-05-02T09:13:55","slug":"organizzati","status":"publish","type":"page","link":"https:\/\/statiuniti.evolutiontravel.it\/infovacanze\/viaggio\/organizzati\/","title":{"rendered":"Viaggi organizzati negli Stati Uniti"},"content":{"rendered":"<p>Fare un <strong>viaggio organizzato negli Stati Uniti<\/strong> significa non pensare a nulla se non a divertirsi!<\/p>\n<p>Infatti il principale vantaggio di questo genere di viaggi \u00e8 che hai un <strong>programma pianificato nei minimi dettagli<\/strong>. Se con i c.d. viaggi &#8220;fai da te&#8221; devi pensare a tutto tu, con quelli organizzati \u00e8 esattamente l&#8217;opposto. <span style=\"color: #008000\"><strong>Pensiamo a tutto noi<\/strong><\/span>!<\/p>\n<p>Inoltre sono <strong>infinite le occasioni di tour e itinerari<\/strong>, tutti i viaggi organizzati negli USA includono <strong>le principali <a title=\"stati uniti destinazioni\" href=\"https:\/\/statiuniti.evolutiontravel.it\/infovacanze\/destinazioni\/\">attrazioni e destinazioni<\/a><\/strong> ma anche <strong>itinerari alla scoperta di luoghi pi\u00f9 nascosti<\/strong>. Insomma sta a te decidere come e quando fare una vacanza negli States, decisamente rilassante!<\/p>\n<p>Generalmente sono i <strong>gruppi di amici<\/strong> e le <a title=\"stati uniti viaggi nozze\" href=\"https:\/\/statiuniti.evolutiontravel.it\/infovacanze\/viaggio\/nozze\/\"><strong>coppie in luna di miele<\/strong><\/a> a preferire questo genere di vacanza americana. Oppure anche chi vuole fare un viaggio combinato e quindi vedere, oltre agli Stati Uniti, anche i paesi confinanti.<\/p>\n<p>Il\u00a0<a title=\"stati uniti fly drive\" href=\"https:\/\/statiuniti.evolutiontravel.it\/infovacanze\/viaggio\/fly-drive\/\"><strong>Fly and Drive<\/strong><\/a> \u00e8 tra i <strong>viaggi organizzati pi\u00f9 gettonati<\/strong> negli USA. Questo, infatti, consente di avere la libert\u00e0 di muoversi sul territorio americano ma con il noleggio auto e prenotazione delle strutture ricettive da parte del consulente viaggio.<\/p>\n<p>&nbsp;<\/p>\n<h2>Viaggi organizzati negli USA: 4 idee per le tue vacanze<\/h2>\n<p>Solitamente gli itinerari sono organizzati prima della partenza in base al tema o alla localit\u00e0.\u00a0\u00a0 Per fare qualche esempio, ecco almeno 4 suggerimenti:<\/p>\n<ul>\n<li><strong>tour organizzato delle citt\u00e0 americane: <\/strong>New York, Washington, Boston, Philadelphia, Los Angeles, San Francisco, San Diego, Santa Monica;<\/li>\n<li><strong><a title=\"parchi americani\" href=\"https:\/\/statiuniti.evolutiontravel.it\/infovacanze\/da-vedere\/parchi-naturali\/\">itinerari nei parchi e attrazioni naturali<\/a>: <\/strong>Cascate del Niagara, Gran Canyon,\u00a0Yellowstone, La\u00a0Monument Valley;<\/li>\n<li>\u00a0Viaggio organizzato <strong>Canada + Stati Uniti<\/strong>;<\/li>\n<li>pacchetti viaggio <strong>in un\u2019unica area geografica<\/strong>: California,\u00a0Florida con Miami e Disneyland, Ovest + Las Vegas.<\/li>\n<\/ul>\n<p>&nbsp;<\/p>\n<h2>Viaggi organizzati &#8220;particolari&#8221;<\/h2>\n<p>Oltre ai classici\u00a0<a title=\"USA coast to coast\" href=\"https:\/\/statiuniti.evolutiontravel.it\/infovacanze\/da-vedere\/coast-to-coast\/\">USA coast to coast<\/a> negli ultimi anni le proposte per scoprire l&#8217;America sono diventate sempre <strong>pi\u00f9 originali <\/strong>e certamente diversi dal solito:<strong><br \/>\n<\/strong><\/p>\n<ul>\n<li><strong>Shopping in Rodeo Drive<\/strong> a Beverly Hills: per chi oltre a fare il turista vuole anche spendere in acquisti!<\/li>\n<li><strong>Los Angeles + Tour delle case delle Stelle del Cinema Hollywoodiano<\/strong>: imperdibile per chi ama il cinema.<strong><br \/>\n<\/strong><\/li>\n<li><strong>viaggi organizzati agli Studi Cinematografici.<\/strong><\/li>\n<\/ul>\n<p>&nbsp;<\/p>\n<p>Insomma, non ti resta che scoprire in un solo click tutte le nostre migliori offerte!<\/p>\n<p>&nbsp;<\/p>\n<h3 style=\"text-align: center\">SPECIALE &#8220;<strong><span style=\"color: #008000\">TOUR DI GRUPPO NEGLI STATI UNITI<\/span><\/strong>&#8221; con Evolution Travel<\/h3>\n<p style=\"text-align: center\">Guarda subito queste proposte di viaggio con <strong><span style=\"color: #008000\">OFFERTE IMPERDIBILI<\/span><\/strong><\/p>\n<p style=\"text-align: center\"><strong><span style=\"color: #008000\">CLICCA E SCOPRI<\/span><\/strong>: <strong>programma<\/strong> viaggio, <strong>foto<\/strong>, <strong>commenti<\/strong> e <strong>recensioni<\/strong>, itinerari!<\/p>\n<div class=\"feedzy-f24cb2d56c89a07005432227775ee17b feedzy-rss\">\n\t\t<ul class=\"feedzy-style2\">\n\t\t\t\t\t<li  style=\"padding: 23px 0 38px\" class=\"rss_item feedzy-rss-col-3\" >\n\t\t\t\t\t\t\t\t\t<div class=\"rss_image\" style=\"width:225px; height:225px;\">\n\t\t\t\t\t\t<a href=\"https:\/\/statiuniti.evolutiontravel.it\/it_IT\/906\/tab\/41201_cowboys-indians-adventure-tour-di-gruppo-con-accompagnatore-dallitalia-voli-inclusi-da-roma.html\" target=\"_blank\" \n\t\t\t\t\t\t\trel=\"noopener \"\n\t\t\t\t\t\t\ttitle=\"Cowboys &amp; Indians Adventure - Tour di Gruppo con accompagnatore dall&#039;Italia - Voli inclusi da Roma\"\n\t\t\t\t\t\t\tstyle=\"width:225px; height:225px;\">\n\t\t\t\t\t\t\t<span class=\"fetched\" style=\"background-image:  url('http:\/\/etcdn.net\/thumbnails\/4769\/it-denver-tour-di-gruppo-cowboys-indians-adventure-52faf.jpg');\" title=\"Cowboys &amp; Indians Adventure - Tour di Gruppo con accompagnatore dall&#039;Italia - Voli inclusi da Roma\"><\/span><amp-img width=\"225\" height=\"225\" src=\"http:\/\/etcdn.net\/thumbnails\/4769\/it-denver-tour-di-gruppo-cowboys-indians-adventure-52faf.jpg\">\t\t\t\t\t\t<\/a>\n\t\t\t\t\t<\/div>\n\t\t\t\t\t\t\t\t<div class=\"rss_content_wrap\">\n\t\t\t\t\t<span class=\"title\">\n\t\t\t\t\t\t<a href=\"https:\/\/statiuniti.evolutiontravel.it\/it_IT\/906\/tab\/41201_cowboys-indians-adventure-tour-di-gruppo-con-accompagnatore-dallitalia-voli-inclusi-da-roma.html\" target=\"_blank\"  rel=\"noopener \">\n\t\t\t\t\t\t\tCowboys &amp; Indians Adventure - Tour di Gruppo con accompagnatore dall'Italia - Voli inclusi da Roma\t\t\t\t\t\t<\/a>\n\t\t\t\t\t<\/span>\n\t\t\t\t\t<div class=\"rss_content\"\n\t\t\t\t\t\t\tstyle=\"\">\n\t\t\t\t\t\t\n\t\t\t\t\t\t\t\t\t\t\t\t<p class=\"description\">Per chi sogna di vivere una vita da Cowboy o \u00e8 attratto dalla spiritualit\u00e0 degli Indiani, questo \u00e8 il tour ideale: lanciatevi [&hellip;]<\/p>\n\t\t\t\t\t\t\n\t\t\t\t\t\t\t\t\t\t\t\t\t\t\t\t\t\t\t<div class=\"price-wrap\">\n\t\t\t\t\t\t\t\t<a href=\"https:\/\/statiuniti.evolutiontravel.it\/it_IT\/906\/tab\/41201_cowboys-indians-adventure-tour-di-gruppo-con-accompagnatore-dallitalia-voli-inclusi-da-roma.html\" target=\"_blank\" rel=\"noopener\"><button class=\"price\"> 3980<\/button><\/a>\n\t\t\t\t\t\t\t<\/div>\n\t\t\t\t\t\t\t\t\t\t\t<\/div>\n\t\t\t\t<\/div>\n\t\t\t<\/li>\n\t\t\t\t\t\t<li  style=\"padding: 23px 0 38px\" class=\"rss_item feedzy-rss-col-3\" >\n\t\t\t\t\t\t\t\t\t<div class=\"rss_image\" style=\"width:225px; height:225px;\">\n\t\t\t\t\t\t<a href=\"https:\/\/statiuniti.evolutiontravel.it\/it_IT\/906\/tab\/36155_per-mano-nella-grande-mela-tour-di-gruppo.html\" target=\"_blank\" \n\t\t\t\t\t\t\trel=\"noopener \"\n\t\t\t\t\t\t\ttitle=\"Per Mano nella Grande Mela - Tour di Gruppo\"\n\t\t\t\t\t\t\tstyle=\"width:225px; height:225px;\">\n\t\t\t\t\t\t\t<span class=\"fetched\" style=\"background-image:  url('http:\/\/etcdn.net\/thumbnails\/32115\/it-new-york-tour-di-gruppo-nella-citta-che-non-dorme-mai-50a65.jpg');\" title=\"Per Mano nella Grande Mela - Tour di Gruppo\"><\/span><amp-img width=\"225\" height=\"225\" src=\"http:\/\/etcdn.net\/thumbnails\/32115\/it-new-york-tour-di-gruppo-nella-citta-che-non-dorme-mai-50a65.jpg\">\t\t\t\t\t\t<\/a>\n\t\t\t\t\t<\/div>\n\t\t\t\t\t\t\t\t<div class=\"rss_content_wrap\">\n\t\t\t\t\t<span class=\"title\">\n\t\t\t\t\t\t<a href=\"https:\/\/statiuniti.evolutiontravel.it\/it_IT\/906\/tab\/36155_per-mano-nella-grande-mela-tour-di-gruppo.html\" target=\"_blank\"  rel=\"noopener \">\n\t\t\t\t\t\t\tPer Mano nella Grande Mela - Tour di Gruppo\t\t\t\t\t\t<\/a>\n\t\t\t\t\t<\/span>\n\t\t\t\t\t<div class=\"rss_content\"\n\t\t\t\t\t\t\tstyle=\"\">\n\t\t\t\t\t\t\n\t\t\t\t\t\t\t\t\t\t\t\t<p class=\"description\">Scoprire New York con una guida specializzata e vedere angoli della citt\u00e0 impensabili!<\/p>\n\t\t\t\t\t\t\n\t\t\t\t\t\t\t\t\t\t\t\t\t\t\t\t\t\t\t<div class=\"price-wrap\">\n\t\t\t\t\t\t\t\t<a href=\"https:\/\/statiuniti.evolutiontravel.it\/it_IT\/906\/tab\/36155_per-mano-nella-grande-mela-tour-di-gruppo.html\" target=\"_blank\" rel=\"noopener\"><button class=\"price\"> 1846<\/button><\/a>\n\t\t\t\t\t\t\t<\/div>\n\t\t\t\t\t\t\t\t\t\t\t<\/div>\n\t\t\t\t<\/div>\n\t\t\t<\/li>\n\t\t\t\t\t\t<li  style=\"padding: 23px 0 38px\" class=\"rss_item feedzy-rss-col-3\" >\n\t\t\t\t\t\t\t\t\t<div class=\"rss_image\" style=\"width:225px; height:225px;\">\n\t\t\t\t\t\t<a href=\"https:\/\/statiuniti.evolutiontravel.it\/it_IT\/906\/tab\/36801_passaggio-in-america-mini-tour-di-gruppo.html\" target=\"_blank\" \n\t\t\t\t\t\t\trel=\"noopener \"\n\t\t\t\t\t\t\ttitle=\"Passaggio in America Mini Tour di gruppo\"\n\t\t\t\t\t\t\tstyle=\"width:225px; height:225px;\">\n\t\t\t\t\t\t\t<span class=\"fetched\" style=\"background-image:  url('http:\/\/etcdn.net\/thumbnails\/3217\/it-new-york-eastern-triangle-5229a.jpg');\" title=\"Passaggio in America Mini Tour di gruppo\"><\/span><amp-img width=\"225\" height=\"225\" src=\"http:\/\/etcdn.net\/thumbnails\/3217\/it-new-york-eastern-triangle-5229a.jpg\">\t\t\t\t\t\t<\/a>\n\t\t\t\t\t<\/div>\n\t\t\t\t\t\t\t\t<div class=\"rss_content_wrap\">\n\t\t\t\t\t<span class=\"title\">\n\t\t\t\t\t\t<a href=\"https:\/\/statiuniti.evolutiontravel.it\/it_IT\/906\/tab\/36801_passaggio-in-america-mini-tour-di-gruppo.html\" target=\"_blank\"  rel=\"noopener \">\n\t\t\t\t\t\t\tPassaggio in America Mini Tour di gruppo\t\t\t\t\t\t<\/a>\n\t\t\t\t\t<\/span>\n\t\t\t\t\t<div class=\"rss_content\"\n\t\t\t\t\t\t\tstyle=\"\">\n\t\t\t\t\t\t\n\t\t\t\t\t\t\t\t\t\t\t\t<p class=\"description\">Godetevi questo breve tour con accompagnatore! Partite da New York\u00a0alla scoperta della east coast e delle sue meravigliose e [&hellip;]<\/p>\n\t\t\t\t\t\t\n\t\t\t\t\t\t\t\t\t\t\t\t\t\t\t\t\t\t\t<div class=\"price-wrap\">\n\t\t\t\t\t\t\t\t<a href=\"https:\/\/statiuniti.evolutiontravel.it\/it_IT\/906\/tab\/36801_passaggio-in-america-mini-tour-di-gruppo.html\" target=\"_blank\" rel=\"noopener\"><button class=\"price\"> 792<\/button><\/a>\n\t\t\t\t\t\t\t<\/div>\n\t\t\t\t\t\t\t\t\t\t\t<\/div>\n\t\t\t\t<\/div>\n\t\t\t<\/li>\n\t\t\t\t<\/ul>\n<\/div>\n<style type=\"text\/css\" media=\"all\">.feedzy-rss .rss_item .rss_image{float:left;position:relative;border:none;text-decoration:none;max-width:100%}.feedzy-rss .rss_item .rss_image span{display:inline-block;position:absolute;width:100%;height:100%;background-position:50%;background-size:cover}.feedzy-rss .rss_item .rss_image{margin:.3em 1em 0 0;content-visibility:auto}.feedzy-rss ul{list-style:none}.feedzy-rss ul li{display:inline-block}<\/style>\n","protected":false},"excerpt":{"rendered":"<p>Fare un viaggio organizzato negli Stati Uniti significa non pensare a nulla se non a divertirsi! Infatti il principale vantaggio di questo genere di viaggi \u00e8 che hai un programma pianificato nei minimi dettagli. Se con i c.d. viaggi &#8220;fai da te&#8221; devi pensare a tutto tu, con quelli organizzati \u00e8 esattamente l&#8217;opposto. Pensiamo a <a class=\"moretag\" href=\"https:\/\/statiuniti.evolutiontravel.it\/infovacanze\/viaggio\/organizzati\/\">[&#8230;]<\/a><\/p>\n","protected":false},"author":6,"featured_media":0,"parent":41,"menu_order":0,"comment_status":"closed","ping_status":"open","template":"templates\/template-with-right-sidebar.php","meta":{"footnotes":""},"yoast_head":"<!-- This site is optimized with the Yoast SEO plugin v21.9.1 - https:\/\/yoast.com\/wordpress\/plugins\/seo\/ -->\n<title>Viaggi organizzati Stati Uniti: offerte e idee viaggio - Vacanze USA<\/title>\n<meta name=\"description\" content=\"Scopri i nostri viaggi organizzati negli Stati Uniti con itinerari davvero originali: guarda tutti i dettagli e parti grazie alle nostre offerte!\" \/>\n<meta name=\"robots\" content=\"index, follow, max-snippet:-1, max-image-preview:large, max-video-preview:-1\" \/>\n<link rel=\"canonical\" href=\"https:\/\/statiuniti.evolutiontravel.it\/infovacanze\/viaggio\/organizzati\/\" \/>\n<meta name=\"twitter:label1\" content=\"Tempo di lettura stimato\" \/>\n\t<meta name=\"twitter:data1\" content=\"2 minuti\" \/>\n<script type=\"application\/ld+json\" class=\"yoast-schema-graph\">{\"@context\":\"https:\/\/schema.org\",\"@graph\":[{\"@type\":\"WebPage\",\"@id\":\"https:\/\/statiuniti.evolutiontravel.it\/infovacanze\/viaggio\/organizzati\/\",\"url\":\"https:\/\/statiuniti.evolutiontravel.it\/infovacanze\/viaggio\/organizzati\/\",\"name\":\"Viaggi organizzati Stati Uniti: offerte e idee viaggio - Vacanze USA\",\"isPartOf\":{\"@id\":\"https:\/\/statiuniti.evolutiontravel.it\/infovacanze\/#website\"},\"datePublished\":\"2013-08-21T14:35:58+00:00\",\"dateModified\":\"2019-05-02T09:13:55+00:00\",\"description\":\"Scopri i nostri viaggi organizzati negli Stati Uniti con itinerari davvero originali: guarda tutti i dettagli e parti grazie alle nostre offerte!\",\"breadcrumb\":{\"@id\":\"https:\/\/statiuniti.evolutiontravel.it\/infovacanze\/viaggio\/organizzati\/#breadcrumb\"},\"inLanguage\":\"it-IT\",\"potentialAction\":[{\"@type\":\"ReadAction\",\"target\":[\"https:\/\/statiuniti.evolutiontravel.it\/infovacanze\/viaggio\/organizzati\/\"]}]},{\"@type\":\"BreadcrumbList\",\"@id\":\"https:\/\/statiuniti.evolutiontravel.it\/infovacanze\/viaggio\/organizzati\/#breadcrumb\",\"itemListElement\":[{\"@type\":\"ListItem\",\"position\":1,\"name\":\"Che viaggio cerchi negli Stati Uniti?\",\"item\":\"https:\/\/statiuniti.evolutiontravel.it\/infovacanze\/viaggio\/\"},{\"@type\":\"ListItem\",\"position\":2,\"name\":\"Viaggi organizzati negli Stati Uniti\"}]},{\"@type\":\"WebSite\",\"@id\":\"https:\/\/statiuniti.evolutiontravel.it\/infovacanze\/#website\",\"url\":\"https:\/\/statiuniti.evolutiontravel.it\/infovacanze\/\",\"name\":\"Stati Uniti\",\"description\":\"\",\"potentialAction\":[{\"@type\":\"SearchAction\",\"target\":{\"@type\":\"EntryPoint\",\"urlTemplate\":\"https:\/\/statiuniti.evolutiontravel.it\/infovacanze\/?s={search_term_string}\"},\"query-input\":\"required name=search_term_string\"}],\"inLanguage\":\"it-IT\"}]}<\/script>\n<!-- \/ Yoast SEO plugin. -->","yoast_head_json":{"title":"Viaggi organizzati Stati Uniti: offerte e idee viaggio - Vacanze USA","description":"Scopri i nostri viaggi organizzati negli Stati Uniti con itinerari davvero originali: guarda tutti i dettagli e parti grazie alle nostre offerte!","robots":{"index":"index","follow":"follow","max-snippet":"max-snippet:-1","max-image-preview":"max-image-preview:large","max-video-preview":"max-video-preview:-1"},"canonical":"https:\/\/statiuniti.evolutiontravel.it\/infovacanze\/viaggio\/organizzati\/","twitter_misc":{"Tempo di lettura stimato":"2 minuti"},"schema":{"@context":"https:\/\/schema.org","@graph":[{"@type":"WebPage","@id":"https:\/\/statiuniti.evolutiontravel.it\/infovacanze\/viaggio\/organizzati\/","url":"https:\/\/statiuniti.evolutiontravel.it\/infovacanze\/viaggio\/organizzati\/","name":"Viaggi organizzati Stati Uniti: offerte e idee viaggio - Vacanze USA","isPartOf":{"@id":"https:\/\/statiuniti.evolutiontravel.it\/infovacanze\/#website"},"datePublished":"2013-08-21T14:35:58+00:00","dateModified":"2019-05-02T09:13:55+00:00","description":"Scopri i nostri viaggi organizzati negli Stati Uniti con itinerari davvero originali: guarda tutti i dettagli e parti grazie alle nostre offerte!","breadcrumb":{"@id":"https:\/\/statiuniti.evolutiontravel.it\/infovacanze\/viaggio\/organizzati\/#breadcrumb"},"inLanguage":"it-IT","potentialAction":[{"@type":"ReadAction","target":["https:\/\/statiuniti.evolutiontravel.it\/infovacanze\/viaggio\/organizzati\/"]}]},{"@type":"BreadcrumbList","@id":"https:\/\/statiuniti.evolutiontravel.it\/infovacanze\/viaggio\/organizzati\/#breadcrumb","itemListElement":[{"@type":"ListItem","position":1,"name":"Che viaggio cerchi negli Stati Uniti?","item":"https:\/\/statiuniti.evolutiontravel.it\/infovacanze\/viaggio\/"},{"@type":"ListItem","position":2,"name":"Viaggi organizzati negli Stati Uniti"}]},{"@type":"WebSite","@id":"https:\/\/statiuniti.evolutiontravel.it\/infovacanze\/#website","url":"https:\/\/statiuniti.evolutiontravel.it\/infovacanze\/","name":"Stati Uniti","description":"","potentialAction":[{"@type":"SearchAction","target":{"@type":"EntryPoint","urlTemplate":"https:\/\/statiuniti.evolutiontravel.it\/infovacanze\/?s={search_term_string}"},"query-input":"required name=search_term_string"}],"inLanguage":"it-IT"}]}},"_links":{"self":[{"href":"https:\/\/statiuniti.evolutiontravel.it\/infovacanze\/wp-json\/wp\/v2\/pages\/81"}],"collection":[{"href":"https:\/\/statiuniti.evolutiontravel.it\/infovacanze\/wp-json\/wp\/v2\/pages"}],"about":[{"href":"https:\/\/statiuniti.evolutiontravel.it\/infovacanze\/wp-json\/wp\/v2\/types\/page"}],"author":[{"embeddable":true,"href":"https:\/\/statiuniti.evolutiontravel.it\/infovacanze\/wp-json\/wp\/v2\/users\/6"}],"replies":[{"embeddable":true,"href":"https:\/\/statiuniti.evolutiontravel.it\/infovacanze\/wp-json\/wp\/v2\/comments?post=81"}],"version-history":[{"count":24,"href":"https:\/\/statiuniti.evolutiontravel.it\/infovacanze\/wp-json\/wp\/v2\/pages\/81\/revisions"}],"predecessor-version":[{"id":2053,"href":"https:\/\/statiuniti.evolutiontravel.it\/infovacanze\/wp-json\/wp\/v2\/pages\/81\/revisions\/2053"}],"up":[{"embeddable":true,"href":"https:\/\/statiuniti.evolutiontravel.it\/infovacanze\/wp-json\/wp\/v2\/pages\/41"}],"wp:attachment":[{"href":"https:\/\/statiuniti.evolutiontravel.it\/infovacanze\/wp-json\/wp\/v2\/media?parent=81"}],"curies":[{"name":"wp","href":"https:\/\/api.w.org\/{rel}","templated":true}]}}