{"id":769,"date":"2014-05-29T16:45:38","date_gmt":"2014-05-29T14:45:38","guid":{"rendered":"http:\/\/statiuniti.evolutiontravel.it\/infovacanze\/?page_id=769"},"modified":"2019-04-30T15:26:27","modified_gmt":"2019-04-30T13:26:27","slug":"cartina-alaska","status":"publish","type":"page","link":"https:\/\/statiuniti.evolutiontravel.it\/infovacanze\/viaggio\/cartina-alaska\/","title":{"rendered":"Cartina dell&#8217;Alaska"},"content":{"rendered":"<p>Cercando su Google &#8220;mappa Alaska&#8221; troverete questa immagine che mostra quanto sia grande questo stato americano noto a tutti per le <a title=\"alaska temperature\" href=\"https:\/\/statiuniti.evolutiontravel.it\/infovacanze\/temperatura-alaska\/\">temperature<\/a>, la neve ma anche il sole di notte!<\/p>\n<p>L&#8217;Alaska \u00e8 <strong>il pi\u00f9 grande di tutti gli Stati Uniti,<\/strong> con oltre\u00a0 <strong>1.700.00 chilometri quadrati<\/strong> di territorio.<\/p>\n<p>A guardare nel dettaglio la cartina notiamo che \u00e8 costellata da <strong>moltissimi piccoli villaggi<\/strong>. Durante il vostro viaggio potrete anche esplorare qualche <strong>villaggio<\/strong> <strong>fantasma<\/strong>, uno dei tanti luoghi che videro il declino con la fine della corsa all\u2019oro.<br \/>\n<img loading=\"lazy\" decoding=\"async\" class=\"wp-image-899 alignleft\" src=\"http:\/\/statiuniti.evolutiontravel.it\/infovacanze\/wp-content\/uploads\/sites\/17\/2014\/05\/cartina-alaska-google-300x156.png\" alt=\"Cartina Alaska\" width=\"332\" height=\"172\" srcset=\"https:\/\/statiuniti.evolutiontravel.it\/infovacanze\/wp-content\/uploads\/sites\/17\/2014\/05\/cartina-alaska-google-300x156.png 300w, https:\/\/statiuniti.evolutiontravel.it\/infovacanze\/wp-content\/uploads\/sites\/17\/2014\/05\/cartina-alaska-google.png 600w\" sizes=\"(max-width: 332px) 100vw, 332px\" \/><\/p>\n<p>Dalla mappa ci si rende conto che <strong>l\u2019altitudine media<\/strong> del suo territorio \u00e8 di circa <strong>seicento metri sul livello del mare<\/strong>.<\/p>\n<p>La <strong>vetta<\/strong> <strong>pi\u00f9<\/strong> <strong>alta<\/strong> \u00e8 il monte <strong>McKinley<\/strong>, che sale fino a sfiorare i <strong>seimila<\/strong> <strong>duecento<\/strong> <strong>metri<\/strong> di altitudine e che \u00e8 anche il monte pi\u00f9 alto di tutta la parte settentrionale degli Stati Uniti.<\/p>\n<p>&nbsp;<\/p>\n<p>Possiamo suddividere il territorio dell\u2019Alaska in <strong>4 diverse regioni<\/strong> con caratteristiche diverse tra loro:<\/p>\n<ol>\n<li><strong>Alaska Centro Meridionale<\/strong><\/li>\n<li><strong>p<\/strong><strong>enisola dell\u2019Alaska<\/strong><\/li>\n<li><strong>interno<\/strong><\/li>\n<li><strong>costa settentrionale<\/strong>.<\/li>\n<\/ol>\n<p><strong>A seconda di quali siano i vostri interessi<\/strong>, potrete scegliere di visitare una o pi\u00f9 di queste zone.<\/p>\n<p>Potrete catturare scatti fotografici eccezionali e vedere <strong>luoghi meravigliosi<\/strong> in cui la natura possiede ancora tutta la propria bellezza primordiale.<\/p>\n<p style=\"text-align: center\">Cartina dal sito web ufficiale <a href=\"http:\/\/dot.alaska.gov\/stwdplng\/scenic\/index.shtml\" target=\"_blank\" rel=\"noopener\"><strong>Alaska.gov<\/strong><\/a><\/p>\n<p><img loading=\"lazy\" decoding=\"async\" class=\"wp-image-902 size-full\" src=\"https:\/\/statiuniti.evolutiontravel.it\/infovacanze\/wp-content\/uploads\/sites\/17\/2014\/05\/mappa-alaska-sito-ufficiale.gif\" alt=\"mappa Alaska\" width=\"740\" height=\"626\" \/><\/p>\n<p>Gli itinerari possibili sono moltissimi, <strong>il vostro consulente di viaggio<\/strong> potr\u00e0 indicarvi quello pi\u00f9 adatto alle vostre esigenze e ai vostri interessi cos\u00ec da vivere a pieno questa terra unica.<\/p>\n<p style=\"text-align: left\">Per approfondire altri argomenti dedicati all&#8217;Alaska clicca su quelli di tuo interesse:<\/p>\n<ul>\n<li style=\"text-align: left\"><span style=\"text-decoration: underline\"><a title=\"turismo in alaska\" href=\"https:\/\/statiuniti.evolutiontravel.it\/infovacanze\/viaggio\/turismo-alaska\/\">Turismo in Alaska<\/a><\/span><\/li>\n<li style=\"text-align: left\"><span style=\"text-decoration: underline\"><a title=\"cultura alaska\" href=\"https:\/\/statiuniti.evolutiontravel.it\/infovacanze\/viaggio\/cultura-in-alaska\/\">Cultura<\/a><\/span><\/li>\n<li style=\"text-align: left\"><span style=\"text-decoration: underline\"><a title=\"voli alaska\" href=\"https:\/\/statiuniti.evolutiontravel.it\/infovacanze\/viaggio\/voli-alaska\/\">Voli<\/a><\/span><\/li>\n<\/ul>\n<h3 style=\"text-align: center\">Offerte viaggi e vacanze in Alaska<\/h3>\n<p style=\"text-align: center\"><span style=\"color: #008000\"><strong>CLICCA, SCOPRI E PARTI!<\/strong><\/span><\/p>\n<p style=\"text-align: center\">Guarda subito <strong>tutti i dettagli delle nostre proposte<\/strong>: <strong>programma<\/strong>, <strong>foto<\/strong>, <strong>commenti<\/strong>, <strong>servizi inclusi<\/strong>!<\/p>\n<div class=\"feedzy-776db12f727cbbb1c485e6f6fe8a7b98 feedzy-rss\">\n\t\t<ul class=\"feedzy-style2\">\n\t\t\t\t\t<li  style=\"padding: 23px 0 38px\" class=\"rss_item feedzy-rss-col-3\" >\n\t\t\t\t\t\t\t\t\t<div class=\"rss_image\" style=\"width:225px; height:225px;\">\n\t\t\t\t\t\t<a href=\"https:\/\/statiuniti.evolutiontravel.it\/it_IT\/906\/tab\/40865_viaggio-di-pesca-nel-grande-nord.html\" target=\"_blank\" \n\t\t\t\t\t\t\trel=\"noopener \"\n\t\t\t\t\t\t\ttitle=\"Viaggio di pesca nel Grande Nord\"\n\t\t\t\t\t\t\tstyle=\"width:225px; height:225px;\">\n\t\t\t\t\t\t\t<span class=\"fetched\" style=\"background-image:  url('http:\/\/etcdn.net\/thumbnails\/40865\/it-anchorage-viaggio-di-pesca-nel-grande-nord-83b99.jpg');\" title=\"Viaggio di pesca nel Grande Nord\"><\/span><amp-img width=\"225\" height=\"225\" src=\"http:\/\/etcdn.net\/thumbnails\/40865\/it-anchorage-viaggio-di-pesca-nel-grande-nord-83b99.jpg\">\t\t\t\t\t\t<\/a>\n\t\t\t\t\t<\/div>\n\t\t\t\t\t\t\t\t<div class=\"rss_content_wrap\">\n\t\t\t\t\t<span class=\"title\">\n\t\t\t\t\t\t<a href=\"https:\/\/statiuniti.evolutiontravel.it\/it_IT\/906\/tab\/40865_viaggio-di-pesca-nel-grande-nord.html\" target=\"_blank\"  rel=\"noopener \">\n\t\t\t\t\t\t\tViaggio di pesca nel Grande Nord\t\t\t\t\t\t<\/a>\n\t\t\t\t\t<\/span>\n\t\t\t\t\t<div class=\"rss_content\"\n\t\t\t\t\t\t\tstyle=\"\">\n\t\t\t\t\t\t\n\t\t\t\t\t\t\t\t\t\t\t\t<p class=\"description\">Il Richiamo delle Correnti<\/p>\n\t\t\t\t\t\t\n\t\t\t\t\t\t\t\t\t\t\t\t\t\t\t\t\t\t\t<div class=\"price-wrap\">\n\t\t\t\t\t\t\t\t<a href=\"https:\/\/statiuniti.evolutiontravel.it\/it_IT\/906\/tab\/40865_viaggio-di-pesca-nel-grande-nord.html\" target=\"_blank\" rel=\"noopener\"><button class=\"price\"> 5500<\/button><\/a>\n\t\t\t\t\t\t\t<\/div>\n\t\t\t\t\t\t\t\t\t\t\t<\/div>\n\t\t\t\t<\/div>\n\t\t\t<\/li>\n\t\t\t\t<\/ul>\n<\/div>\n<style type=\"text\/css\" media=\"all\">.feedzy-rss .rss_item .rss_image{float:left;position:relative;border:none;text-decoration:none;max-width:100%}.feedzy-rss .rss_item .rss_image span{display:inline-block;position:absolute;width:100%;height:100%;background-position:50%;background-size:cover}.feedzy-rss .rss_item .rss_image{margin:.3em 1em 0 0;content-visibility:auto}.feedzy-rss ul{list-style:none}.feedzy-rss ul li{display:inline-block}<\/style>\n","protected":false},"excerpt":{"rendered":"<p>Cercando su Google &#8220;mappa Alaska&#8221; troverete questa immagine che mostra quanto sia grande questo stato americano noto a tutti per le temperature, la neve ma anche il sole di notte! L&#8217;Alaska \u00e8 il pi\u00f9 grande di tutti gli Stati Uniti, con oltre\u00a0 1.700.00 chilometri quadrati di territorio. A guardare nel dettaglio la cartina notiamo che <a class=\"moretag\" href=\"https:\/\/statiuniti.evolutiontravel.it\/infovacanze\/viaggio\/cartina-alaska\/\">[&#8230;]<\/a><\/p>\n","protected":false},"author":6,"featured_media":0,"parent":41,"menu_order":0,"comment_status":"closed","ping_status":"open","template":"templates\/template-with-right-sidebar.php","meta":{"footnotes":""},"yoast_head":"<!-- This site is optimized with the Yoast SEO plugin v21.9.1 - https:\/\/yoast.com\/wordpress\/plugins\/seo\/ -->\n<title>Cartina Alaska: il pi\u00f9 grande stato americano per le tue vacanze<\/title>\n<meta name=\"description\" content=\"Leggi il nostro articolo sulla cartina dell&#039;Alaska per conoscerne il territorio, trovi consigli utili e altre informazioni per il tuo viaggio!\" \/>\n<meta name=\"robots\" content=\"index, follow, max-snippet:-1, max-image-preview:large, max-video-preview:-1\" \/>\n<link rel=\"canonical\" href=\"https:\/\/statiuniti.evolutiontravel.it\/infovacanze\/viaggio\/cartina-alaska\/\" \/>\n<meta name=\"twitter:label1\" content=\"Tempo di lettura stimato\" \/>\n\t<meta name=\"twitter:data1\" content=\"2 minuti\" \/>\n<script type=\"application\/ld+json\" class=\"yoast-schema-graph\">{\"@context\":\"https:\/\/schema.org\",\"@graph\":[{\"@type\":\"WebPage\",\"@id\":\"https:\/\/statiuniti.evolutiontravel.it\/infovacanze\/viaggio\/cartina-alaska\/\",\"url\":\"https:\/\/statiuniti.evolutiontravel.it\/infovacanze\/viaggio\/cartina-alaska\/\",\"name\":\"Cartina Alaska: il pi\u00f9 grande stato americano per le tue vacanze\",\"isPartOf\":{\"@id\":\"https:\/\/statiuniti.evolutiontravel.it\/infovacanze\/#website\"},\"datePublished\":\"2014-05-29T14:45:38+00:00\",\"dateModified\":\"2019-04-30T13:26:27+00:00\",\"description\":\"Leggi il nostro articolo sulla cartina dell'Alaska per conoscerne il territorio, trovi consigli utili e altre informazioni per il tuo viaggio!\",\"breadcrumb\":{\"@id\":\"https:\/\/statiuniti.evolutiontravel.it\/infovacanze\/viaggio\/cartina-alaska\/#breadcrumb\"},\"inLanguage\":\"it-IT\",\"potentialAction\":[{\"@type\":\"ReadAction\",\"target\":[\"https:\/\/statiuniti.evolutiontravel.it\/infovacanze\/viaggio\/cartina-alaska\/\"]}]},{\"@type\":\"BreadcrumbList\",\"@id\":\"https:\/\/statiuniti.evolutiontravel.it\/infovacanze\/viaggio\/cartina-alaska\/#breadcrumb\",\"itemListElement\":[{\"@type\":\"ListItem\",\"position\":1,\"name\":\"Che viaggio cerchi negli Stati Uniti?\",\"item\":\"https:\/\/statiuniti.evolutiontravel.it\/infovacanze\/viaggio\/\"},{\"@type\":\"ListItem\",\"position\":2,\"name\":\"Cartina dell&#8217;Alaska\"}]},{\"@type\":\"WebSite\",\"@id\":\"https:\/\/statiuniti.evolutiontravel.it\/infovacanze\/#website\",\"url\":\"https:\/\/statiuniti.evolutiontravel.it\/infovacanze\/\",\"name\":\"Stati Uniti\",\"description\":\"\",\"potentialAction\":[{\"@type\":\"SearchAction\",\"target\":{\"@type\":\"EntryPoint\",\"urlTemplate\":\"https:\/\/statiuniti.evolutiontravel.it\/infovacanze\/?s={search_term_string}\"},\"query-input\":\"required name=search_term_string\"}],\"inLanguage\":\"it-IT\"}]}<\/script>\n<!-- \/ Yoast SEO plugin. -->","yoast_head_json":{"title":"Cartina Alaska: il pi\u00f9 grande stato americano per le tue vacanze","description":"Leggi il nostro articolo sulla cartina dell'Alaska per conoscerne il territorio, trovi consigli utili e altre informazioni per il tuo viaggio!","robots":{"index":"index","follow":"follow","max-snippet":"max-snippet:-1","max-image-preview":"max-image-preview:large","max-video-preview":"max-video-preview:-1"},"canonical":"https:\/\/statiuniti.evolutiontravel.it\/infovacanze\/viaggio\/cartina-alaska\/","twitter_misc":{"Tempo di lettura stimato":"2 minuti"},"schema":{"@context":"https:\/\/schema.org","@graph":[{"@type":"WebPage","@id":"https:\/\/statiuniti.evolutiontravel.it\/infovacanze\/viaggio\/cartina-alaska\/","url":"https:\/\/statiuniti.evolutiontravel.it\/infovacanze\/viaggio\/cartina-alaska\/","name":"Cartina Alaska: il pi\u00f9 grande stato americano per le tue vacanze","isPartOf":{"@id":"https:\/\/statiuniti.evolutiontravel.it\/infovacanze\/#website"},"datePublished":"2014-05-29T14:45:38+00:00","dateModified":"2019-04-30T13:26:27+00:00","description":"Leggi il nostro articolo sulla cartina dell'Alaska per conoscerne il territorio, trovi consigli utili e altre informazioni per il tuo viaggio!","breadcrumb":{"@id":"https:\/\/statiuniti.evolutiontravel.it\/infovacanze\/viaggio\/cartina-alaska\/#breadcrumb"},"inLanguage":"it-IT","potentialAction":[{"@type":"ReadAction","target":["https:\/\/statiuniti.evolutiontravel.it\/infovacanze\/viaggio\/cartina-alaska\/"]}]},{"@type":"BreadcrumbList","@id":"https:\/\/statiuniti.evolutiontravel.it\/infovacanze\/viaggio\/cartina-alaska\/#breadcrumb","itemListElement":[{"@type":"ListItem","position":1,"name":"Che viaggio cerchi negli Stati Uniti?","item":"https:\/\/statiuniti.evolutiontravel.it\/infovacanze\/viaggio\/"},{"@type":"ListItem","position":2,"name":"Cartina dell&#8217;Alaska"}]},{"@type":"WebSite","@id":"https:\/\/statiuniti.evolutiontravel.it\/infovacanze\/#website","url":"https:\/\/statiuniti.evolutiontravel.it\/infovacanze\/","name":"Stati Uniti","description":"","potentialAction":[{"@type":"SearchAction","target":{"@type":"EntryPoint","urlTemplate":"https:\/\/statiuniti.evolutiontravel.it\/infovacanze\/?s={search_term_string}"},"query-input":"required name=search_term_string"}],"inLanguage":"it-IT"}]}},"_links":{"self":[{"href":"https:\/\/statiuniti.evolutiontravel.it\/infovacanze\/wp-json\/wp\/v2\/pages\/769"}],"collection":[{"href":"https:\/\/statiuniti.evolutiontravel.it\/infovacanze\/wp-json\/wp\/v2\/pages"}],"about":[{"href":"https:\/\/statiuniti.evolutiontravel.it\/infovacanze\/wp-json\/wp\/v2\/types\/page"}],"author":[{"embeddable":true,"href":"https:\/\/statiuniti.evolutiontravel.it\/infovacanze\/wp-json\/wp\/v2\/users\/6"}],"replies":[{"embeddable":true,"href":"https:\/\/statiuniti.evolutiontravel.it\/infovacanze\/wp-json\/wp\/v2\/comments?post=769"}],"version-history":[{"count":19,"href":"https:\/\/statiuniti.evolutiontravel.it\/infovacanze\/wp-json\/wp\/v2\/pages\/769\/revisions"}],"predecessor-version":[{"id":2036,"href":"https:\/\/statiuniti.evolutiontravel.it\/infovacanze\/wp-json\/wp\/v2\/pages\/769\/revisions\/2036"}],"up":[{"embeddable":true,"href":"https:\/\/statiuniti.evolutiontravel.it\/infovacanze\/wp-json\/wp\/v2\/pages\/41"}],"wp:attachment":[{"href":"https:\/\/statiuniti.evolutiontravel.it\/infovacanze\/wp-json\/wp\/v2\/media?parent=769"}],"curies":[{"name":"wp","href":"https:\/\/api.w.org\/{rel}","templated":true}]}}