{"id":361,"date":"2013-08-22T18:48:50","date_gmt":"2013-08-22T16:48:50","guid":{"rendered":"http:\/\/statiuniti.evolutiontravel.it\/infovacanze\/?page_id=361"},"modified":"2019-05-20T10:49:53","modified_gmt":"2019-05-20T08:49:53","slug":"louisiana","status":"publish","type":"page","link":"https:\/\/statiuniti.evolutiontravel.it\/infovacanze\/destinazioni\/louisiana\/","title":{"rendered":"Louisiana"},"content":{"rendered":"<p>Sono davvero tante<strong> le cose da vedere in Louisiana<\/strong>: sar\u00e0 una vacanza piena di emozioni!<\/p>\n<p>E infatti la Louisina \u00e8 una delle <strong>destinazioni turistiche pi\u00f9 gettonate<\/strong> da chi visita gli Stati Uniti proprio per le sue molte attrazioni.<\/p>\n<p>Oltre a <strong>Baton Rouge, la capitale<\/strong>, le <strong>citt\u00e0 da non perdere <\/strong>sono sicuramente:<\/p>\n<ul>\n<li>Alexandira<\/li>\n<li>Crowley<\/li>\n<li>Houma<\/li>\n<li>Lafayette<\/li>\n<li>Lake Charles<\/li>\n<li>Mandeville<\/li>\n<li>Monroe<\/li>\n<li>Natchitoches<\/li>\n<li>New Iberia<\/li>\n<li>New Orleans<\/li>\n<li>New Roads<\/li>\n<li>Vacherie<\/li>\n<li>Vidalia\/Ferriday.<\/li>\n<\/ul>\n<p>Queste sono le <strong>destinazioni pi\u00f9 famose della Louisiana<\/strong>, cos\u00ec infatti vengono definite sul sito <strong>web ufficiale del turismo dello Stato<\/strong> (<a href=\"https:\/\/www.louisianatravel.com\/\" target=\"_blank\" rel=\"noopener\">Louisianatravel.com<\/a>)<\/p>\n<p>In questo stato americano che si affaccia sul golfo del Messico, troverete di tutto insomma: <strong>parchi naturali<\/strong>, <strong>parchi divertimento<\/strong>, <strong>siti storici e musei<\/strong>. C&#8217;\u00e8 l&#8217;imbarazzo della scelta!<\/p>\n<div id=\"attachment_1278\" style=\"width: 310px\" class=\"wp-caption alignright\"><img loading=\"lazy\" decoding=\"async\" aria-describedby=\"caption-attachment-1278\" class=\"wp-image-1278 size-medium\" src=\"http:\/\/statiuniti.evolutiontravel.it\/infovacanze\/wp-content\/uploads\/sites\/17\/2013\/08\/louisiana-cose-da-vedere-300x279.jpg\" alt=\"Louisiana\" width=\"300\" height=\"279\" srcset=\"https:\/\/statiuniti.evolutiontravel.it\/infovacanze\/wp-content\/uploads\/sites\/17\/2013\/08\/louisiana-cose-da-vedere-300x279.jpg 300w, https:\/\/statiuniti.evolutiontravel.it\/infovacanze\/wp-content\/uploads\/sites\/17\/2013\/08\/louisiana-cose-da-vedere.jpg 500w\" sizes=\"(max-width: 300px) 100vw, 300px\" \/><p id=\"caption-attachment-1278\" class=\"wp-caption-text\"><strong>Mappa interattiva<\/strong> delle cose da vedere in Louisiana, disponbile a questa pagina web <strong>www.crt.state.la.us\/louisiana-state-parks\/maps\/index <\/strong><\/p><\/div>\n<p><strong>Il consiglio<\/strong> per una vacanza qui \u00e8 di <strong>scegliere la zona<\/strong> da visitare e <strong>il tipo di viaggio<\/strong>.<\/p>\n<p>Considerate che le <strong>regioni (Aree)<\/strong> nella quale \u00e8 <strong>suddivisa la Louisiana<\/strong> sono: Alexandria Baton Rouge Area, French Quarter Area, Greater River Road, Houma Thibodaux Grand Isle Area, Lafayette Area, Lake Charles Area, Monroe Ruston Area, Natchitoches Winnfield Area, New Ideria Morgan City Area, New Orleans Area, Northshore Area, Shreveport Bossier City Area, Toledo Bend Lake Country Area.<\/p>\n<p>Sul sito web del turismo della Lousiana indicato prima trovate una <strong>mappa interattiva<\/strong> per scegliere la tipologia di attrazione scegliendo, appunto, tra parchi o siti storici.<\/p>\n<p>Insomma, per iniziare a programmare il viaggio in questo stato americano sar\u00e0 bene avere le idee chiare sul <strong>tipo di vacanza che volete fare.\u00a0<\/strong><\/p>\n<p>Ecco qui qualche suggerimento utile:<\/p>\n<ul>\n<li><a title=\"stati uniti fly drive\" href=\"https:\/\/statiuniti.evolutiontravel.it\/infovacanze\/viaggio\/fly-drive\/\"><strong>Fly and Drive<\/strong><\/a>: per vivere l&#8217;esperienza di una vacanza americana in totale libert\u00e0;<\/li>\n<li><a title=\"camper stati uniti\" href=\"https:\/\/statiuniti.evolutiontravel.it\/infovacanze\/viaggio\/in-camper\/\"><strong>Noleggio camper<\/strong><\/a>: e vi fermate a dormire dove volete;<\/li>\n<li><a title=\"stati uniti viaggi organizzati\" href=\"https:\/\/statiuniti.evolutiontravel.it\/infovacanze\/viaggio\/organizzati\/\"><strong>viaggio organizzato<\/strong><\/a>: pensieri zeo, pensiamo a tutti noi!<\/li>\n<\/ul>\n<p>&nbsp;<\/p>\n<p>&nbsp;<\/p>\n<h3 style=\"text-align: center\">OFFERTE VIAGGI E VACANZE NEGLI USA con Evolution Travel<\/h3>\n<p style=\"text-align: center\"><strong><span style=\"color: #008000\">CLICCA E SCOPRI TUTTI I DETTAGLI DEI NOSTRI VIAGGI:<\/span><\/strong><\/p>\n<p style=\"text-align: center\"><strong>programma, foto, commenti, recensioni, servizi e itinerari!<\/strong><\/p>\n<div class=\"feedzy-38f94792682c461777de34e073d8d999 feedzy-rss\">\n\t\t<ul class=\"feedzy-style2\">\n\t\t\t\t\t<li  style=\"padding: 23px 0 38px\" class=\"rss_item feedzy-rss-col-3\" >\n\t\t\t\t\t\t\t\t\t<div class=\"rss_image\" style=\"width:225px; height:225px;\">\n\t\t\t\t\t\t<a href=\"https:\/\/statiuniti.evolutiontravel.it\/it_IT\/906\/tab\/36237_dal-lago-michigan-alla-grande-mela-self-drive.html\" target=\"_blank\" \n\t\t\t\t\t\t\trel=\"noopener \"\n\t\t\t\t\t\t\ttitle=\"Dal Lago Michigan alla Grande Mela - Self drive\"\n\t\t\t\t\t\t\tstyle=\"width:225px; height:225px;\">\n\t\t\t\t\t\t\t<span class=\"fetched\" style=\"background-image:  url('http:\/\/etcdn.net\/thumbnails\/36237\/it-chicago-dal-lago-michigan-alla-grande-mela-tour-di-gruppo-635ff.jpg');\" title=\"Dal Lago Michigan alla Grande Mela - Self drive\"><\/span><amp-img width=\"225\" height=\"225\" src=\"http:\/\/etcdn.net\/thumbnails\/36237\/it-chicago-dal-lago-michigan-alla-grande-mela-tour-di-gruppo-635ff.jpg\">\t\t\t\t\t\t<\/a>\n\t\t\t\t\t<\/div>\n\t\t\t\t\t\t\t\t<div class=\"rss_content_wrap\">\n\t\t\t\t\t<span class=\"title\">\n\t\t\t\t\t\t<a href=\"https:\/\/statiuniti.evolutiontravel.it\/it_IT\/906\/tab\/36237_dal-lago-michigan-alla-grande-mela-self-drive.html\" target=\"_blank\"  rel=\"noopener \">\n\t\t\t\t\t\t\tDal Lago Michigan alla Grande Mela - Self drive\t\t\t\t\t\t<\/a>\n\t\t\t\t\t<\/span>\n\t\t\t\t\t<div class=\"rss_content\"\n\t\t\t\t\t\t\tstyle=\"\">\n\t\t\t\t\t\t\n\t\t\t\t\t\t\t\t\t\t\t\t<p class=\"description\">Lo splendore delle citt\u00e0 pi\u00f9 belle ed importanti dell'Est con la meraviglia di bellezze naturali uniche al mondo.<\/p>\n\t\t\t\t\t\t\n\t\t\t\t\t\t\t\t\t\t\t\t\t\t\t\t\t\t\t<div class=\"price-wrap\">\n\t\t\t\t\t\t\t\t<a href=\"https:\/\/statiuniti.evolutiontravel.it\/it_IT\/906\/tab\/36237_dal-lago-michigan-alla-grande-mela-self-drive.html\" target=\"_blank\" rel=\"noopener\"><button class=\"price\"> 1200<\/button><\/a>\n\t\t\t\t\t\t\t<\/div>\n\t\t\t\t\t\t\t\t\t\t\t<\/div>\n\t\t\t\t<\/div>\n\t\t\t<\/li>\n\t\t\t\t\t\t<li  style=\"padding: 23px 0 38px\" class=\"rss_item feedzy-rss-col-3\" >\n\t\t\t\t\t\t\t\t\t<div class=\"rss_image\" style=\"width:225px; height:225px;\">\n\t\t\t\t\t\t<a href=\"https:\/\/statiuniti.evolutiontravel.it\/it_IT\/906\/tab\/36282_sin-city-e-scenari-dellovest-tour-di-gruppo.html\" target=\"_blank\" \n\t\t\t\t\t\t\trel=\"noopener \"\n\t\t\t\t\t\t\ttitle=\"Sin City e scenari dell&#039;Ovest - Tour di gruppo\"\n\t\t\t\t\t\t\tstyle=\"width:225px; height:225px;\">\n\t\t\t\t\t\t\t<span class=\"fetched\" style=\"background-image:  url('http:\/\/etcdn.net\/thumbnails\/35185\/it-las-vegas-avventura-nei-parchi-dellovest-da-las-vegas-a-san-francisco-52c32.jpg');\" title=\"Sin City e scenari dell&#039;Ovest - Tour di gruppo\"><\/span><amp-img width=\"225\" height=\"225\" src=\"http:\/\/etcdn.net\/thumbnails\/35185\/it-las-vegas-avventura-nei-parchi-dellovest-da-las-vegas-a-san-francisco-52c32.jpg\">\t\t\t\t\t\t<\/a>\n\t\t\t\t\t<\/div>\n\t\t\t\t\t\t\t\t<div class=\"rss_content_wrap\">\n\t\t\t\t\t<span class=\"title\">\n\t\t\t\t\t\t<a href=\"https:\/\/statiuniti.evolutiontravel.it\/it_IT\/906\/tab\/36282_sin-city-e-scenari-dellovest-tour-di-gruppo.html\" target=\"_blank\"  rel=\"noopener \">\n\t\t\t\t\t\t\tSin City e scenari dell'Ovest - Tour di gruppo\t\t\t\t\t\t<\/a>\n\t\t\t\t\t<\/span>\n\t\t\t\t\t<div class=\"rss_content\"\n\t\t\t\t\t\t\tstyle=\"\">\n\t\t\t\t\t\t\n\t\t\t\t\t\t\t\t\t\t\t\t<p class=\"description\">Programma originale ed esclusivo per viaggiatori con poco tempo<\/p>\n\t\t\t\t\t\t\n\t\t\t\t\t\t\t\t\t\t\t\t\t\t\t\t\t\t\t<div class=\"price-wrap\">\n\t\t\t\t\t\t\t\t<a href=\"https:\/\/statiuniti.evolutiontravel.it\/it_IT\/906\/tab\/36282_sin-city-e-scenari-dellovest-tour-di-gruppo.html\" target=\"_blank\" rel=\"noopener\"><button class=\"price\"> 1061<\/button><\/a>\n\t\t\t\t\t\t\t<\/div>\n\t\t\t\t\t\t\t\t\t\t\t<\/div>\n\t\t\t\t<\/div>\n\t\t\t<\/li>\n\t\t\t\t\t\t<li  style=\"padding: 23px 0 38px\" class=\"rss_item feedzy-rss-col-3\" >\n\t\t\t\t\t\t\t\t\t<div class=\"rss_image\" style=\"width:225px; height:225px;\">\n\t\t\t\t\t\t<a href=\"https:\/\/statiuniti.evolutiontravel.it\/it_IT\/906\/tab\/9877_pacchetto-dellovest-tour-di-gruppo-in-italiano.html\" target=\"_blank\" \n\t\t\t\t\t\t\trel=\"noopener \"\n\t\t\t\t\t\t\ttitle=\"Pacchetto dell&#039;Ovest - Tour di gruppo in italiano\"\n\t\t\t\t\t\t\tstyle=\"width:225px; height:225px;\">\n\t\t\t\t\t\t\t<span class=\"fetched\" style=\"background-image:  url('http:\/\/etcdn.net\/thumbnails\/9877\/it-los-angeles-tour-di-gruppo-pacchetto-dellovest-51a70.jpg');\" title=\"Pacchetto dell&#039;Ovest - Tour di gruppo in italiano\"><\/span><amp-img width=\"225\" height=\"225\" src=\"http:\/\/etcdn.net\/thumbnails\/9877\/it-los-angeles-tour-di-gruppo-pacchetto-dellovest-51a70.jpg\">\t\t\t\t\t\t<\/a>\n\t\t\t\t\t<\/div>\n\t\t\t\t\t\t\t\t<div class=\"rss_content_wrap\">\n\t\t\t\t\t<span class=\"title\">\n\t\t\t\t\t\t<a href=\"https:\/\/statiuniti.evolutiontravel.it\/it_IT\/906\/tab\/9877_pacchetto-dellovest-tour-di-gruppo-in-italiano.html\" target=\"_blank\"  rel=\"noopener \">\n\t\t\t\t\t\t\tPacchetto dell'Ovest - Tour di gruppo in italiano\t\t\t\t\t\t<\/a>\n\t\t\t\t\t<\/span>\n\t\t\t\t\t<div class=\"rss_content\"\n\t\t\t\t\t\t\tstyle=\"\">\n\t\t\t\t\t\t\n\t\t\t\t\t\t\t\t\t\t\t\t<p class=\"description\">Tour di Gruppo 13 giorni\/12 notti: un tour completo dove vi sentirete totalmente coccolati mentre andate alla scoperta del mitico [&hellip;]<\/p>\n\t\t\t\t\t\t\n\t\t\t\t\t\t\t\t\t\t\t\t\t\t\t\t\t\t\t<div class=\"price-wrap\">\n\t\t\t\t\t\t\t\t<a href=\"https:\/\/statiuniti.evolutiontravel.it\/it_IT\/906\/tab\/9877_pacchetto-dellovest-tour-di-gruppo-in-italiano.html\" target=\"_blank\" rel=\"noopener\"><button class=\"price\"> 3391<\/button><\/a>\n\t\t\t\t\t\t\t<\/div>\n\t\t\t\t\t\t\t\t\t\t\t<\/div>\n\t\t\t\t<\/div>\n\t\t\t<\/li>\n\t\t\t\t\t\t<li  style=\"padding: 23px 0 38px\" class=\"rss_item feedzy-rss-col-3\" >\n\t\t\t\t\t\t\t\t\t<div class=\"rss_image\" style=\"width:225px; height:225px;\">\n\t\t\t\t\t\t<a href=\"https:\/\/statiuniti.evolutiontravel.it\/it_IT\/906\/tab\/25997_vieni-a-festeggiare-svalentino-nella-grande-mela.html\" target=\"_blank\" \n\t\t\t\t\t\t\trel=\"noopener \"\n\t\t\t\t\t\t\ttitle=\"Vieni a festeggiare S.Valentino nella Grande Mela\"\n\t\t\t\t\t\t\tstyle=\"width:225px; height:225px;\">\n\t\t\t\t\t\t\t<span class=\"fetched\" style=\"background-image:  url('http:\/\/etcdn.net\/thumbnails\/25997\/it-new-york-regala-una-vacanza-per-san-valentino-62b88.jpg');\" title=\"Vieni a festeggiare S.Valentino nella Grande Mela\"><\/span><amp-img width=\"225\" height=\"225\" src=\"http:\/\/etcdn.net\/thumbnails\/25997\/it-new-york-regala-una-vacanza-per-san-valentino-62b88.jpg\">\t\t\t\t\t\t<\/a>\n\t\t\t\t\t<\/div>\n\t\t\t\t\t\t\t\t<div class=\"rss_content_wrap\">\n\t\t\t\t\t<span class=\"title\">\n\t\t\t\t\t\t<a href=\"https:\/\/statiuniti.evolutiontravel.it\/it_IT\/906\/tab\/25997_vieni-a-festeggiare-svalentino-nella-grande-mela.html\" target=\"_blank\"  rel=\"noopener \">\n\t\t\t\t\t\t\tVieni a festeggiare S.Valentino nella Grande Mela\t\t\t\t\t\t<\/a>\n\t\t\t\t\t<\/span>\n\t\t\t\t\t<div class=\"rss_content\"\n\t\t\t\t\t\t\tstyle=\"\">\n\t\t\t\t\t\t\n\t\t\t\t\t\t\t\t\t\t\t\t<p class=\"description\">Un'esperienza unica ed irripetibile nella citt\u00e0 che non dorme mai.<\/p>\n\t\t\t\t\t\t\n\t\t\t\t\t\t\t\t\t\t\t\t\t\t\t\t\t\t\t<div class=\"price-wrap\">\n\t\t\t\t\t\t\t\t<a href=\"https:\/\/statiuniti.evolutiontravel.it\/it_IT\/906\/tab\/25997_vieni-a-festeggiare-svalentino-nella-grande-mela.html\" target=\"_blank\" rel=\"noopener\"><button class=\"price\"> 395<\/button><\/a>\n\t\t\t\t\t\t\t<\/div>\n\t\t\t\t\t\t\t\t\t\t\t<\/div>\n\t\t\t\t<\/div>\n\t\t\t<\/li>\n\t\t\t\t\t\t<li  style=\"padding: 23px 0 38px\" class=\"rss_item feedzy-rss-col-3\" >\n\t\t\t\t\t\t\t\t\t<div class=\"rss_image\" style=\"width:225px; height:225px;\">\n\t\t\t\t\t\t<a href=\"https:\/\/statiuniti.evolutiontravel.it\/it_IT\/906\/tab\/41438_self-drive-west-coast.html\" target=\"_blank\" \n\t\t\t\t\t\t\trel=\"noopener \"\n\t\t\t\t\t\t\ttitle=\"Self Drive West Coast\"\n\t\t\t\t\t\t\tstyle=\"width:225px; height:225px;\">\n\t\t\t\t\t\t\t<span class=\"fetched\" style=\"background-image:  url('http:\/\/etcdn.net\/thumbnails\/9626\/it-san-francisco-southwestern-panoramas-tour-di-gruppo-51c5a.jpg');\" title=\"Self Drive West Coast\"><\/span><amp-img width=\"225\" height=\"225\" src=\"http:\/\/etcdn.net\/thumbnails\/9626\/it-san-francisco-southwestern-panoramas-tour-di-gruppo-51c5a.jpg\">\t\t\t\t\t\t<\/a>\n\t\t\t\t\t<\/div>\n\t\t\t\t\t\t\t\t<div class=\"rss_content_wrap\">\n\t\t\t\t\t<span class=\"title\">\n\t\t\t\t\t\t<a href=\"https:\/\/statiuniti.evolutiontravel.it\/it_IT\/906\/tab\/41438_self-drive-west-coast.html\" target=\"_blank\"  rel=\"noopener \">\n\t\t\t\t\t\t\tSelf Drive West Coast\t\t\t\t\t\t<\/a>\n\t\t\t\t\t<\/span>\n\t\t\t\t\t<div class=\"rss_content\"\n\t\t\t\t\t\t\tstyle=\"\">\n\t\t\t\t\t\t\n\t\t\t\t\t\t\t\t\t\t\t\t<p class=\"description\">Un suggestivo itinerario di 15 giorni attraverso il West da San Francisco a Los Angeles<\/p>\n\t\t\t\t\t\t\n\t\t\t\t\t\t\t\t\t\t\t\t\t\t\t\t\t\t\t<div class=\"price-wrap\">\n\t\t\t\t\t\t\t\t<a href=\"https:\/\/statiuniti.evolutiontravel.it\/it_IT\/906\/tab\/41438_self-drive-west-coast.html\" target=\"_blank\" rel=\"noopener\"><button class=\"price\"> 1750<\/button><\/a>\n\t\t\t\t\t\t\t<\/div>\n\t\t\t\t\t\t\t\t\t\t\t<\/div>\n\t\t\t\t<\/div>\n\t\t\t<\/li>\n\t\t\t\t\t\t<li  style=\"padding: 23px 0 38px\" class=\"rss_item feedzy-rss-col-3\" >\n\t\t\t\t\t\t\t\t\t<div class=\"rss_image\" style=\"width:225px; height:225px;\">\n\t\t\t\t\t\t<a href=\"https:\/\/statiuniti.evolutiontravel.it\/it_IT\/906\/tab\/41424_golden-west-tour-di-gruppo-da-los-angeles-a-san-francisco-con-accompagnatore-dallitalia-piccolo.html\" target=\"_blank\" \n\t\t\t\t\t\t\trel=\"noopener \"\n\t\t\t\t\t\t\ttitle=\"Golden West - Tour di gruppo da Los Angeles a San Francisco con accompagnatore dall&#039;Italia, piccolo\"\n\t\t\t\t\t\t\tstyle=\"width:225px; height:225px;\">\n\t\t\t\t\t\t\t<span class=\"fetched\" style=\"background-image:  url('http:\/\/etcdn.net\/thumbnails\/32117\/it-los-angeles-forever-west-tour-di-gruppo-51a40.jpg');\" title=\"Golden West - Tour di gruppo da Los Angeles a San Francisco con accompagnatore dall&#039;Italia, piccolo\"><\/span><amp-img width=\"225\" height=\"225\" src=\"http:\/\/etcdn.net\/thumbnails\/32117\/it-los-angeles-forever-west-tour-di-gruppo-51a40.jpg\">\t\t\t\t\t\t<\/a>\n\t\t\t\t\t<\/div>\n\t\t\t\t\t\t\t\t<div class=\"rss_content_wrap\">\n\t\t\t\t\t<span class=\"title\">\n\t\t\t\t\t\t<a href=\"https:\/\/statiuniti.evolutiontravel.it\/it_IT\/906\/tab\/41424_golden-west-tour-di-gruppo-da-los-angeles-a-san-francisco-con-accompagnatore-dallitalia-piccolo.html\" target=\"_blank\"  rel=\"noopener \">\n\t\t\t\t\t\t\tGolden West - Tour di gruppo da Los Angeles a San Francisco con accompagnatore dall'Italia, piccolo\t\t\t\t\t\t<\/a>\n\t\t\t\t\t<\/span>\n\t\t\t\t\t<div class=\"rss_content\"\n\t\t\t\t\t\t\tstyle=\"\">\n\t\t\t\t\t\t\n\t\t\t\t\t\t\t\t\t\t\t\t<p class=\"description\">Un suggestivo itinerario di 14 giorni attraverso la magia del West Americano con tour in date garantite!<\/p>\n\t\t\t\t\t\t\n\t\t\t\t\t\t\t\t\t\t\t\t\t\t\t\t\t\t\t<div class=\"price-wrap\">\n\t\t\t\t\t\t\t\t<a href=\"https:\/\/statiuniti.evolutiontravel.it\/it_IT\/906\/tab\/41424_golden-west-tour-di-gruppo-da-los-angeles-a-san-francisco-con-accompagnatore-dallitalia-piccolo.html\" target=\"_blank\" rel=\"noopener\"><button class=\"price\"> 4199<\/button><\/a>\n\t\t\t\t\t\t\t<\/div>\n\t\t\t\t\t\t\t\t\t\t\t<\/div>\n\t\t\t\t<\/div>\n\t\t\t<\/li>\n\t\t\t\t<\/ul>\n<\/div>\n<style type=\"text\/css\" media=\"all\">.feedzy-rss .rss_item .rss_image{float:left;position:relative;border:none;text-decoration:none;max-width:100%}.feedzy-rss .rss_item .rss_image span{display:inline-block;position:absolute;width:100%;height:100%;background-position:50%;background-size:cover}.feedzy-rss .rss_item .rss_image{margin:.3em 1em 0 0;content-visibility:auto}.feedzy-rss ul{list-style:none}.feedzy-rss ul li{display:inline-block}<\/style>\n","protected":false},"excerpt":{"rendered":"<p>Sono davvero tante le cose da vedere in Louisiana: sar\u00e0 una vacanza piena di emozioni! E infatti la Louisina \u00e8 una delle destinazioni turistiche pi\u00f9 gettonate da chi visita gli Stati Uniti proprio per le sue molte attrazioni. Oltre a Baton Rouge, la capitale, le citt\u00e0 da non perdere sono sicuramente: Alexandira Crowley Houma Lafayette <a class=\"moretag\" href=\"https:\/\/statiuniti.evolutiontravel.it\/infovacanze\/destinazioni\/louisiana\/\">[&#8230;]<\/a><\/p>\n","protected":false},"author":6,"featured_media":0,"parent":185,"menu_order":0,"comment_status":"closed","ping_status":"open","template":"templates\/template-with-right-sidebar.php","meta":{"footnotes":""},"yoast_head":"<!-- This site is optimized with the Yoast SEO plugin v21.9.1 - https:\/\/yoast.com\/wordpress\/plugins\/seo\/ -->\n<title>Cosa vedere in Louisiana, turismo e vacanze tra citt\u00e0 e attrazioni - USA<\/title>\n<meta name=\"description\" content=\"Scopri con noi la Louisiana, le pi\u00f9 famose citt\u00e0 e parti grazie alle nostre offerte per gli Stati Uniti senza spendere una fortuna! Clicca e scopri tutto!\" \/>\n<meta name=\"robots\" content=\"index, follow, max-snippet:-1, max-image-preview:large, max-video-preview:-1\" \/>\n<link rel=\"canonical\" href=\"https:\/\/statiuniti.evolutiontravel.it\/infovacanze\/destinazioni\/louisiana\/\" \/>\n<meta name=\"twitter:label1\" content=\"Tempo di lettura stimato\" \/>\n\t<meta name=\"twitter:data1\" content=\"2 minuti\" \/>\n<script type=\"application\/ld+json\" class=\"yoast-schema-graph\">{\"@context\":\"https:\/\/schema.org\",\"@graph\":[{\"@type\":\"WebPage\",\"@id\":\"https:\/\/statiuniti.evolutiontravel.it\/infovacanze\/destinazioni\/louisiana\/\",\"url\":\"https:\/\/statiuniti.evolutiontravel.it\/infovacanze\/destinazioni\/louisiana\/\",\"name\":\"Cosa vedere in Louisiana, turismo e vacanze tra citt\u00e0 e attrazioni - USA\",\"isPartOf\":{\"@id\":\"https:\/\/statiuniti.evolutiontravel.it\/infovacanze\/#website\"},\"datePublished\":\"2013-08-22T16:48:50+00:00\",\"dateModified\":\"2019-05-20T08:49:53+00:00\",\"description\":\"Scopri con noi la Louisiana, le pi\u00f9 famose citt\u00e0 e parti grazie alle nostre offerte per gli Stati Uniti senza spendere una fortuna! Clicca e scopri tutto!\",\"breadcrumb\":{\"@id\":\"https:\/\/statiuniti.evolutiontravel.it\/infovacanze\/destinazioni\/louisiana\/#breadcrumb\"},\"inLanguage\":\"it-IT\",\"potentialAction\":[{\"@type\":\"ReadAction\",\"target\":[\"https:\/\/statiuniti.evolutiontravel.it\/infovacanze\/destinazioni\/louisiana\/\"]}]},{\"@type\":\"BreadcrumbList\",\"@id\":\"https:\/\/statiuniti.evolutiontravel.it\/infovacanze\/destinazioni\/louisiana\/#breadcrumb\",\"itemListElement\":[{\"@type\":\"ListItem\",\"position\":1,\"name\":\"Destinazioni americane da visitare\",\"item\":\"https:\/\/statiuniti.evolutiontravel.it\/infovacanze\/destinazioni\/\"},{\"@type\":\"ListItem\",\"position\":2,\"name\":\"Louisiana\"}]},{\"@type\":\"WebSite\",\"@id\":\"https:\/\/statiuniti.evolutiontravel.it\/infovacanze\/#website\",\"url\":\"https:\/\/statiuniti.evolutiontravel.it\/infovacanze\/\",\"name\":\"Stati Uniti\",\"description\":\"\",\"potentialAction\":[{\"@type\":\"SearchAction\",\"target\":{\"@type\":\"EntryPoint\",\"urlTemplate\":\"https:\/\/statiuniti.evolutiontravel.it\/infovacanze\/?s={search_term_string}\"},\"query-input\":\"required name=search_term_string\"}],\"inLanguage\":\"it-IT\"}]}<\/script>\n<!-- \/ Yoast SEO plugin. -->","yoast_head_json":{"title":"Cosa vedere in Louisiana, turismo e vacanze tra citt\u00e0 e attrazioni - USA","description":"Scopri con noi la Louisiana, le pi\u00f9 famose citt\u00e0 e parti grazie alle nostre offerte per gli Stati Uniti senza spendere una fortuna! Clicca e scopri tutto!","robots":{"index":"index","follow":"follow","max-snippet":"max-snippet:-1","max-image-preview":"max-image-preview:large","max-video-preview":"max-video-preview:-1"},"canonical":"https:\/\/statiuniti.evolutiontravel.it\/infovacanze\/destinazioni\/louisiana\/","twitter_misc":{"Tempo di lettura stimato":"2 minuti"},"schema":{"@context":"https:\/\/schema.org","@graph":[{"@type":"WebPage","@id":"https:\/\/statiuniti.evolutiontravel.it\/infovacanze\/destinazioni\/louisiana\/","url":"https:\/\/statiuniti.evolutiontravel.it\/infovacanze\/destinazioni\/louisiana\/","name":"Cosa vedere in Louisiana, turismo e vacanze tra citt\u00e0 e attrazioni - USA","isPartOf":{"@id":"https:\/\/statiuniti.evolutiontravel.it\/infovacanze\/#website"},"datePublished":"2013-08-22T16:48:50+00:00","dateModified":"2019-05-20T08:49:53+00:00","description":"Scopri con noi la Louisiana, le pi\u00f9 famose citt\u00e0 e parti grazie alle nostre offerte per gli Stati Uniti senza spendere una fortuna! Clicca e scopri tutto!","breadcrumb":{"@id":"https:\/\/statiuniti.evolutiontravel.it\/infovacanze\/destinazioni\/louisiana\/#breadcrumb"},"inLanguage":"it-IT","potentialAction":[{"@type":"ReadAction","target":["https:\/\/statiuniti.evolutiontravel.it\/infovacanze\/destinazioni\/louisiana\/"]}]},{"@type":"BreadcrumbList","@id":"https:\/\/statiuniti.evolutiontravel.it\/infovacanze\/destinazioni\/louisiana\/#breadcrumb","itemListElement":[{"@type":"ListItem","position":1,"name":"Destinazioni americane da visitare","item":"https:\/\/statiuniti.evolutiontravel.it\/infovacanze\/destinazioni\/"},{"@type":"ListItem","position":2,"name":"Louisiana"}]},{"@type":"WebSite","@id":"https:\/\/statiuniti.evolutiontravel.it\/infovacanze\/#website","url":"https:\/\/statiuniti.evolutiontravel.it\/infovacanze\/","name":"Stati Uniti","description":"","potentialAction":[{"@type":"SearchAction","target":{"@type":"EntryPoint","urlTemplate":"https:\/\/statiuniti.evolutiontravel.it\/infovacanze\/?s={search_term_string}"},"query-input":"required name=search_term_string"}],"inLanguage":"it-IT"}]}},"_links":{"self":[{"href":"https:\/\/statiuniti.evolutiontravel.it\/infovacanze\/wp-json\/wp\/v2\/pages\/361"}],"collection":[{"href":"https:\/\/statiuniti.evolutiontravel.it\/infovacanze\/wp-json\/wp\/v2\/pages"}],"about":[{"href":"https:\/\/statiuniti.evolutiontravel.it\/infovacanze\/wp-json\/wp\/v2\/types\/page"}],"author":[{"embeddable":true,"href":"https:\/\/statiuniti.evolutiontravel.it\/infovacanze\/wp-json\/wp\/v2\/users\/6"}],"replies":[{"embeddable":true,"href":"https:\/\/statiuniti.evolutiontravel.it\/infovacanze\/wp-json\/wp\/v2\/comments?post=361"}],"version-history":[{"count":14,"href":"https:\/\/statiuniti.evolutiontravel.it\/infovacanze\/wp-json\/wp\/v2\/pages\/361\/revisions"}],"predecessor-version":[{"id":2115,"href":"https:\/\/statiuniti.evolutiontravel.it\/infovacanze\/wp-json\/wp\/v2\/pages\/361\/revisions\/2115"}],"up":[{"embeddable":true,"href":"https:\/\/statiuniti.evolutiontravel.it\/infovacanze\/wp-json\/wp\/v2\/pages\/185"}],"wp:attachment":[{"href":"https:\/\/statiuniti.evolutiontravel.it\/infovacanze\/wp-json\/wp\/v2\/media?parent=361"}],"curies":[{"name":"wp","href":"https:\/\/api.w.org\/{rel}","templated":true}]}}