{"id":358,"date":"2013-08-22T17:47:08","date_gmt":"2013-08-22T15:47:08","guid":{"rendered":"http:\/\/statiuniti.evolutiontravel.it\/infovacanze\/?page_id=358"},"modified":"2019-05-20T11:10:07","modified_gmt":"2019-05-20T09:10:07","slug":"maine","status":"publish","type":"page","link":"https:\/\/statiuniti.evolutiontravel.it\/infovacanze\/destinazioni\/maine\/","title":{"rendered":"Maine, Stati Uniti"},"content":{"rendered":"<p>La tua <strong>vacanza nel Maine<\/strong>, Stati Uniti costa orientale, sar\u00e0 ricca di <strong>cose da vedere<\/strong>. <strong>Portland<\/strong> \u00e8 la <strong>citt\u00e0 pi\u00f9 famosa<\/strong>, anche se <strong>la capitale del Maine \u00e8 Augusta<\/strong>, lungo la statale i-95.<\/p>\n<p>Ed \u00e8 proprio <strong>la i-95 il modo pi\u00f9 comodo per raggiungere il Maine<\/strong>.<\/p>\n<p>Un&#8217;idea di viaggio \u00e8 percorrere questa strada in auto da <strong>Boston o New York<\/strong>, cos\u00ec potrete vedere anche la splendida<strong> costa nord-orientale<\/strong>. Senza contare che <a title=\"USA in auto\" href=\"https:\/\/statiuniti.evolutiontravel.it\/infovacanze\/divertirsi\/tour-usa-in-auto\/\">muoversi in auto negli USA\u00a0<\/a> pu\u00f2 essere molto <strong>pi\u00f9 conveniente<\/strong> dal punto di vista economico.<\/p>\n<p><strong>L&#8217;estate \u00e8 il periodo migliore<\/strong> per una vacanza nel Maine. <strong>Le temperature sono miti e piacevoli<\/strong>, anche se la notte l\u2019escursione termica \u00e8 notevole.<\/p>\n<p>Inoltre a<strong> inizio agosto, a Rockland, c&#8217;\u00e8 il famoso Festival dell&#8217;Aragosta <\/strong>(<a href=\"https:\/\/www.mainelobsterfestival.com\/\" target=\"_blank\" rel=\"noopener\">Maine Lobster Festival<\/a>). L&#8217;unica cosa da tenere presente \u00e8 che in questa occasione gli alberghi esauriscono presto le disponibilit\u00e0, quindi organizzatevi in anticipo.<\/p>\n<p>Comunque, a prescindere dal periodo, questo stato offre attrazioni di tutti i tipi: attrazioni naturali, deliziose cittadine, coste perfette <a href=\"https:\/\/statiuniti.evolutiontravel.it\/infovacanze\/divertirsi\/mare\/\">per fare una vacanza di mare<\/a> e un&#8217;ottima cucina a base di pesce.<\/p>\n<p>&nbsp;<\/p>\n<h2>Fari del Maine<\/h2>\n<p><strong>Tra le attrazioni pi\u00f9 famose del Maine<\/strong> ci sono i fari. Lungo le sue coste ci sono tante cittadine adornate dalle caratteristiche costruzioni edificate per orientare i naviganti.<\/p>\n<p><strong>In alcuni fari \u00e8 possibile dormire<\/strong>, mentre altri sono di propriet\u00e0 privata, anche se visitabili.<\/p>\n<p>Tra i pi\u00f9 famosi del paese e degli Stati Uniti troviamo:<\/p>\n<ul>\n<li><strong>faro di Marshall Point<\/strong>, passato alla storia anche grazie al film Forrest Gump;<\/li>\n<li><strong>faro di Bass Harbor<\/strong>, nel mezzo dell\u2019Acadia National Park;<\/li>\n<li><strong>faro di West Quoddy Head<\/strong>, a strisce bianche e rosse, nel promontorio pi\u00f9 a est degli USA;<\/li>\n<li><strong>faro di Portland Head<\/strong>, a Cape Elizabeth, vicino a Portland, il pi\u00f9 antico di tutti.<\/li>\n<\/ul>\n<p>&nbsp;<\/p>\n<h2>Parchi naturali del Maine<\/h2>\n<p>La pi\u00f9 grande ricchezza del Maine sono i suoi paesaggi.\u00a0 Vi consigliamo di percorrere parte del vostro itineraio anche nelle strade secondarie, attraverso gli <strong>stupendi boschi del paese<\/strong>.<\/p>\n<p>Si parte dallo spettacolare <a href=\"https:\/\/www.nps.gov\/acad\/index.htm\" target=\"_blank\" rel=\"noopener\"><strong>Acadia National Park<\/strong><\/a>, un paradiso roccioso su una penisola circondata dall\u2019Oceano Atlantico, che \u00e8 tra i parchi pi\u00f9 visitati degli USA.<\/p>\n<p>Si prosegue con il <a href=\"https:\/\/baxterstatepark.org\/\" target=\"_blank\" rel=\"noopener\"><strong>Baxter National Park<\/strong><\/a>, nell\u2019entroterra, che \u00e8 attraversato anche dall\u2019Appalachian Trail. E si arriva al <a href=\"https:\/\/www.fs.usda.gov\/whitemountain\/\" target=\"_blank\" rel=\"noopener\"><strong>White Mountain National Forest<\/strong><\/a>.<\/p>\n<p>Il periodo migliore per <strong>fare escursioni e passeggiate<\/strong> nei parchi del Maine \u00e8 <strong>l\u2019autunno<\/strong>, tra fine settembre e fine ottobre, quando gli alberi si colorano dei rossi, gialli e arancioni che hanno reso famosi gli scorci del paese.<\/p>\n<p>&nbsp;<\/p>\n<h2>Cosa vedere a Portland<\/h2>\n<p>Portland, citt\u00e0 natale del Maestro dell\u2019horror Stephen King, \u00e8 la citt\u00e0 pi\u00f9 visitare del Maine.<\/p>\n<p>Il nostro consiglio \u00e8 di prevedere almeno <strong>una giornata per girare tra le vie dell\u2019antico centro citt\u00e0<\/strong>, pieno di edifici risalenti al secolo XIX cos\u00ec come di grattacieli di epoca moderna.<\/p>\n<div id=\"attachment_1948\" style=\"width: 659px\" class=\"wp-caption aligncenter\"><img loading=\"lazy\" decoding=\"async\" aria-describedby=\"caption-attachment-1948\" class=\"wp-image-1948 size-full\" src=\"https:\/\/statiuniti.evolutiontravel.it\/infovacanze\/wp-content\/uploads\/sites\/17\/2019\/02\/portland.jpg\" alt=\"portland\" width=\"649\" height=\"362\" srcset=\"https:\/\/statiuniti.evolutiontravel.it\/infovacanze\/wp-content\/uploads\/sites\/17\/2019\/02\/portland.jpg 649w, https:\/\/statiuniti.evolutiontravel.it\/infovacanze\/wp-content\/uploads\/sites\/17\/2019\/02\/portland-300x167.jpg 300w\" sizes=\"(max-width: 649px) 100vw, 649px\" \/><p id=\"caption-attachment-1948\" class=\"wp-caption-text\">Portland<\/p><\/div>\n<p>Portland \u00e8 una citt\u00e0 molto viva, con negozi, bar e ristoranti. Inoltre c&#8217;\u00e8 un&#8217;ampia offerta culturale, per esemcpio il <a href=\"https:\/\/www.portlandmuseum.org\/\" target=\"_blank\" rel=\"noopener\"><strong>Portland Museum of Art<\/strong><\/a>, che ospita al suo interno alcuni tra i pi\u00f9 importanti artisti di tutti i tempi, da Monet a Warhol.<\/p>\n<p>&nbsp;<\/p>\n<h3 style=\"text-align: center\">Offerte viaggi e vacanze negli Stati Uniti<\/h3>\n<p style=\"text-align: center\"><span style=\"color: #008000\"><strong>CLICCA, SCOPRI E PARTI!<\/strong><\/span><\/p>\n<p style=\"text-align: center\"><strong>Non perdere queste occasioni e parti per la tua vacanza negli Stati Uniti!<\/strong><\/p>\n<div class=\"feedzy-38f94792682c461777de34e073d8d999 feedzy-rss\">\n\t\t<ul class=\"feedzy-style2\">\n\t\t\t\t\t<li  style=\"padding: 23px 0 38px\" class=\"rss_item feedzy-rss-col-3\" >\n\t\t\t\t\t\t\t\t\t<div class=\"rss_image\" style=\"width:225px; height:225px;\">\n\t\t\t\t\t\t<a href=\"https:\/\/statiuniti.evolutiontravel.it\/it_IT\/906\/tab\/36237_dal-lago-michigan-alla-grande-mela-self-drive.html\" target=\"_blank\" \n\t\t\t\t\t\t\trel=\"noopener \"\n\t\t\t\t\t\t\ttitle=\"Dal Lago Michigan alla Grande Mela - Self drive\"\n\t\t\t\t\t\t\tstyle=\"width:225px; height:225px;\">\n\t\t\t\t\t\t\t<span class=\"fetched\" style=\"background-image:  url('http:\/\/etcdn.net\/thumbnails\/36237\/it-chicago-dal-lago-michigan-alla-grande-mela-tour-di-gruppo-635ff.jpg');\" title=\"Dal Lago Michigan alla Grande Mela - Self drive\"><\/span><amp-img width=\"225\" height=\"225\" src=\"http:\/\/etcdn.net\/thumbnails\/36237\/it-chicago-dal-lago-michigan-alla-grande-mela-tour-di-gruppo-635ff.jpg\">\t\t\t\t\t\t<\/a>\n\t\t\t\t\t<\/div>\n\t\t\t\t\t\t\t\t<div class=\"rss_content_wrap\">\n\t\t\t\t\t<span class=\"title\">\n\t\t\t\t\t\t<a href=\"https:\/\/statiuniti.evolutiontravel.it\/it_IT\/906\/tab\/36237_dal-lago-michigan-alla-grande-mela-self-drive.html\" target=\"_blank\"  rel=\"noopener \">\n\t\t\t\t\t\t\tDal Lago Michigan alla Grande Mela - Self drive\t\t\t\t\t\t<\/a>\n\t\t\t\t\t<\/span>\n\t\t\t\t\t<div class=\"rss_content\"\n\t\t\t\t\t\t\tstyle=\"\">\n\t\t\t\t\t\t\n\t\t\t\t\t\t\t\t\t\t\t\t<p class=\"description\">Lo splendore delle citt\u00e0 pi\u00f9 belle ed importanti dell'Est con la meraviglia di bellezze naturali uniche al mondo.<\/p>\n\t\t\t\t\t\t\n\t\t\t\t\t\t\t\t\t\t\t\t\t\t\t\t\t\t\t<div class=\"price-wrap\">\n\t\t\t\t\t\t\t\t<a href=\"https:\/\/statiuniti.evolutiontravel.it\/it_IT\/906\/tab\/36237_dal-lago-michigan-alla-grande-mela-self-drive.html\" target=\"_blank\" rel=\"noopener\"><button class=\"price\"> 1200<\/button><\/a>\n\t\t\t\t\t\t\t<\/div>\n\t\t\t\t\t\t\t\t\t\t\t<\/div>\n\t\t\t\t<\/div>\n\t\t\t<\/li>\n\t\t\t\t\t\t<li  style=\"padding: 23px 0 38px\" class=\"rss_item feedzy-rss-col-3\" >\n\t\t\t\t\t\t\t\t\t<div class=\"rss_image\" style=\"width:225px; height:225px;\">\n\t\t\t\t\t\t<a href=\"https:\/\/statiuniti.evolutiontravel.it\/it_IT\/906\/tab\/36282_sin-city-e-scenari-dellovest-tour-di-gruppo.html\" target=\"_blank\" \n\t\t\t\t\t\t\trel=\"noopener \"\n\t\t\t\t\t\t\ttitle=\"Sin City e scenari dell&#039;Ovest - Tour di gruppo\"\n\t\t\t\t\t\t\tstyle=\"width:225px; height:225px;\">\n\t\t\t\t\t\t\t<span class=\"fetched\" style=\"background-image:  url('http:\/\/etcdn.net\/thumbnails\/35185\/it-las-vegas-avventura-nei-parchi-dellovest-da-las-vegas-a-san-francisco-52c32.jpg');\" title=\"Sin City e scenari dell&#039;Ovest - Tour di gruppo\"><\/span><amp-img width=\"225\" height=\"225\" src=\"http:\/\/etcdn.net\/thumbnails\/35185\/it-las-vegas-avventura-nei-parchi-dellovest-da-las-vegas-a-san-francisco-52c32.jpg\">\t\t\t\t\t\t<\/a>\n\t\t\t\t\t<\/div>\n\t\t\t\t\t\t\t\t<div class=\"rss_content_wrap\">\n\t\t\t\t\t<span class=\"title\">\n\t\t\t\t\t\t<a href=\"https:\/\/statiuniti.evolutiontravel.it\/it_IT\/906\/tab\/36282_sin-city-e-scenari-dellovest-tour-di-gruppo.html\" target=\"_blank\"  rel=\"noopener \">\n\t\t\t\t\t\t\tSin City e scenari dell'Ovest - Tour di gruppo\t\t\t\t\t\t<\/a>\n\t\t\t\t\t<\/span>\n\t\t\t\t\t<div class=\"rss_content\"\n\t\t\t\t\t\t\tstyle=\"\">\n\t\t\t\t\t\t\n\t\t\t\t\t\t\t\t\t\t\t\t<p class=\"description\">Programma originale ed esclusivo per viaggiatori con poco tempo<\/p>\n\t\t\t\t\t\t\n\t\t\t\t\t\t\t\t\t\t\t\t\t\t\t\t\t\t\t<div class=\"price-wrap\">\n\t\t\t\t\t\t\t\t<a href=\"https:\/\/statiuniti.evolutiontravel.it\/it_IT\/906\/tab\/36282_sin-city-e-scenari-dellovest-tour-di-gruppo.html\" target=\"_blank\" rel=\"noopener\"><button class=\"price\"> 1061<\/button><\/a>\n\t\t\t\t\t\t\t<\/div>\n\t\t\t\t\t\t\t\t\t\t\t<\/div>\n\t\t\t\t<\/div>\n\t\t\t<\/li>\n\t\t\t\t\t\t<li  style=\"padding: 23px 0 38px\" class=\"rss_item feedzy-rss-col-3\" >\n\t\t\t\t\t\t\t\t\t<div class=\"rss_image\" style=\"width:225px; height:225px;\">\n\t\t\t\t\t\t<a href=\"https:\/\/statiuniti.evolutiontravel.it\/it_IT\/906\/tab\/9877_pacchetto-dellovest-tour-di-gruppo-in-italiano.html\" target=\"_blank\" \n\t\t\t\t\t\t\trel=\"noopener \"\n\t\t\t\t\t\t\ttitle=\"Pacchetto dell&#039;Ovest - Tour di gruppo in italiano\"\n\t\t\t\t\t\t\tstyle=\"width:225px; height:225px;\">\n\t\t\t\t\t\t\t<span class=\"fetched\" style=\"background-image:  url('http:\/\/etcdn.net\/thumbnails\/9877\/it-los-angeles-tour-di-gruppo-pacchetto-dellovest-51a70.jpg');\" title=\"Pacchetto dell&#039;Ovest - Tour di gruppo in italiano\"><\/span><amp-img width=\"225\" height=\"225\" src=\"http:\/\/etcdn.net\/thumbnails\/9877\/it-los-angeles-tour-di-gruppo-pacchetto-dellovest-51a70.jpg\">\t\t\t\t\t\t<\/a>\n\t\t\t\t\t<\/div>\n\t\t\t\t\t\t\t\t<div class=\"rss_content_wrap\">\n\t\t\t\t\t<span class=\"title\">\n\t\t\t\t\t\t<a href=\"https:\/\/statiuniti.evolutiontravel.it\/it_IT\/906\/tab\/9877_pacchetto-dellovest-tour-di-gruppo-in-italiano.html\" target=\"_blank\"  rel=\"noopener \">\n\t\t\t\t\t\t\tPacchetto dell'Ovest - Tour di gruppo in italiano\t\t\t\t\t\t<\/a>\n\t\t\t\t\t<\/span>\n\t\t\t\t\t<div class=\"rss_content\"\n\t\t\t\t\t\t\tstyle=\"\">\n\t\t\t\t\t\t\n\t\t\t\t\t\t\t\t\t\t\t\t<p class=\"description\">Tour di Gruppo 13 giorni\/12 notti: un tour completo dove vi sentirete totalmente coccolati mentre andate alla scoperta del mitico [&hellip;]<\/p>\n\t\t\t\t\t\t\n\t\t\t\t\t\t\t\t\t\t\t\t\t\t\t\t\t\t\t<div class=\"price-wrap\">\n\t\t\t\t\t\t\t\t<a href=\"https:\/\/statiuniti.evolutiontravel.it\/it_IT\/906\/tab\/9877_pacchetto-dellovest-tour-di-gruppo-in-italiano.html\" target=\"_blank\" rel=\"noopener\"><button class=\"price\"> 3391<\/button><\/a>\n\t\t\t\t\t\t\t<\/div>\n\t\t\t\t\t\t\t\t\t\t\t<\/div>\n\t\t\t\t<\/div>\n\t\t\t<\/li>\n\t\t\t\t\t\t<li  style=\"padding: 23px 0 38px\" class=\"rss_item feedzy-rss-col-3\" >\n\t\t\t\t\t\t\t\t\t<div class=\"rss_image\" style=\"width:225px; height:225px;\">\n\t\t\t\t\t\t<a href=\"https:\/\/statiuniti.evolutiontravel.it\/it_IT\/906\/tab\/25997_vieni-a-festeggiare-svalentino-nella-grande-mela.html\" target=\"_blank\" \n\t\t\t\t\t\t\trel=\"noopener \"\n\t\t\t\t\t\t\ttitle=\"Vieni a festeggiare S.Valentino nella Grande Mela\"\n\t\t\t\t\t\t\tstyle=\"width:225px; height:225px;\">\n\t\t\t\t\t\t\t<span class=\"fetched\" style=\"background-image:  url('http:\/\/etcdn.net\/thumbnails\/25997\/it-new-york-regala-una-vacanza-per-san-valentino-62b88.jpg');\" title=\"Vieni a festeggiare S.Valentino nella Grande Mela\"><\/span><amp-img width=\"225\" height=\"225\" src=\"http:\/\/etcdn.net\/thumbnails\/25997\/it-new-york-regala-una-vacanza-per-san-valentino-62b88.jpg\">\t\t\t\t\t\t<\/a>\n\t\t\t\t\t<\/div>\n\t\t\t\t\t\t\t\t<div class=\"rss_content_wrap\">\n\t\t\t\t\t<span class=\"title\">\n\t\t\t\t\t\t<a href=\"https:\/\/statiuniti.evolutiontravel.it\/it_IT\/906\/tab\/25997_vieni-a-festeggiare-svalentino-nella-grande-mela.html\" target=\"_blank\"  rel=\"noopener \">\n\t\t\t\t\t\t\tVieni a festeggiare S.Valentino nella Grande Mela\t\t\t\t\t\t<\/a>\n\t\t\t\t\t<\/span>\n\t\t\t\t\t<div class=\"rss_content\"\n\t\t\t\t\t\t\tstyle=\"\">\n\t\t\t\t\t\t\n\t\t\t\t\t\t\t\t\t\t\t\t<p class=\"description\">Un'esperienza unica ed irripetibile nella citt\u00e0 che non dorme mai.<\/p>\n\t\t\t\t\t\t\n\t\t\t\t\t\t\t\t\t\t\t\t\t\t\t\t\t\t\t<div class=\"price-wrap\">\n\t\t\t\t\t\t\t\t<a href=\"https:\/\/statiuniti.evolutiontravel.it\/it_IT\/906\/tab\/25997_vieni-a-festeggiare-svalentino-nella-grande-mela.html\" target=\"_blank\" rel=\"noopener\"><button class=\"price\"> 395<\/button><\/a>\n\t\t\t\t\t\t\t<\/div>\n\t\t\t\t\t\t\t\t\t\t\t<\/div>\n\t\t\t\t<\/div>\n\t\t\t<\/li>\n\t\t\t\t\t\t<li  style=\"padding: 23px 0 38px\" class=\"rss_item feedzy-rss-col-3\" >\n\t\t\t\t\t\t\t\t\t<div class=\"rss_image\" style=\"width:225px; height:225px;\">\n\t\t\t\t\t\t<a href=\"https:\/\/statiuniti.evolutiontravel.it\/it_IT\/906\/tab\/41438_self-drive-west-coast.html\" target=\"_blank\" \n\t\t\t\t\t\t\trel=\"noopener \"\n\t\t\t\t\t\t\ttitle=\"Self Drive West Coast\"\n\t\t\t\t\t\t\tstyle=\"width:225px; height:225px;\">\n\t\t\t\t\t\t\t<span class=\"fetched\" style=\"background-image:  url('http:\/\/etcdn.net\/thumbnails\/9626\/it-san-francisco-southwestern-panoramas-tour-di-gruppo-51c5a.jpg');\" title=\"Self Drive West Coast\"><\/span><amp-img width=\"225\" height=\"225\" src=\"http:\/\/etcdn.net\/thumbnails\/9626\/it-san-francisco-southwestern-panoramas-tour-di-gruppo-51c5a.jpg\">\t\t\t\t\t\t<\/a>\n\t\t\t\t\t<\/div>\n\t\t\t\t\t\t\t\t<div class=\"rss_content_wrap\">\n\t\t\t\t\t<span class=\"title\">\n\t\t\t\t\t\t<a href=\"https:\/\/statiuniti.evolutiontravel.it\/it_IT\/906\/tab\/41438_self-drive-west-coast.html\" target=\"_blank\"  rel=\"noopener \">\n\t\t\t\t\t\t\tSelf Drive West Coast\t\t\t\t\t\t<\/a>\n\t\t\t\t\t<\/span>\n\t\t\t\t\t<div class=\"rss_content\"\n\t\t\t\t\t\t\tstyle=\"\">\n\t\t\t\t\t\t\n\t\t\t\t\t\t\t\t\t\t\t\t<p class=\"description\">Un suggestivo itinerario di 15 giorni attraverso il West da San Francisco a Los Angeles<\/p>\n\t\t\t\t\t\t\n\t\t\t\t\t\t\t\t\t\t\t\t\t\t\t\t\t\t\t<div class=\"price-wrap\">\n\t\t\t\t\t\t\t\t<a href=\"https:\/\/statiuniti.evolutiontravel.it\/it_IT\/906\/tab\/41438_self-drive-west-coast.html\" target=\"_blank\" rel=\"noopener\"><button class=\"price\"> 1750<\/button><\/a>\n\t\t\t\t\t\t\t<\/div>\n\t\t\t\t\t\t\t\t\t\t\t<\/div>\n\t\t\t\t<\/div>\n\t\t\t<\/li>\n\t\t\t\t\t\t<li  style=\"padding: 23px 0 38px\" class=\"rss_item feedzy-rss-col-3\" >\n\t\t\t\t\t\t\t\t\t<div class=\"rss_image\" style=\"width:225px; height:225px;\">\n\t\t\t\t\t\t<a href=\"https:\/\/statiuniti.evolutiontravel.it\/it_IT\/906\/tab\/41424_golden-west-tour-di-gruppo-da-los-angeles-a-san-francisco-con-accompagnatore-dallitalia-piccolo.html\" target=\"_blank\" \n\t\t\t\t\t\t\trel=\"noopener \"\n\t\t\t\t\t\t\ttitle=\"Golden West - Tour di gruppo da Los Angeles a San Francisco con accompagnatore dall&#039;Italia, piccolo\"\n\t\t\t\t\t\t\tstyle=\"width:225px; height:225px;\">\n\t\t\t\t\t\t\t<span class=\"fetched\" style=\"background-image:  url('http:\/\/etcdn.net\/thumbnails\/32117\/it-los-angeles-forever-west-tour-di-gruppo-51a40.jpg');\" title=\"Golden West - Tour di gruppo da Los Angeles a San Francisco con accompagnatore dall&#039;Italia, piccolo\"><\/span><amp-img width=\"225\" height=\"225\" src=\"http:\/\/etcdn.net\/thumbnails\/32117\/it-los-angeles-forever-west-tour-di-gruppo-51a40.jpg\">\t\t\t\t\t\t<\/a>\n\t\t\t\t\t<\/div>\n\t\t\t\t\t\t\t\t<div class=\"rss_content_wrap\">\n\t\t\t\t\t<span class=\"title\">\n\t\t\t\t\t\t<a href=\"https:\/\/statiuniti.evolutiontravel.it\/it_IT\/906\/tab\/41424_golden-west-tour-di-gruppo-da-los-angeles-a-san-francisco-con-accompagnatore-dallitalia-piccolo.html\" target=\"_blank\"  rel=\"noopener \">\n\t\t\t\t\t\t\tGolden West - Tour di gruppo da Los Angeles a San Francisco con accompagnatore dall'Italia, piccolo\t\t\t\t\t\t<\/a>\n\t\t\t\t\t<\/span>\n\t\t\t\t\t<div class=\"rss_content\"\n\t\t\t\t\t\t\tstyle=\"\">\n\t\t\t\t\t\t\n\t\t\t\t\t\t\t\t\t\t\t\t<p class=\"description\">Un suggestivo itinerario di 14 giorni attraverso la magia del West Americano con tour in date garantite!<\/p>\n\t\t\t\t\t\t\n\t\t\t\t\t\t\t\t\t\t\t\t\t\t\t\t\t\t\t<div class=\"price-wrap\">\n\t\t\t\t\t\t\t\t<a href=\"https:\/\/statiuniti.evolutiontravel.it\/it_IT\/906\/tab\/41424_golden-west-tour-di-gruppo-da-los-angeles-a-san-francisco-con-accompagnatore-dallitalia-piccolo.html\" target=\"_blank\" rel=\"noopener\"><button class=\"price\"> 4199<\/button><\/a>\n\t\t\t\t\t\t\t<\/div>\n\t\t\t\t\t\t\t\t\t\t\t<\/div>\n\t\t\t\t<\/div>\n\t\t\t<\/li>\n\t\t\t\t<\/ul>\n<\/div>\n<style type=\"text\/css\" media=\"all\">.feedzy-rss .rss_item .rss_image{float:left;position:relative;border:none;text-decoration:none;max-width:100%}.feedzy-rss .rss_item .rss_image span{display:inline-block;position:absolute;width:100%;height:100%;background-position:50%;background-size:cover}.feedzy-rss .rss_item .rss_image{margin:.3em 1em 0 0;content-visibility:auto}.feedzy-rss ul{list-style:none}.feedzy-rss ul li{display:inline-block}<\/style>\n","protected":false},"excerpt":{"rendered":"<p>La tua vacanza nel Maine, Stati Uniti costa orientale, sar\u00e0 ricca di cose da vedere. Portland \u00e8 la citt\u00e0 pi\u00f9 famosa, anche se la capitale del Maine \u00e8 Augusta, lungo la statale i-95. Ed \u00e8 proprio la i-95 il modo pi\u00f9 comodo per raggiungere il Maine. Un&#8217;idea di viaggio \u00e8 percorrere questa strada in auto <a class=\"moretag\" href=\"https:\/\/statiuniti.evolutiontravel.it\/infovacanze\/destinazioni\/maine\/\">[&#8230;]<\/a><\/p>\n","protected":false},"author":6,"featured_media":0,"parent":185,"menu_order":0,"comment_status":"closed","ping_status":"open","template":"templates\/template-with-right-sidebar.php","meta":{"footnotes":""},"yoast_head":"<!-- This site is optimized with the Yoast SEO plugin v21.9.1 - https:\/\/yoast.com\/wordpress\/plugins\/seo\/ -->\n<title>Vacanze nel Maine: viaggio tra fari, parchi e citt\u00e0 - USA nord est<\/title>\n<meta name=\"description\" content=\"Scopri in un click cosa vedere in vacanza nel Maine e approfitta subito delle nostre super offerte per viaggiare negli Stati Uniti!\" \/>\n<meta name=\"robots\" content=\"index, follow, max-snippet:-1, max-image-preview:large, max-video-preview:-1\" \/>\n<link rel=\"canonical\" href=\"https:\/\/statiuniti.evolutiontravel.it\/infovacanze\/destinazioni\/maine\/\" \/>\n<meta name=\"twitter:label1\" content=\"Tempo di lettura stimato\" \/>\n\t<meta name=\"twitter:data1\" content=\"3 minuti\" \/>\n<script type=\"application\/ld+json\" class=\"yoast-schema-graph\">{\"@context\":\"https:\/\/schema.org\",\"@graph\":[{\"@type\":\"WebPage\",\"@id\":\"https:\/\/statiuniti.evolutiontravel.it\/infovacanze\/destinazioni\/maine\/\",\"url\":\"https:\/\/statiuniti.evolutiontravel.it\/infovacanze\/destinazioni\/maine\/\",\"name\":\"Vacanze nel Maine: viaggio tra fari, parchi e citt\u00e0 - USA nord est\",\"isPartOf\":{\"@id\":\"https:\/\/statiuniti.evolutiontravel.it\/infovacanze\/#website\"},\"datePublished\":\"2013-08-22T15:47:08+00:00\",\"dateModified\":\"2019-05-20T09:10:07+00:00\",\"description\":\"Scopri in un click cosa vedere in vacanza nel Maine e approfitta subito delle nostre super offerte per viaggiare negli Stati Uniti!\",\"breadcrumb\":{\"@id\":\"https:\/\/statiuniti.evolutiontravel.it\/infovacanze\/destinazioni\/maine\/#breadcrumb\"},\"inLanguage\":\"it-IT\",\"potentialAction\":[{\"@type\":\"ReadAction\",\"target\":[\"https:\/\/statiuniti.evolutiontravel.it\/infovacanze\/destinazioni\/maine\/\"]}]},{\"@type\":\"BreadcrumbList\",\"@id\":\"https:\/\/statiuniti.evolutiontravel.it\/infovacanze\/destinazioni\/maine\/#breadcrumb\",\"itemListElement\":[{\"@type\":\"ListItem\",\"position\":1,\"name\":\"Destinazioni americane da visitare\",\"item\":\"https:\/\/statiuniti.evolutiontravel.it\/infovacanze\/destinazioni\/\"},{\"@type\":\"ListItem\",\"position\":2,\"name\":\"Maine, Stati Uniti\"}]},{\"@type\":\"WebSite\",\"@id\":\"https:\/\/statiuniti.evolutiontravel.it\/infovacanze\/#website\",\"url\":\"https:\/\/statiuniti.evolutiontravel.it\/infovacanze\/\",\"name\":\"Stati Uniti\",\"description\":\"\",\"potentialAction\":[{\"@type\":\"SearchAction\",\"target\":{\"@type\":\"EntryPoint\",\"urlTemplate\":\"https:\/\/statiuniti.evolutiontravel.it\/infovacanze\/?s={search_term_string}\"},\"query-input\":\"required name=search_term_string\"}],\"inLanguage\":\"it-IT\"}]}<\/script>\n<!-- \/ Yoast SEO plugin. -->","yoast_head_json":{"title":"Vacanze nel Maine: viaggio tra fari, parchi e citt\u00e0 - USA nord est","description":"Scopri in un click cosa vedere in vacanza nel Maine e approfitta subito delle nostre super offerte per viaggiare negli Stati Uniti!","robots":{"index":"index","follow":"follow","max-snippet":"max-snippet:-1","max-image-preview":"max-image-preview:large","max-video-preview":"max-video-preview:-1"},"canonical":"https:\/\/statiuniti.evolutiontravel.it\/infovacanze\/destinazioni\/maine\/","twitter_misc":{"Tempo di lettura stimato":"3 minuti"},"schema":{"@context":"https:\/\/schema.org","@graph":[{"@type":"WebPage","@id":"https:\/\/statiuniti.evolutiontravel.it\/infovacanze\/destinazioni\/maine\/","url":"https:\/\/statiuniti.evolutiontravel.it\/infovacanze\/destinazioni\/maine\/","name":"Vacanze nel Maine: viaggio tra fari, parchi e citt\u00e0 - USA nord est","isPartOf":{"@id":"https:\/\/statiuniti.evolutiontravel.it\/infovacanze\/#website"},"datePublished":"2013-08-22T15:47:08+00:00","dateModified":"2019-05-20T09:10:07+00:00","description":"Scopri in un click cosa vedere in vacanza nel Maine e approfitta subito delle nostre super offerte per viaggiare negli Stati Uniti!","breadcrumb":{"@id":"https:\/\/statiuniti.evolutiontravel.it\/infovacanze\/destinazioni\/maine\/#breadcrumb"},"inLanguage":"it-IT","potentialAction":[{"@type":"ReadAction","target":["https:\/\/statiuniti.evolutiontravel.it\/infovacanze\/destinazioni\/maine\/"]}]},{"@type":"BreadcrumbList","@id":"https:\/\/statiuniti.evolutiontravel.it\/infovacanze\/destinazioni\/maine\/#breadcrumb","itemListElement":[{"@type":"ListItem","position":1,"name":"Destinazioni americane da visitare","item":"https:\/\/statiuniti.evolutiontravel.it\/infovacanze\/destinazioni\/"},{"@type":"ListItem","position":2,"name":"Maine, Stati Uniti"}]},{"@type":"WebSite","@id":"https:\/\/statiuniti.evolutiontravel.it\/infovacanze\/#website","url":"https:\/\/statiuniti.evolutiontravel.it\/infovacanze\/","name":"Stati Uniti","description":"","potentialAction":[{"@type":"SearchAction","target":{"@type":"EntryPoint","urlTemplate":"https:\/\/statiuniti.evolutiontravel.it\/infovacanze\/?s={search_term_string}"},"query-input":"required name=search_term_string"}],"inLanguage":"it-IT"}]}},"_links":{"self":[{"href":"https:\/\/statiuniti.evolutiontravel.it\/infovacanze\/wp-json\/wp\/v2\/pages\/358"}],"collection":[{"href":"https:\/\/statiuniti.evolutiontravel.it\/infovacanze\/wp-json\/wp\/v2\/pages"}],"about":[{"href":"https:\/\/statiuniti.evolutiontravel.it\/infovacanze\/wp-json\/wp\/v2\/types\/page"}],"author":[{"embeddable":true,"href":"https:\/\/statiuniti.evolutiontravel.it\/infovacanze\/wp-json\/wp\/v2\/users\/6"}],"replies":[{"embeddable":true,"href":"https:\/\/statiuniti.evolutiontravel.it\/infovacanze\/wp-json\/wp\/v2\/comments?post=358"}],"version-history":[{"count":16,"href":"https:\/\/statiuniti.evolutiontravel.it\/infovacanze\/wp-json\/wp\/v2\/pages\/358\/revisions"}],"predecessor-version":[{"id":2118,"href":"https:\/\/statiuniti.evolutiontravel.it\/infovacanze\/wp-json\/wp\/v2\/pages\/358\/revisions\/2118"}],"up":[{"embeddable":true,"href":"https:\/\/statiuniti.evolutiontravel.it\/infovacanze\/wp-json\/wp\/v2\/pages\/185"}],"wp:attachment":[{"href":"https:\/\/statiuniti.evolutiontravel.it\/infovacanze\/wp-json\/wp\/v2\/media?parent=358"}],"curies":[{"name":"wp","href":"https:\/\/api.w.org\/{rel}","templated":true}]}}