{"id":28,"date":"2013-08-21T15:56:51","date_gmt":"2013-08-21T13:56:51","guid":{"rendered":"http:\/\/statiuniti.evolutiontravel.it\/infovacanze\/?page_id=28"},"modified":"2019-04-29T15:10:41","modified_gmt":"2019-04-29T13:10:41","slug":"documenti","status":"publish","type":"page","link":"https:\/\/statiuniti.evolutiontravel.it\/infovacanze\/informazioni\/documenti\/","title":{"rendered":"Documenti necessari per andare negli USA"},"content":{"rendered":"<p>I <strong>documenti per gli USA<\/strong> sono <strong>passaporto<\/strong>, <strong>visto turistico ESTA<\/strong> e <strong>patente<\/strong>.<\/p>\n<p>Verifica anche che tutti i documenti siano <strong>validi e non scaduti<\/strong>. Infatti, per rinnovare la documentazione necessaria ad andare all&#8217;estero pu\u00f2 volerci molto tempo.<\/p>\n<p>&nbsp;<\/p>\n<h2>Passaporto per gli Stati Uniti: con visto o senza visto?<\/h2>\n<p>A seconda di <strong>quanto durer\u00e0 la vostra vacanza<\/strong> negli USA, potreste avere bisogno del passaporto con visto o senza visto:<\/p>\n<ul>\n<li>passaporto senza visto: <strong>meno di 90 giorni<\/strong><\/li>\n<li>passaporto con visto: <strong>pi\u00f9 di 90 giorni<\/strong>.<\/li>\n<\/ul>\n<p>Per quanto riguarda <strong>i minori<\/strong>, devono essere in possesso di <strong>passaporto individuale<\/strong>.<\/p>\n<p><strong>Prima di prendere il volo<\/strong> si dovr\u00e0 richiedere l\u2019<strong>autorizzazione elettronica ESTA<\/strong> (<em>Electronic System for Travel Authorization<\/em>) in accordo col <strong>VISA Waiver Program<\/strong> (<em>Visa Waiver Program<\/em>).<\/p>\n<p>Un requisito obbligatorio \u00e8 che occorre essere muniti di <strong>passaporto elettronico<\/strong> (cio\u00e8 dotato di microprocessore) contenente i dati biografici e biometrici del titolare.<\/p>\n<p>L&#8217;<strong>ESTA va richiesto almeno 72 ore prima della partenza<\/strong> e &#8211; una volta acquisito &#8211; ha una <strong>durata di due anni<\/strong>. E&#8217; poi necessario <strong>avere anche\u00a0 il biglietto di ritorno<\/strong> verso l\u2019Italia.<\/p>\n<p>Si potr\u00e0 poi procedere alla <strong>registrazione sul sito<\/strong> <a title=\"invio Esta\" href=\"https:\/\/esta.cbp.dhs.gov\/esta\/application.html?execution=e1s1\" target=\"_blank\" rel=\"noopener\"><strong>esta.cbp.dhs.gov\/esta\/<\/strong><\/a> pagando un\u2019<strong>imposta amministrativa <\/strong>per inoltrare la domanda: a questo punto potrete accedere al VISA e ottenere l\u2019autorizzazione elettronica.<\/p>\n<p>Ci sono poi <strong>alcuni casi particolari<\/strong> per i quali \u00e8 necessario richiedere un <strong>apposito visto presso l\u2019Ambasciata<\/strong> o il Consolato USA del Paese presenti in Italia.<\/p>\n<p>Bisogner\u00e0 sostenere un colloquio nei seguenti casi:<\/p>\n<ul>\n<li>se non hai passaporto elettronico<\/li>\n<li>se non viaggi solo per turismo o affari<\/li>\n<li>se resti negli USA pi\u00f9 di 90 giorni<\/li>\n<li>se non hai un biglietto di ritorno.<\/li>\n<\/ul>\n<p>&nbsp;<\/p>\n<h2>Patente: in quale Stato USA vai?<\/h2>\n<p>Se stiamo andando negli USA con <a title=\"usa fly and drive\" href=\"https:\/\/statiuniti.evolutiontravel.it\/infovacanze\/viaggio\/fly-drive\/\">un viaggio fly &amp; drive<\/a> sar\u00e0 bene controllare le regole sulla patente e sulla circolazione in generale.<\/p>\n<p>Generalmente la patente italiana \u00e8 accettato negli Stati Uniti, tuttavia <strong>il riconoscimento dei documenti di guida pu\u00f2 essere differente da Stato a Stato<\/strong>.<\/p>\n<p>Il primo consiglio \u00e8 quindi di consultare la pagina informativa del <strong>Ministero delle infrastrutture e dei trasporti<\/strong>. Probabilmente la migliore soluzione \u00e8 munirsi di <strong>patente internazionale di guida<\/strong> conforme alla Convenzione di Ginevra del 1949.<\/p>\n<p>Se prendi un&#8217;auto a noleggio consigliamo di stipulare l\u2019<strong>assicurazione dell\u2019auto<\/strong> che copra sia i danni alle cose sia i danni alle persone.<\/p>\n<p>Infine, ecco <strong>un consiglio pratico<\/strong>, nel caso siate <strong>fermati dalla polizia per un controllo<\/strong>.<\/p>\n<p>Solitamente gli agenti a bordo della loro auto di servizio seguono la vettura da fermare, segnalando la loro presenza tramite luci e lampeggianti accesi e\/o con l&#8217;utilizzo di un altoparlante.<\/p>\n<p>Si potrebbe dunque a questo punto ascoltare la frase &#8220;<em>pull over<\/em>&#8220;: \u00e8 l&#8217;invito ad accostare. Baster\u00e0 perci\u00f2 rallentare, fermarsi e rimanere in macchina con le mani bene in vista.<\/p>\n<p><strong>Non scendere dall&#8217;auto<\/strong> perch\u00e9 questo gesto potrebbe essere interpretato come un tentativo di fuga.<\/p>\n<p>&nbsp;<\/p>\n<h2>Assicurazione generica e medica<\/h2>\n<p>L\u2019assicurazione \u00e8 uno strumento che permette di <strong>partire in totale tranquillit\u00e0 e sicurezza<\/strong> specialmente per gli Stati Uniti.<\/p>\n<p>Non \u00e8 obbligatoria ma <strong>vivamente consigliata<\/strong>, in modo da prevenire eventuali spese nel caso di piccoli o grandi problemi (di salute, ma non solo) che si potrebbero presentare durante il soggiorno.<\/p>\n<p>In generale sar\u00e0 bene scegliere una <strong>copertura assicurativa non solo medica<\/strong> ma che protegga da ogni inconveniente: che sia lo smarrimento del bagaglio, un problema di salute durante il viaggio o un annullamento improvviso di quest\u2019ultimo.<\/p>\n<p>Ci sono sul mercato anche <strong>soluzioni studiate per i ragazzi <\/strong>che stanno ancora studiando: spesso questo genere di polizza copre il periodo di<a title=\"USA viaggi studio\" href=\"https:\/\/statiuniti.evolutiontravel.it\/infovacanze\/viaggio\/soggiorni-linguistici\/\"> tirocinio o di studio all\u2019estero<\/a>.<\/p>\n<p>Si parla poi anche dell\u2019<strong>assistenza e spese mediche<\/strong>: in questo caso solitamente vengono <strong>coperte le spese ospedaliere<\/strong> e viene garantita <strong>assistenza nel caso di emergenze<\/strong>.<\/p>\n<p>&nbsp;<\/p>\n<h3 style=\"text-align: center\">Speciale &#8220;<span style=\"color: #008000\">STATI UNITI<\/span>&#8221; con le <span style=\"color: #008000\">OFFERTE<\/span> di Evolution Travel<\/h3>\n<p style=\"text-align: center\"><strong><span style=\"color: #008000\">MENO DI 2000 <span class=\"Y0NH2b CLPzrc\">\u20ac<\/span> PER LE TUE VACANZE NEGLI USA<\/span><\/strong><\/p>\n<p style=\"text-align: center\"><strong>CLICCA ADESSO E SCOPRI<\/strong>: programma dettagliato, foto, recensioni e altro ancora!<\/p>\n<div class=\"feedzy-f5d5569e7ec2bfe0807f86391c3a7a3f feedzy-rss\">\n\t\t<ul class=\"feedzy-style2\">\n\t\t\t\t\t<li  style=\"padding: 23px 0 38px\" class=\"rss_item feedzy-rss-col-3\" >\n\t\t\t\t\t\t\t\t\t<div class=\"rss_image\" style=\"width:225px; height:225px;\">\n\t\t\t\t\t\t<a href=\"https:\/\/statiuniti.evolutiontravel.it\/it_IT\/906\/tab\/36237_dal-lago-michigan-alla-grande-mela-self-drive.html\" target=\"_blank\" \n\t\t\t\t\t\t\trel=\"noopener \"\n\t\t\t\t\t\t\ttitle=\"Dal Lago Michigan alla Grande Mela - Self drive\"\n\t\t\t\t\t\t\tstyle=\"width:225px; height:225px;\">\n\t\t\t\t\t\t\t<span class=\"fetched\" style=\"background-image:  url('http:\/\/etcdn.net\/thumbnails\/36237\/it-chicago-dal-lago-michigan-alla-grande-mela-tour-di-gruppo-635ff.jpg');\" title=\"Dal Lago Michigan alla Grande Mela - Self drive\"><\/span><amp-img width=\"225\" height=\"225\" src=\"http:\/\/etcdn.net\/thumbnails\/36237\/it-chicago-dal-lago-michigan-alla-grande-mela-tour-di-gruppo-635ff.jpg\">\t\t\t\t\t\t<\/a>\n\t\t\t\t\t<\/div>\n\t\t\t\t\t\t\t\t<div class=\"rss_content_wrap\">\n\t\t\t\t\t<span class=\"title\">\n\t\t\t\t\t\t<a href=\"https:\/\/statiuniti.evolutiontravel.it\/it_IT\/906\/tab\/36237_dal-lago-michigan-alla-grande-mela-self-drive.html\" target=\"_blank\"  rel=\"noopener \">\n\t\t\t\t\t\t\tDal Lago Michigan alla Grande Mela - Self drive\t\t\t\t\t\t<\/a>\n\t\t\t\t\t<\/span>\n\t\t\t\t\t<div class=\"rss_content\"\n\t\t\t\t\t\t\tstyle=\"\">\n\t\t\t\t\t\t\n\t\t\t\t\t\t\t\t\t\t\t\t<p class=\"description\">Lo splendore delle citt\u00e0 pi\u00f9 belle ed importanti dell'Est con la meraviglia di bellezze naturali uniche al mondo.<\/p>\n\t\t\t\t\t\t\n\t\t\t\t\t\t\t\t\t\t\t\t\t\t\t\t\t\t\t<div class=\"price-wrap\">\n\t\t\t\t\t\t\t\t<a href=\"https:\/\/statiuniti.evolutiontravel.it\/it_IT\/906\/tab\/36237_dal-lago-michigan-alla-grande-mela-self-drive.html\" target=\"_blank\" rel=\"noopener\"><button class=\"price\"> 1200<\/button><\/a>\n\t\t\t\t\t\t\t<\/div>\n\t\t\t\t\t\t\t\t\t\t\t<\/div>\n\t\t\t\t<\/div>\n\t\t\t<\/li>\n\t\t\t\t\t\t<li  style=\"padding: 23px 0 38px\" class=\"rss_item feedzy-rss-col-3\" >\n\t\t\t\t\t\t\t\t\t<div class=\"rss_image\" style=\"width:225px; height:225px;\">\n\t\t\t\t\t\t<a href=\"https:\/\/statiuniti.evolutiontravel.it\/it_IT\/906\/tab\/36282_sin-city-e-scenari-dellovest-tour-di-gruppo.html\" target=\"_blank\" \n\t\t\t\t\t\t\trel=\"noopener \"\n\t\t\t\t\t\t\ttitle=\"Sin City e scenari dell&#039;Ovest - Tour di gruppo\"\n\t\t\t\t\t\t\tstyle=\"width:225px; height:225px;\">\n\t\t\t\t\t\t\t<span class=\"fetched\" style=\"background-image:  url('http:\/\/etcdn.net\/thumbnails\/35185\/it-las-vegas-avventura-nei-parchi-dellovest-da-las-vegas-a-san-francisco-52c32.jpg');\" title=\"Sin City e scenari dell&#039;Ovest - Tour di gruppo\"><\/span><amp-img width=\"225\" height=\"225\" src=\"http:\/\/etcdn.net\/thumbnails\/35185\/it-las-vegas-avventura-nei-parchi-dellovest-da-las-vegas-a-san-francisco-52c32.jpg\">\t\t\t\t\t\t<\/a>\n\t\t\t\t\t<\/div>\n\t\t\t\t\t\t\t\t<div class=\"rss_content_wrap\">\n\t\t\t\t\t<span class=\"title\">\n\t\t\t\t\t\t<a href=\"https:\/\/statiuniti.evolutiontravel.it\/it_IT\/906\/tab\/36282_sin-city-e-scenari-dellovest-tour-di-gruppo.html\" target=\"_blank\"  rel=\"noopener \">\n\t\t\t\t\t\t\tSin City e scenari dell'Ovest - Tour di gruppo\t\t\t\t\t\t<\/a>\n\t\t\t\t\t<\/span>\n\t\t\t\t\t<div class=\"rss_content\"\n\t\t\t\t\t\t\tstyle=\"\">\n\t\t\t\t\t\t\n\t\t\t\t\t\t\t\t\t\t\t\t<p class=\"description\">Programma originale ed esclusivo per viaggiatori con poco tempo<\/p>\n\t\t\t\t\t\t\n\t\t\t\t\t\t\t\t\t\t\t\t\t\t\t\t\t\t\t<div class=\"price-wrap\">\n\t\t\t\t\t\t\t\t<a href=\"https:\/\/statiuniti.evolutiontravel.it\/it_IT\/906\/tab\/36282_sin-city-e-scenari-dellovest-tour-di-gruppo.html\" target=\"_blank\" rel=\"noopener\"><button class=\"price\"> 1061<\/button><\/a>\n\t\t\t\t\t\t\t<\/div>\n\t\t\t\t\t\t\t\t\t\t\t<\/div>\n\t\t\t\t<\/div>\n\t\t\t<\/li>\n\t\t\t\t\t\t<li  style=\"padding: 23px 0 38px\" class=\"rss_item feedzy-rss-col-3\" >\n\t\t\t\t\t\t\t\t\t<div class=\"rss_image\" style=\"width:225px; height:225px;\">\n\t\t\t\t\t\t<a href=\"https:\/\/statiuniti.evolutiontravel.it\/it_IT\/906\/tab\/25997_vieni-a-festeggiare-svalentino-nella-grande-mela.html\" target=\"_blank\" \n\t\t\t\t\t\t\trel=\"noopener \"\n\t\t\t\t\t\t\ttitle=\"Vieni a festeggiare S.Valentino nella Grande Mela\"\n\t\t\t\t\t\t\tstyle=\"width:225px; height:225px;\">\n\t\t\t\t\t\t\t<span class=\"fetched\" style=\"background-image:  url('http:\/\/etcdn.net\/thumbnails\/25997\/it-new-york-regala-una-vacanza-per-san-valentino-62b88.jpg');\" title=\"Vieni a festeggiare S.Valentino nella Grande Mela\"><\/span><amp-img width=\"225\" height=\"225\" src=\"http:\/\/etcdn.net\/thumbnails\/25997\/it-new-york-regala-una-vacanza-per-san-valentino-62b88.jpg\">\t\t\t\t\t\t<\/a>\n\t\t\t\t\t<\/div>\n\t\t\t\t\t\t\t\t<div class=\"rss_content_wrap\">\n\t\t\t\t\t<span class=\"title\">\n\t\t\t\t\t\t<a href=\"https:\/\/statiuniti.evolutiontravel.it\/it_IT\/906\/tab\/25997_vieni-a-festeggiare-svalentino-nella-grande-mela.html\" target=\"_blank\"  rel=\"noopener \">\n\t\t\t\t\t\t\tVieni a festeggiare S.Valentino nella Grande Mela\t\t\t\t\t\t<\/a>\n\t\t\t\t\t<\/span>\n\t\t\t\t\t<div class=\"rss_content\"\n\t\t\t\t\t\t\tstyle=\"\">\n\t\t\t\t\t\t\n\t\t\t\t\t\t\t\t\t\t\t\t<p class=\"description\">Un'esperienza unica ed irripetibile nella citt\u00e0 che non dorme mai.<\/p>\n\t\t\t\t\t\t\n\t\t\t\t\t\t\t\t\t\t\t\t\t\t\t\t\t\t\t<div class=\"price-wrap\">\n\t\t\t\t\t\t\t\t<a href=\"https:\/\/statiuniti.evolutiontravel.it\/it_IT\/906\/tab\/25997_vieni-a-festeggiare-svalentino-nella-grande-mela.html\" target=\"_blank\" rel=\"noopener\"><button class=\"price\"> 395<\/button><\/a>\n\t\t\t\t\t\t\t<\/div>\n\t\t\t\t\t\t\t\t\t\t\t<\/div>\n\t\t\t\t<\/div>\n\t\t\t<\/li>\n\t\t\t\t\t\t<li  style=\"padding: 23px 0 38px\" class=\"rss_item feedzy-rss-col-3\" >\n\t\t\t\t\t\t\t\t\t<div class=\"rss_image\" style=\"width:225px; height:225px;\">\n\t\t\t\t\t\t<a href=\"https:\/\/statiuniti.evolutiontravel.it\/it_IT\/906\/tab\/41438_self-drive-west-coast.html\" target=\"_blank\" \n\t\t\t\t\t\t\trel=\"noopener \"\n\t\t\t\t\t\t\ttitle=\"Self Drive West Coast\"\n\t\t\t\t\t\t\tstyle=\"width:225px; height:225px;\">\n\t\t\t\t\t\t\t<span class=\"fetched\" style=\"background-image:  url('http:\/\/etcdn.net\/thumbnails\/9626\/it-san-francisco-southwestern-panoramas-tour-di-gruppo-51c5a.jpg');\" title=\"Self Drive West Coast\"><\/span><amp-img width=\"225\" height=\"225\" src=\"http:\/\/etcdn.net\/thumbnails\/9626\/it-san-francisco-southwestern-panoramas-tour-di-gruppo-51c5a.jpg\">\t\t\t\t\t\t<\/a>\n\t\t\t\t\t<\/div>\n\t\t\t\t\t\t\t\t<div class=\"rss_content_wrap\">\n\t\t\t\t\t<span class=\"title\">\n\t\t\t\t\t\t<a href=\"https:\/\/statiuniti.evolutiontravel.it\/it_IT\/906\/tab\/41438_self-drive-west-coast.html\" target=\"_blank\"  rel=\"noopener \">\n\t\t\t\t\t\t\tSelf Drive West Coast\t\t\t\t\t\t<\/a>\n\t\t\t\t\t<\/span>\n\t\t\t\t\t<div class=\"rss_content\"\n\t\t\t\t\t\t\tstyle=\"\">\n\t\t\t\t\t\t\n\t\t\t\t\t\t\t\t\t\t\t\t<p class=\"description\">Un suggestivo itinerario di 15 giorni attraverso il West da San Francisco a Los Angeles<\/p>\n\t\t\t\t\t\t\n\t\t\t\t\t\t\t\t\t\t\t\t\t\t\t\t\t\t\t<div class=\"price-wrap\">\n\t\t\t\t\t\t\t\t<a href=\"https:\/\/statiuniti.evolutiontravel.it\/it_IT\/906\/tab\/41438_self-drive-west-coast.html\" target=\"_blank\" rel=\"noopener\"><button class=\"price\"> 1750<\/button><\/a>\n\t\t\t\t\t\t\t<\/div>\n\t\t\t\t\t\t\t\t\t\t\t<\/div>\n\t\t\t\t<\/div>\n\t\t\t<\/li>\n\t\t\t\t\t\t<li  style=\"padding: 23px 0 38px\" class=\"rss_item feedzy-rss-col-3\" >\n\t\t\t\t\t\t\t\t\t<div class=\"rss_image\" style=\"width:225px; height:225px;\">\n\t\t\t\t\t\t<a href=\"https:\/\/statiuniti.evolutiontravel.it\/it_IT\/906\/tab\/39604_highlights-del-west-self-drive.html\" target=\"_blank\" \n\t\t\t\t\t\t\trel=\"noopener \"\n\t\t\t\t\t\t\ttitle=\"Highlights del West  - Self Drive\"\n\t\t\t\t\t\t\tstyle=\"width:225px; height:225px;\">\n\t\t\t\t\t\t\t<span class=\"fetched\" style=\"background-image:  url('http:\/\/etcdn.net\/thumbnails\/32117\/it-los-angeles-forever-west-tour-di-gruppo-51a40.jpg');\" title=\"Highlights del West  - Self Drive\"><\/span><amp-img width=\"225\" height=\"225\" src=\"http:\/\/etcdn.net\/thumbnails\/32117\/it-los-angeles-forever-west-tour-di-gruppo-51a40.jpg\">\t\t\t\t\t\t<\/a>\n\t\t\t\t\t<\/div>\n\t\t\t\t\t\t\t\t<div class=\"rss_content_wrap\">\n\t\t\t\t\t<span class=\"title\">\n\t\t\t\t\t\t<a href=\"https:\/\/statiuniti.evolutiontravel.it\/it_IT\/906\/tab\/39604_highlights-del-west-self-drive.html\" target=\"_blank\"  rel=\"noopener \">\n\t\t\t\t\t\t\tHighlights del West  - Self Drive\t\t\t\t\t\t<\/a>\n\t\t\t\t\t<\/span>\n\t\t\t\t\t<div class=\"rss_content\"\n\t\t\t\t\t\t\tstyle=\"\">\n\t\t\t\t\t\t\n\t\t\t\t\t\t\t\t\t\t\t\t<p class=\"description\">Un suggestivo itinerario di 15 giorni attraverso la magia del West Americano!<\/p>\n\t\t\t\t\t\t\n\t\t\t\t\t\t\t\t\t\t\t\t\t\t\t\t\t\t\t<div class=\"price-wrap\">\n\t\t\t\t\t\t\t\t<a href=\"https:\/\/statiuniti.evolutiontravel.it\/it_IT\/906\/tab\/39604_highlights-del-west-self-drive.html\" target=\"_blank\" rel=\"noopener\"><button class=\"price\"> 1450<\/button><\/a>\n\t\t\t\t\t\t\t<\/div>\n\t\t\t\t\t\t\t\t\t\t\t<\/div>\n\t\t\t\t<\/div>\n\t\t\t<\/li>\n\t\t\t\t\t\t<li  style=\"padding: 23px 0 38px\" class=\"rss_item feedzy-rss-col-3\" >\n\t\t\t\t\t\t\t\t\t<div class=\"rss_image\" style=\"width:225px; height:225px;\">\n\t\t\t\t\t\t<a href=\"https:\/\/statiuniti.evolutiontravel.it\/it_IT\/906\/tab\/36405_pasqua-nella-grande-mela-pacchetto-con-escursioni-incluse.html\" target=\"_blank\" \n\t\t\t\t\t\t\trel=\"noopener \"\n\t\t\t\t\t\t\ttitle=\"Pasqua nella Grande Mela - Pacchetto con escursioni incluse\"\n\t\t\t\t\t\t\tstyle=\"width:225px; height:225px;\">\n\t\t\t\t\t\t\t<span class=\"fetched\" style=\"background-image:  url('http:\/\/etcdn.net\/thumbnails\/32115\/it-new-york-tour-di-gruppo-nella-citta-che-non-dorme-mai-50a68.jpg');\" title=\"Pasqua nella Grande Mela - Pacchetto con escursioni incluse\"><\/span><amp-img width=\"225\" height=\"225\" src=\"http:\/\/etcdn.net\/thumbnails\/32115\/it-new-york-tour-di-gruppo-nella-citta-che-non-dorme-mai-50a68.jpg\">\t\t\t\t\t\t<\/a>\n\t\t\t\t\t<\/div>\n\t\t\t\t\t\t\t\t<div class=\"rss_content_wrap\">\n\t\t\t\t\t<span class=\"title\">\n\t\t\t\t\t\t<a href=\"https:\/\/statiuniti.evolutiontravel.it\/it_IT\/906\/tab\/36405_pasqua-nella-grande-mela-pacchetto-con-escursioni-incluse.html\" target=\"_blank\"  rel=\"noopener \">\n\t\t\t\t\t\t\tPasqua nella Grande Mela - Pacchetto con escursioni incluse\t\t\t\t\t\t<\/a>\n\t\t\t\t\t<\/span>\n\t\t\t\t\t<div class=\"rss_content\"\n\t\t\t\t\t\t\tstyle=\"\">\n\t\t\t\t\t\t\n\t\t\t\t\t\t\t\t\t\t\t\t<p class=\"description\">Tutto il fascino della Grande Mela a Pasqua<\/p>\n\t\t\t\t\t\t\n\t\t\t\t\t\t\t\t\t\t\t\t\t\t\t\t\t\t\t<div class=\"price-wrap\">\n\t\t\t\t\t\t\t\t<a href=\"https:\/\/statiuniti.evolutiontravel.it\/it_IT\/906\/tab\/36405_pasqua-nella-grande-mela-pacchetto-con-escursioni-incluse.html\" target=\"_blank\" rel=\"noopener\"><button class=\"price\"> 1100<\/button><\/a>\n\t\t\t\t\t\t\t<\/div>\n\t\t\t\t\t\t\t\t\t\t\t<\/div>\n\t\t\t\t<\/div>\n\t\t\t<\/li>\n\t\t\t\t<\/ul>\n<\/div>\n<style type=\"text\/css\" media=\"all\">.feedzy-rss .rss_item .rss_image{float:left;position:relative;border:none;text-decoration:none;max-width:100%}.feedzy-rss .rss_item .rss_image span{display:inline-block;position:absolute;width:100%;height:100%;background-position:50%;background-size:cover}.feedzy-rss .rss_item .rss_image{margin:.3em 1em 0 0;content-visibility:auto}.feedzy-rss ul{list-style:none}.feedzy-rss ul li{display:inline-block}<\/style>\n","protected":false},"excerpt":{"rendered":"<p>I documenti per gli USA sono passaporto, visto turistico ESTA e patente. Verifica anche che tutti i documenti siano validi e non scaduti. Infatti, per rinnovare la documentazione necessaria ad andare all&#8217;estero pu\u00f2 volerci molto tempo. &nbsp; Passaporto per gli Stati Uniti: con visto o senza visto? A seconda di quanto durer\u00e0 la vostra vacanza <a class=\"moretag\" href=\"https:\/\/statiuniti.evolutiontravel.it\/infovacanze\/informazioni\/documenti\/\">[&#8230;]<\/a><\/p>\n","protected":false},"author":1,"featured_media":0,"parent":10,"menu_order":0,"comment_status":"closed","ping_status":"open","template":"templates\/template-with-right-sidebar.php","meta":{"footnotes":""},"yoast_head":"<!-- This site is optimized with the Yoast SEO plugin v21.9.1 - https:\/\/yoast.com\/wordpress\/plugins\/seo\/ -->\n<title>Documenti per gli USA: passaporto, visto, ESTA e patente<\/title>\n<meta name=\"description\" content=\"Una panoramica sui documenti necessari per un viaggio negli USA: passaporto, visto turistico, assicurazione generica e sanitaria e patente.\" \/>\n<meta name=\"robots\" content=\"index, follow, max-snippet:-1, max-image-preview:large, max-video-preview:-1\" \/>\n<link rel=\"canonical\" href=\"https:\/\/statiuniti.evolutiontravel.it\/infovacanze\/informazioni\/documenti\/\" \/>\n<meta name=\"twitter:label1\" content=\"Tempo di lettura stimato\" \/>\n\t<meta name=\"twitter:data1\" content=\"3 minuti\" \/>\n<script type=\"application\/ld+json\" class=\"yoast-schema-graph\">{\"@context\":\"https:\/\/schema.org\",\"@graph\":[{\"@type\":\"WebPage\",\"@id\":\"https:\/\/statiuniti.evolutiontravel.it\/infovacanze\/informazioni\/documenti\/\",\"url\":\"https:\/\/statiuniti.evolutiontravel.it\/infovacanze\/informazioni\/documenti\/\",\"name\":\"Documenti per gli USA: passaporto, visto, ESTA e patente\",\"isPartOf\":{\"@id\":\"https:\/\/statiuniti.evolutiontravel.it\/infovacanze\/#website\"},\"datePublished\":\"2013-08-21T13:56:51+00:00\",\"dateModified\":\"2019-04-29T13:10:41+00:00\",\"description\":\"Una panoramica sui documenti necessari per un viaggio negli USA: passaporto, visto turistico, assicurazione generica e sanitaria e patente.\",\"breadcrumb\":{\"@id\":\"https:\/\/statiuniti.evolutiontravel.it\/infovacanze\/informazioni\/documenti\/#breadcrumb\"},\"inLanguage\":\"it-IT\",\"potentialAction\":[{\"@type\":\"ReadAction\",\"target\":[\"https:\/\/statiuniti.evolutiontravel.it\/infovacanze\/informazioni\/documenti\/\"]}]},{\"@type\":\"BreadcrumbList\",\"@id\":\"https:\/\/statiuniti.evolutiontravel.it\/infovacanze\/informazioni\/documenti\/#breadcrumb\",\"itemListElement\":[{\"@type\":\"ListItem\",\"position\":1,\"name\":\"Informazioni utili\",\"item\":\"https:\/\/statiuniti.evolutiontravel.it\/infovacanze\/informazioni\/\"},{\"@type\":\"ListItem\",\"position\":2,\"name\":\"Documenti necessari per andare negli USA\"}]},{\"@type\":\"WebSite\",\"@id\":\"https:\/\/statiuniti.evolutiontravel.it\/infovacanze\/#website\",\"url\":\"https:\/\/statiuniti.evolutiontravel.it\/infovacanze\/\",\"name\":\"Stati Uniti\",\"description\":\"\",\"potentialAction\":[{\"@type\":\"SearchAction\",\"target\":{\"@type\":\"EntryPoint\",\"urlTemplate\":\"https:\/\/statiuniti.evolutiontravel.it\/infovacanze\/?s={search_term_string}\"},\"query-input\":\"required name=search_term_string\"}],\"inLanguage\":\"it-IT\"}]}<\/script>\n<!-- \/ Yoast SEO plugin. -->","yoast_head_json":{"title":"Documenti per gli USA: passaporto, visto, ESTA e patente","description":"Una panoramica sui documenti necessari per un viaggio negli USA: passaporto, visto turistico, assicurazione generica e sanitaria e patente.","robots":{"index":"index","follow":"follow","max-snippet":"max-snippet:-1","max-image-preview":"max-image-preview:large","max-video-preview":"max-video-preview:-1"},"canonical":"https:\/\/statiuniti.evolutiontravel.it\/infovacanze\/informazioni\/documenti\/","twitter_misc":{"Tempo di lettura stimato":"3 minuti"},"schema":{"@context":"https:\/\/schema.org","@graph":[{"@type":"WebPage","@id":"https:\/\/statiuniti.evolutiontravel.it\/infovacanze\/informazioni\/documenti\/","url":"https:\/\/statiuniti.evolutiontravel.it\/infovacanze\/informazioni\/documenti\/","name":"Documenti per gli USA: passaporto, visto, ESTA e patente","isPartOf":{"@id":"https:\/\/statiuniti.evolutiontravel.it\/infovacanze\/#website"},"datePublished":"2013-08-21T13:56:51+00:00","dateModified":"2019-04-29T13:10:41+00:00","description":"Una panoramica sui documenti necessari per un viaggio negli USA: passaporto, visto turistico, assicurazione generica e sanitaria e patente.","breadcrumb":{"@id":"https:\/\/statiuniti.evolutiontravel.it\/infovacanze\/informazioni\/documenti\/#breadcrumb"},"inLanguage":"it-IT","potentialAction":[{"@type":"ReadAction","target":["https:\/\/statiuniti.evolutiontravel.it\/infovacanze\/informazioni\/documenti\/"]}]},{"@type":"BreadcrumbList","@id":"https:\/\/statiuniti.evolutiontravel.it\/infovacanze\/informazioni\/documenti\/#breadcrumb","itemListElement":[{"@type":"ListItem","position":1,"name":"Informazioni utili","item":"https:\/\/statiuniti.evolutiontravel.it\/infovacanze\/informazioni\/"},{"@type":"ListItem","position":2,"name":"Documenti necessari per andare negli USA"}]},{"@type":"WebSite","@id":"https:\/\/statiuniti.evolutiontravel.it\/infovacanze\/#website","url":"https:\/\/statiuniti.evolutiontravel.it\/infovacanze\/","name":"Stati Uniti","description":"","potentialAction":[{"@type":"SearchAction","target":{"@type":"EntryPoint","urlTemplate":"https:\/\/statiuniti.evolutiontravel.it\/infovacanze\/?s={search_term_string}"},"query-input":"required name=search_term_string"}],"inLanguage":"it-IT"}]}},"_links":{"self":[{"href":"https:\/\/statiuniti.evolutiontravel.it\/infovacanze\/wp-json\/wp\/v2\/pages\/28"}],"collection":[{"href":"https:\/\/statiuniti.evolutiontravel.it\/infovacanze\/wp-json\/wp\/v2\/pages"}],"about":[{"href":"https:\/\/statiuniti.evolutiontravel.it\/infovacanze\/wp-json\/wp\/v2\/types\/page"}],"author":[{"embeddable":true,"href":"https:\/\/statiuniti.evolutiontravel.it\/infovacanze\/wp-json\/wp\/v2\/users\/1"}],"replies":[{"embeddable":true,"href":"https:\/\/statiuniti.evolutiontravel.it\/infovacanze\/wp-json\/wp\/v2\/comments?post=28"}],"version-history":[{"count":23,"href":"https:\/\/statiuniti.evolutiontravel.it\/infovacanze\/wp-json\/wp\/v2\/pages\/28\/revisions"}],"predecessor-version":[{"id":2021,"href":"https:\/\/statiuniti.evolutiontravel.it\/infovacanze\/wp-json\/wp\/v2\/pages\/28\/revisions\/2021"}],"up":[{"embeddable":true,"href":"https:\/\/statiuniti.evolutiontravel.it\/infovacanze\/wp-json\/wp\/v2\/pages\/10"}],"wp:attachment":[{"href":"https:\/\/statiuniti.evolutiontravel.it\/infovacanze\/wp-json\/wp\/v2\/media?parent=28"}],"curies":[{"name":"wp","href":"https:\/\/api.w.org\/{rel}","templated":true}]}}