{"id":245,"date":"2013-08-21T18:07:05","date_gmt":"2013-08-21T16:07:05","guid":{"rendered":"http:\/\/statiuniti.evolutiontravel.it\/infovacanze\/?page_id=245"},"modified":"2019-05-22T10:13:36","modified_gmt":"2019-05-22T08:13:36","slug":"dakota-del-nord","status":"publish","type":"page","link":"https:\/\/statiuniti.evolutiontravel.it\/infovacanze\/destinazioni\/dakota-del-nord\/","title":{"rendered":"Nord Dakota"},"content":{"rendered":"<p>Il <strong>Nord Dakota <\/strong>\u00e8 uno stato del Midwest\u00a0degli Stati Uniti: \u00e8 nel mezzo del\u00a0<strong>Nord America<\/strong> e infatti \u00e8 identificato come il &#8220;centro geografico del continente nord americano&#8221;. <strong>Bismarck \u00e8 la capitale<\/strong> anche se la citt\u00e0 pi\u00f9 grande \u00e8\u00a0<strong>Fargo<\/strong>.<\/p>\n<p>Tra le <strong>attrazioni e i parchi tematici<\/strong> che travate in questa destinazione americana, ecco quelli pi\u00f9 famosi::<\/p>\n<ul>\n<li><strong>Medora<\/strong>. Cittadina del North Dakota con il famoso <strong>Theodore Roosevelt National Park<\/strong>;<\/li>\n<li><strong>Oak Park<\/strong> a <strong>Minot<\/strong>. Un grande parco ideale per tutta la famiglia, con divesi campi per fare sport e prati per pic nic.<\/li>\n<li><strong>North Dakota Heritage Center &amp; State Museum<\/strong> a <strong>Bismark<\/strong>.<\/li>\n<li><strong>Fort Mandan<\/strong> a <strong><span class=\"LrzXr\">Washburn<\/span><\/strong>. Uno storico accampamento del 1800 con museo e possibilit\u00e0 di visita guidata.<\/li>\n<li><strong>Superslide Amusement Park<\/strong> a <strong>Bismark<\/strong>. Tra i parchi divertimenti pi\u00f9 gettonati nel Nord Dakota.<\/li>\n<\/ul>\n<p>Per approfondire tutte queste attrazioni dai un&#8217;occhiata al <strong>sito web ufficiale del turismo nel Nord Dakota<\/strong>:\u00a0<a href=\"http:\/\/www.ndtourism.com\/attractions\" target=\"_blank\" rel=\"noopener\">www.ndtourism.com\/attractions<\/a><\/p>\n<p>Sullo stesso sito web trovate anche <strong>una mappa interattiva<\/strong> per &#8220;visitare&#8221; il Nord Dakota prima di arrivarci!<\/p>\n<h2>Bismarck, capitale del Nord Dakota<\/h2>\n<p>Bismarck \u00e8 la capitale e sede della contea di Burleigh County. Il <strong>North Dakota State Capitol<\/strong>, edificio pi\u00f9 alto dello stato, domina la parte centrale della citt\u00e0. Qui \u00e8 possibile fare dei tour per visitare le attrazioni presenti.<\/p>\n<p>Non mancano <strong>parchi urbani<\/strong> e <strong>musei<\/strong>, e c&#8217;\u00e8 anche uno zoo con moltissime specie di animali, il <strong>Dakota Zoo<\/strong>.<\/p>\n<p>Dal punto di vista del clima c&#8217;\u00e8 <strong>molta variabilit\u00e0 tra le quattro stagioni<\/strong>. Ci sono <strong>inverni lunghi e freddi<\/strong> ed <strong>estati calde e a volte umide<\/strong>.<\/p>\n<p>&nbsp;<\/p>\n<h3>Leggi anche &#8230;<\/h3>\n<ul>\n<li><span style=\"text-decoration: underline\"><a href=\"https:\/\/statiuniti.evolutiontravel.it\/infovacanze\/destinazioni\/dakota-del-sud\/\">Dakota del Sud<\/a><\/span><\/li>\n<li><span style=\"text-decoration: underline\"><a href=\"https:\/\/statiuniti.evolutiontravel.it\/infovacanze\/informazioni\/cartina\/\">Cartina degli Stati Uniti<\/a><\/span><\/li>\n<\/ul>\n<h3 style=\"text-align: center\">Offerte viaggi e vacanze negli Stati Uniti<\/h3>\n<p style=\"text-align: center\"><strong><span style=\"color: #008000\">IMPERDIBILI OFFERTE: CLICCA E SCOPRI TUTTO!<\/span><\/strong><\/p>\n<div class=\"feedzy-83f17c017565cad0680a48d64d813588 feedzy-rss\">\n\t\t<ul class=\"feedzy-style2\">\n\t\t\t\t\t<li  style=\"padding: 23px 0 38px\" class=\"rss_item feedzy-rss-col-3\" >\n\t\t\t\t\t\t\t\t\t<div class=\"rss_image\" style=\"width:225px; height:225px;\">\n\t\t\t\t\t\t<a href=\"https:\/\/statiuniti.evolutiontravel.it\/it_IT\/906\/tab\/36237_dal-lago-michigan-alla-grande-mela-self-drive.html\" target=\"_blank\" \n\t\t\t\t\t\t\trel=\"noopener \"\n\t\t\t\t\t\t\ttitle=\"Dal Lago Michigan alla Grande Mela - Self drive\"\n\t\t\t\t\t\t\tstyle=\"width:225px; height:225px;\">\n\t\t\t\t\t\t\t<span class=\"fetched\" style=\"background-image:  url('http:\/\/etcdn.net\/thumbnails\/36237\/it-chicago-dal-lago-michigan-alla-grande-mela-tour-di-gruppo-635ff.jpg');\" title=\"Dal Lago Michigan alla Grande Mela - Self drive\"><\/span><amp-img width=\"225\" height=\"225\" src=\"http:\/\/etcdn.net\/thumbnails\/36237\/it-chicago-dal-lago-michigan-alla-grande-mela-tour-di-gruppo-635ff.jpg\">\t\t\t\t\t\t<\/a>\n\t\t\t\t\t<\/div>\n\t\t\t\t\t\t\t\t<div class=\"rss_content_wrap\">\n\t\t\t\t\t<span class=\"title\">\n\t\t\t\t\t\t<a href=\"https:\/\/statiuniti.evolutiontravel.it\/it_IT\/906\/tab\/36237_dal-lago-michigan-alla-grande-mela-self-drive.html\" target=\"_blank\"  rel=\"noopener \">\n\t\t\t\t\t\t\tDal Lago Michigan alla Grande Mela - Self drive\t\t\t\t\t\t<\/a>\n\t\t\t\t\t<\/span>\n\t\t\t\t\t<div class=\"rss_content\"\n\t\t\t\t\t\t\tstyle=\"\">\n\t\t\t\t\t\t\n\t\t\t\t\t\t\t\t\t\t\t\t<p class=\"description\">Lo splendore delle citt\u00e0 pi\u00f9 belle ed importanti dell'Est con la meraviglia di bellezze naturali uniche al mondo.<\/p>\n\t\t\t\t\t\t\n\t\t\t\t\t\t\t\t\t\t\t\t\t\t\t\t\t\t\t<div class=\"price-wrap\">\n\t\t\t\t\t\t\t\t<a href=\"https:\/\/statiuniti.evolutiontravel.it\/it_IT\/906\/tab\/36237_dal-lago-michigan-alla-grande-mela-self-drive.html\" target=\"_blank\" rel=\"noopener\"><button class=\"price\"> 1200<\/button><\/a>\n\t\t\t\t\t\t\t<\/div>\n\t\t\t\t\t\t\t\t\t\t\t<\/div>\n\t\t\t\t<\/div>\n\t\t\t<\/li>\n\t\t\t\t\t\t<li  style=\"padding: 23px 0 38px\" class=\"rss_item feedzy-rss-col-3\" >\n\t\t\t\t\t\t\t\t\t<div class=\"rss_image\" style=\"width:225px; height:225px;\">\n\t\t\t\t\t\t<a href=\"https:\/\/statiuniti.evolutiontravel.it\/it_IT\/906\/tab\/36282_sin-city-e-scenari-dellovest-tour-di-gruppo.html\" target=\"_blank\" \n\t\t\t\t\t\t\trel=\"noopener \"\n\t\t\t\t\t\t\ttitle=\"Sin City e scenari dell&#039;Ovest - Tour di gruppo\"\n\t\t\t\t\t\t\tstyle=\"width:225px; height:225px;\">\n\t\t\t\t\t\t\t<span class=\"fetched\" style=\"background-image:  url('http:\/\/etcdn.net\/thumbnails\/35185\/it-las-vegas-avventura-nei-parchi-dellovest-da-las-vegas-a-san-francisco-52c32.jpg');\" title=\"Sin City e scenari dell&#039;Ovest - Tour di gruppo\"><\/span><amp-img width=\"225\" height=\"225\" src=\"http:\/\/etcdn.net\/thumbnails\/35185\/it-las-vegas-avventura-nei-parchi-dellovest-da-las-vegas-a-san-francisco-52c32.jpg\">\t\t\t\t\t\t<\/a>\n\t\t\t\t\t<\/div>\n\t\t\t\t\t\t\t\t<div class=\"rss_content_wrap\">\n\t\t\t\t\t<span class=\"title\">\n\t\t\t\t\t\t<a href=\"https:\/\/statiuniti.evolutiontravel.it\/it_IT\/906\/tab\/36282_sin-city-e-scenari-dellovest-tour-di-gruppo.html\" target=\"_blank\"  rel=\"noopener \">\n\t\t\t\t\t\t\tSin City e scenari dell'Ovest - Tour di gruppo\t\t\t\t\t\t<\/a>\n\t\t\t\t\t<\/span>\n\t\t\t\t\t<div class=\"rss_content\"\n\t\t\t\t\t\t\tstyle=\"\">\n\t\t\t\t\t\t\n\t\t\t\t\t\t\t\t\t\t\t\t<p class=\"description\">Programma originale ed esclusivo per viaggiatori con poco tempo<\/p>\n\t\t\t\t\t\t\n\t\t\t\t\t\t\t\t\t\t\t\t\t\t\t\t\t\t\t<div class=\"price-wrap\">\n\t\t\t\t\t\t\t\t<a href=\"https:\/\/statiuniti.evolutiontravel.it\/it_IT\/906\/tab\/36282_sin-city-e-scenari-dellovest-tour-di-gruppo.html\" target=\"_blank\" rel=\"noopener\"><button class=\"price\"> 1061<\/button><\/a>\n\t\t\t\t\t\t\t<\/div>\n\t\t\t\t\t\t\t\t\t\t\t<\/div>\n\t\t\t\t<\/div>\n\t\t\t<\/li>\n\t\t\t\t\t\t<li  style=\"padding: 23px 0 38px\" class=\"rss_item feedzy-rss-col-3\" >\n\t\t\t\t\t\t\t\t\t<div class=\"rss_image\" style=\"width:225px; height:225px;\">\n\t\t\t\t\t\t<a href=\"https:\/\/statiuniti.evolutiontravel.it\/it_IT\/906\/tab\/25997_vieni-a-festeggiare-svalentino-nella-grande-mela.html\" target=\"_blank\" \n\t\t\t\t\t\t\trel=\"noopener \"\n\t\t\t\t\t\t\ttitle=\"Vieni a festeggiare S.Valentino nella Grande Mela\"\n\t\t\t\t\t\t\tstyle=\"width:225px; height:225px;\">\n\t\t\t\t\t\t\t<span class=\"fetched\" style=\"background-image:  url('http:\/\/etcdn.net\/thumbnails\/25997\/it-new-york-regala-una-vacanza-per-san-valentino-62b88.jpg');\" title=\"Vieni a festeggiare S.Valentino nella Grande Mela\"><\/span><amp-img width=\"225\" height=\"225\" src=\"http:\/\/etcdn.net\/thumbnails\/25997\/it-new-york-regala-una-vacanza-per-san-valentino-62b88.jpg\">\t\t\t\t\t\t<\/a>\n\t\t\t\t\t<\/div>\n\t\t\t\t\t\t\t\t<div class=\"rss_content_wrap\">\n\t\t\t\t\t<span class=\"title\">\n\t\t\t\t\t\t<a href=\"https:\/\/statiuniti.evolutiontravel.it\/it_IT\/906\/tab\/25997_vieni-a-festeggiare-svalentino-nella-grande-mela.html\" target=\"_blank\"  rel=\"noopener \">\n\t\t\t\t\t\t\tVieni a festeggiare S.Valentino nella Grande Mela\t\t\t\t\t\t<\/a>\n\t\t\t\t\t<\/span>\n\t\t\t\t\t<div class=\"rss_content\"\n\t\t\t\t\t\t\tstyle=\"\">\n\t\t\t\t\t\t\n\t\t\t\t\t\t\t\t\t\t\t\t<p class=\"description\">Un'esperienza unica ed irripetibile nella citt\u00e0 che non dorme mai.<\/p>\n\t\t\t\t\t\t\n\t\t\t\t\t\t\t\t\t\t\t\t\t\t\t\t\t\t\t<div class=\"price-wrap\">\n\t\t\t\t\t\t\t\t<a href=\"https:\/\/statiuniti.evolutiontravel.it\/it_IT\/906\/tab\/25997_vieni-a-festeggiare-svalentino-nella-grande-mela.html\" target=\"_blank\" rel=\"noopener\"><button class=\"price\"> 395<\/button><\/a>\n\t\t\t\t\t\t\t<\/div>\n\t\t\t\t\t\t\t\t\t\t\t<\/div>\n\t\t\t\t<\/div>\n\t\t\t<\/li>\n\t\t\t\t\t\t<li  style=\"padding: 23px 0 38px\" class=\"rss_item feedzy-rss-col-3\" >\n\t\t\t\t\t\t\t\t\t<div class=\"rss_image\" style=\"width:225px; height:225px;\">\n\t\t\t\t\t\t<a href=\"https:\/\/statiuniti.evolutiontravel.it\/it_IT\/906\/tab\/41438_self-drive-west-coast.html\" target=\"_blank\" \n\t\t\t\t\t\t\trel=\"noopener \"\n\t\t\t\t\t\t\ttitle=\"Self Drive West Coast\"\n\t\t\t\t\t\t\tstyle=\"width:225px; height:225px;\">\n\t\t\t\t\t\t\t<span class=\"fetched\" style=\"background-image:  url('http:\/\/etcdn.net\/thumbnails\/9626\/it-san-francisco-southwestern-panoramas-tour-di-gruppo-51c5a.jpg');\" title=\"Self Drive West Coast\"><\/span><amp-img width=\"225\" height=\"225\" src=\"http:\/\/etcdn.net\/thumbnails\/9626\/it-san-francisco-southwestern-panoramas-tour-di-gruppo-51c5a.jpg\">\t\t\t\t\t\t<\/a>\n\t\t\t\t\t<\/div>\n\t\t\t\t\t\t\t\t<div class=\"rss_content_wrap\">\n\t\t\t\t\t<span class=\"title\">\n\t\t\t\t\t\t<a href=\"https:\/\/statiuniti.evolutiontravel.it\/it_IT\/906\/tab\/41438_self-drive-west-coast.html\" target=\"_blank\"  rel=\"noopener \">\n\t\t\t\t\t\t\tSelf Drive West Coast\t\t\t\t\t\t<\/a>\n\t\t\t\t\t<\/span>\n\t\t\t\t\t<div class=\"rss_content\"\n\t\t\t\t\t\t\tstyle=\"\">\n\t\t\t\t\t\t\n\t\t\t\t\t\t\t\t\t\t\t\t<p class=\"description\">Un suggestivo itinerario di 15 giorni attraverso il West da San Francisco a Los Angeles<\/p>\n\t\t\t\t\t\t\n\t\t\t\t\t\t\t\t\t\t\t\t\t\t\t\t\t\t\t<div class=\"price-wrap\">\n\t\t\t\t\t\t\t\t<a href=\"https:\/\/statiuniti.evolutiontravel.it\/it_IT\/906\/tab\/41438_self-drive-west-coast.html\" target=\"_blank\" rel=\"noopener\"><button class=\"price\"> 1750<\/button><\/a>\n\t\t\t\t\t\t\t<\/div>\n\t\t\t\t\t\t\t\t\t\t\t<\/div>\n\t\t\t\t<\/div>\n\t\t\t<\/li>\n\t\t\t\t\t\t<li  style=\"padding: 23px 0 38px\" class=\"rss_item feedzy-rss-col-3\" >\n\t\t\t\t\t\t\t\t\t<div class=\"rss_image\" style=\"width:225px; height:225px;\">\n\t\t\t\t\t\t<a href=\"https:\/\/statiuniti.evolutiontravel.it\/it_IT\/906\/tab\/39604_highlights-del-west-self-drive.html\" target=\"_blank\" \n\t\t\t\t\t\t\trel=\"noopener \"\n\t\t\t\t\t\t\ttitle=\"Highlights del West  - Self Drive\"\n\t\t\t\t\t\t\tstyle=\"width:225px; height:225px;\">\n\t\t\t\t\t\t\t<span class=\"fetched\" style=\"background-image:  url('http:\/\/etcdn.net\/thumbnails\/32117\/it-los-angeles-forever-west-tour-di-gruppo-51a40.jpg');\" title=\"Highlights del West  - Self Drive\"><\/span><amp-img width=\"225\" height=\"225\" src=\"http:\/\/etcdn.net\/thumbnails\/32117\/it-los-angeles-forever-west-tour-di-gruppo-51a40.jpg\">\t\t\t\t\t\t<\/a>\n\t\t\t\t\t<\/div>\n\t\t\t\t\t\t\t\t<div class=\"rss_content_wrap\">\n\t\t\t\t\t<span class=\"title\">\n\t\t\t\t\t\t<a href=\"https:\/\/statiuniti.evolutiontravel.it\/it_IT\/906\/tab\/39604_highlights-del-west-self-drive.html\" target=\"_blank\"  rel=\"noopener \">\n\t\t\t\t\t\t\tHighlights del West  - Self Drive\t\t\t\t\t\t<\/a>\n\t\t\t\t\t<\/span>\n\t\t\t\t\t<div class=\"rss_content\"\n\t\t\t\t\t\t\tstyle=\"\">\n\t\t\t\t\t\t\n\t\t\t\t\t\t\t\t\t\t\t\t<p class=\"description\">Un suggestivo itinerario di 15 giorni attraverso la magia del West Americano!<\/p>\n\t\t\t\t\t\t\n\t\t\t\t\t\t\t\t\t\t\t\t\t\t\t\t\t\t\t<div class=\"price-wrap\">\n\t\t\t\t\t\t\t\t<a href=\"https:\/\/statiuniti.evolutiontravel.it\/it_IT\/906\/tab\/39604_highlights-del-west-self-drive.html\" target=\"_blank\" rel=\"noopener\"><button class=\"price\"> 1450<\/button><\/a>\n\t\t\t\t\t\t\t<\/div>\n\t\t\t\t\t\t\t\t\t\t\t<\/div>\n\t\t\t\t<\/div>\n\t\t\t<\/li>\n\t\t\t\t\t\t<li  style=\"padding: 23px 0 38px\" class=\"rss_item feedzy-rss-col-3\" >\n\t\t\t\t\t\t\t\t\t<div class=\"rss_image\" style=\"width:225px; height:225px;\">\n\t\t\t\t\t\t<a href=\"https:\/\/statiuniti.evolutiontravel.it\/it_IT\/906\/tab\/36405_pasqua-nella-grande-mela-pacchetto-con-escursioni-incluse.html\" target=\"_blank\" \n\t\t\t\t\t\t\trel=\"noopener \"\n\t\t\t\t\t\t\ttitle=\"Pasqua nella Grande Mela - Pacchetto con escursioni incluse\"\n\t\t\t\t\t\t\tstyle=\"width:225px; height:225px;\">\n\t\t\t\t\t\t\t<span class=\"fetched\" style=\"background-image:  url('http:\/\/etcdn.net\/thumbnails\/32115\/it-new-york-tour-di-gruppo-nella-citta-che-non-dorme-mai-50a68.jpg');\" title=\"Pasqua nella Grande Mela - Pacchetto con escursioni incluse\"><\/span><amp-img width=\"225\" height=\"225\" src=\"http:\/\/etcdn.net\/thumbnails\/32115\/it-new-york-tour-di-gruppo-nella-citta-che-non-dorme-mai-50a68.jpg\">\t\t\t\t\t\t<\/a>\n\t\t\t\t\t<\/div>\n\t\t\t\t\t\t\t\t<div class=\"rss_content_wrap\">\n\t\t\t\t\t<span class=\"title\">\n\t\t\t\t\t\t<a href=\"https:\/\/statiuniti.evolutiontravel.it\/it_IT\/906\/tab\/36405_pasqua-nella-grande-mela-pacchetto-con-escursioni-incluse.html\" target=\"_blank\"  rel=\"noopener \">\n\t\t\t\t\t\t\tPasqua nella Grande Mela - Pacchetto con escursioni incluse\t\t\t\t\t\t<\/a>\n\t\t\t\t\t<\/span>\n\t\t\t\t\t<div class=\"rss_content\"\n\t\t\t\t\t\t\tstyle=\"\">\n\t\t\t\t\t\t\n\t\t\t\t\t\t\t\t\t\t\t\t<p class=\"description\">Tutto il fascino della Grande Mela a Pasqua<\/p>\n\t\t\t\t\t\t\n\t\t\t\t\t\t\t\t\t\t\t\t\t\t\t\t\t\t\t<div class=\"price-wrap\">\n\t\t\t\t\t\t\t\t<a href=\"https:\/\/statiuniti.evolutiontravel.it\/it_IT\/906\/tab\/36405_pasqua-nella-grande-mela-pacchetto-con-escursioni-incluse.html\" target=\"_blank\" rel=\"noopener\"><button class=\"price\"> 1100<\/button><\/a>\n\t\t\t\t\t\t\t<\/div>\n\t\t\t\t\t\t\t\t\t\t\t<\/div>\n\t\t\t\t<\/div>\n\t\t\t<\/li>\n\t\t\t\t<\/ul>\n<\/div>\n<style type=\"text\/css\" media=\"all\">.feedzy-rss .rss_item .rss_image{float:left;position:relative;border:none;text-decoration:none;max-width:100%}.feedzy-rss .rss_item .rss_image span{display:inline-block;position:absolute;width:100%;height:100%;background-position:50%;background-size:cover}.feedzy-rss .rss_item .rss_image{margin:.3em 1em 0 0;content-visibility:auto}.feedzy-rss ul{list-style:none}.feedzy-rss ul li{display:inline-block}<\/style>\n","protected":false},"excerpt":{"rendered":"<p>Il Nord Dakota \u00e8 uno stato del Midwest\u00a0degli Stati Uniti: \u00e8 nel mezzo del\u00a0Nord America e infatti \u00e8 identificato come il &#8220;centro geografico del continente nord americano&#8221;. Bismarck \u00e8 la capitale anche se la citt\u00e0 pi\u00f9 grande \u00e8\u00a0Fargo. Tra le attrazioni e i parchi tematici che travate in questa destinazione americana, ecco quelli pi\u00f9 famosi:: <a class=\"moretag\" href=\"https:\/\/statiuniti.evolutiontravel.it\/infovacanze\/destinazioni\/dakota-del-nord\/\">[&#8230;]<\/a><\/p>\n","protected":false},"author":6,"featured_media":0,"parent":185,"menu_order":0,"comment_status":"closed","ping_status":"open","template":"templates\/template-with-right-sidebar.php","meta":{"footnotes":""},"yoast_head":"<!-- This site is optimized with the Yoast SEO plugin v21.9.1 - https:\/\/yoast.com\/wordpress\/plugins\/seo\/ -->\n<title>Nord Dakota e capitale Bismarck - Vacanze negli Stati Uniti<\/title>\n<meta name=\"description\" content=\"Pronto per un viaggio nel Nord Dakota? Scopri con noi questa destinazione americana e parti grazie alle imperdibili offerte viaggi!\" \/>\n<meta name=\"robots\" content=\"index, follow, max-snippet:-1, max-image-preview:large, max-video-preview:-1\" \/>\n<link rel=\"canonical\" href=\"https:\/\/statiuniti.evolutiontravel.it\/infovacanze\/destinazioni\/dakota-del-nord\/\" \/>\n<meta name=\"twitter:label1\" content=\"Tempo di lettura stimato\" \/>\n\t<meta name=\"twitter:data1\" content=\"2 minuti\" \/>\n<script type=\"application\/ld+json\" class=\"yoast-schema-graph\">{\"@context\":\"https:\/\/schema.org\",\"@graph\":[{\"@type\":\"WebPage\",\"@id\":\"https:\/\/statiuniti.evolutiontravel.it\/infovacanze\/destinazioni\/dakota-del-nord\/\",\"url\":\"https:\/\/statiuniti.evolutiontravel.it\/infovacanze\/destinazioni\/dakota-del-nord\/\",\"name\":\"Nord Dakota e capitale Bismarck - Vacanze negli Stati Uniti\",\"isPartOf\":{\"@id\":\"https:\/\/statiuniti.evolutiontravel.it\/infovacanze\/#website\"},\"datePublished\":\"2013-08-21T16:07:05+00:00\",\"dateModified\":\"2019-05-22T08:13:36+00:00\",\"description\":\"Pronto per un viaggio nel Nord Dakota? Scopri con noi questa destinazione americana e parti grazie alle imperdibili offerte viaggi!\",\"breadcrumb\":{\"@id\":\"https:\/\/statiuniti.evolutiontravel.it\/infovacanze\/destinazioni\/dakota-del-nord\/#breadcrumb\"},\"inLanguage\":\"it-IT\",\"potentialAction\":[{\"@type\":\"ReadAction\",\"target\":[\"https:\/\/statiuniti.evolutiontravel.it\/infovacanze\/destinazioni\/dakota-del-nord\/\"]}]},{\"@type\":\"BreadcrumbList\",\"@id\":\"https:\/\/statiuniti.evolutiontravel.it\/infovacanze\/destinazioni\/dakota-del-nord\/#breadcrumb\",\"itemListElement\":[{\"@type\":\"ListItem\",\"position\":1,\"name\":\"Destinazioni americane da visitare\",\"item\":\"https:\/\/statiuniti.evolutiontravel.it\/infovacanze\/destinazioni\/\"},{\"@type\":\"ListItem\",\"position\":2,\"name\":\"Nord Dakota\"}]},{\"@type\":\"WebSite\",\"@id\":\"https:\/\/statiuniti.evolutiontravel.it\/infovacanze\/#website\",\"url\":\"https:\/\/statiuniti.evolutiontravel.it\/infovacanze\/\",\"name\":\"Stati Uniti\",\"description\":\"\",\"potentialAction\":[{\"@type\":\"SearchAction\",\"target\":{\"@type\":\"EntryPoint\",\"urlTemplate\":\"https:\/\/statiuniti.evolutiontravel.it\/infovacanze\/?s={search_term_string}\"},\"query-input\":\"required name=search_term_string\"}],\"inLanguage\":\"it-IT\"}]}<\/script>\n<!-- \/ Yoast SEO plugin. -->","yoast_head_json":{"title":"Nord Dakota e capitale Bismarck - Vacanze negli Stati Uniti","description":"Pronto per un viaggio nel Nord Dakota? Scopri con noi questa destinazione americana e parti grazie alle imperdibili offerte viaggi!","robots":{"index":"index","follow":"follow","max-snippet":"max-snippet:-1","max-image-preview":"max-image-preview:large","max-video-preview":"max-video-preview:-1"},"canonical":"https:\/\/statiuniti.evolutiontravel.it\/infovacanze\/destinazioni\/dakota-del-nord\/","twitter_misc":{"Tempo di lettura stimato":"2 minuti"},"schema":{"@context":"https:\/\/schema.org","@graph":[{"@type":"WebPage","@id":"https:\/\/statiuniti.evolutiontravel.it\/infovacanze\/destinazioni\/dakota-del-nord\/","url":"https:\/\/statiuniti.evolutiontravel.it\/infovacanze\/destinazioni\/dakota-del-nord\/","name":"Nord Dakota e capitale Bismarck - Vacanze negli Stati Uniti","isPartOf":{"@id":"https:\/\/statiuniti.evolutiontravel.it\/infovacanze\/#website"},"datePublished":"2013-08-21T16:07:05+00:00","dateModified":"2019-05-22T08:13:36+00:00","description":"Pronto per un viaggio nel Nord Dakota? Scopri con noi questa destinazione americana e parti grazie alle imperdibili offerte viaggi!","breadcrumb":{"@id":"https:\/\/statiuniti.evolutiontravel.it\/infovacanze\/destinazioni\/dakota-del-nord\/#breadcrumb"},"inLanguage":"it-IT","potentialAction":[{"@type":"ReadAction","target":["https:\/\/statiuniti.evolutiontravel.it\/infovacanze\/destinazioni\/dakota-del-nord\/"]}]},{"@type":"BreadcrumbList","@id":"https:\/\/statiuniti.evolutiontravel.it\/infovacanze\/destinazioni\/dakota-del-nord\/#breadcrumb","itemListElement":[{"@type":"ListItem","position":1,"name":"Destinazioni americane da visitare","item":"https:\/\/statiuniti.evolutiontravel.it\/infovacanze\/destinazioni\/"},{"@type":"ListItem","position":2,"name":"Nord Dakota"}]},{"@type":"WebSite","@id":"https:\/\/statiuniti.evolutiontravel.it\/infovacanze\/#website","url":"https:\/\/statiuniti.evolutiontravel.it\/infovacanze\/","name":"Stati Uniti","description":"","potentialAction":[{"@type":"SearchAction","target":{"@type":"EntryPoint","urlTemplate":"https:\/\/statiuniti.evolutiontravel.it\/infovacanze\/?s={search_term_string}"},"query-input":"required name=search_term_string"}],"inLanguage":"it-IT"}]}},"_links":{"self":[{"href":"https:\/\/statiuniti.evolutiontravel.it\/infovacanze\/wp-json\/wp\/v2\/pages\/245"}],"collection":[{"href":"https:\/\/statiuniti.evolutiontravel.it\/infovacanze\/wp-json\/wp\/v2\/pages"}],"about":[{"href":"https:\/\/statiuniti.evolutiontravel.it\/infovacanze\/wp-json\/wp\/v2\/types\/page"}],"author":[{"embeddable":true,"href":"https:\/\/statiuniti.evolutiontravel.it\/infovacanze\/wp-json\/wp\/v2\/users\/6"}],"replies":[{"embeddable":true,"href":"https:\/\/statiuniti.evolutiontravel.it\/infovacanze\/wp-json\/wp\/v2\/comments?post=245"}],"version-history":[{"count":8,"href":"https:\/\/statiuniti.evolutiontravel.it\/infovacanze\/wp-json\/wp\/v2\/pages\/245\/revisions"}],"predecessor-version":[{"id":2124,"href":"https:\/\/statiuniti.evolutiontravel.it\/infovacanze\/wp-json\/wp\/v2\/pages\/245\/revisions\/2124"}],"up":[{"embeddable":true,"href":"https:\/\/statiuniti.evolutiontravel.it\/infovacanze\/wp-json\/wp\/v2\/pages\/185"}],"wp:attachment":[{"href":"https:\/\/statiuniti.evolutiontravel.it\/infovacanze\/wp-json\/wp\/v2\/media?parent=245"}],"curies":[{"name":"wp","href":"https:\/\/api.w.org\/{rel}","templated":true}]}}