{"id":220,"date":"2013-08-21T17:55:23","date_gmt":"2013-08-21T15:55:23","guid":{"rendered":"http:\/\/statiuniti.evolutiontravel.it\/infovacanze\/?page_id=220"},"modified":"2019-05-10T08:40:48","modified_gmt":"2019-05-10T06:40:48","slug":"colorado","status":"publish","type":"page","link":"https:\/\/statiuniti.evolutiontravel.it\/infovacanze\/destinazioni\/colorado\/","title":{"rendered":"Colorado"},"content":{"rendered":"<p><strong>Colorado<\/strong>, con <strong>capitale Denver,<\/strong> \u00e8 tra gli Stati Uniti quello noto per le <a href=\"https:\/\/statiuniti.evolutiontravel.it\/infovacanze\/da-vedere\/montagne-rocciose\/\"><strong><u>Montagne Rocciose<\/u><\/strong><\/a>. Infatti qui farai un viaggio <strong>nello spirito del Far West<\/strong>, circondato dalla natura e con mille occasioni per scattare foto straordinarie.<\/p>\n<p>La <strong>geografia <\/strong>di questo paese \u00e8 molto varia e comprende sia terreni accidentati e<strong> montagnosi sia vaste pianure<\/strong>. Possiamo definire il Colorado come un rettangolo con al centro la vetta del monte\u00a0<strong>Elbert di 4401 metri di altezza<\/strong>.<\/p>\n<p>Il\u00a0<strong>Lake County<\/strong>\u00a0 \u00e8 il lago nel punto pi\u00f9 alto di tutte le Montagne Rocciose mentre il punto pi\u00f9 basso confina con la contea di\u00a0<strong>Yuma<\/strong>. Questi bacini, in particolare il San Luis Valley, si trovano lungo la depressione di Rio Grande.<\/p>\n<p><strong>Grand Junction<\/strong> \u00e8 la pi\u00f9 grande citt\u00e0 nella parte occidentale mentre per trovare altre montagne ancora c&#8217;\u00e8\u00a0 <strong>Grand Mesa<\/strong>.<\/p>\n<p>Ad Est ci sono <strong>le stazioni sciistiche di\u00a0Aspen<\/strong>, <strong>Vail, Crested Butte e Steamboat Springs <\/strong>mentre da ovest a est, lo Stato \u00e8 pressoch\u00e8 deserto.<\/p>\n<h2>Parchi nazionali del Colorado<\/h2>\n<p>Come dicevamo all&#8217;inizio dell&#8217;articolo, questa destinazione \u00e8 perfetta per<strong> chi ama la natura.<\/strong><\/p>\n<p>Qui i sono almeno 3 grandi parchi nazionali che meritano una visita:<\/p>\n<ul>\n<li><strong>Black Canyon of the Gunnison, <\/strong>un enorme canyon che conta precipizi di oltre seicento metri.<\/li>\n<\/ul>\n<p>&nbsp;<\/p>\n<ul>\n<li><strong>Parco Nazionale di Mesa Verde<\/strong>, Patrimonio dell\u2019Umanit\u00e0 Unesco. E&#8217; un&#8217;area protetta con un altopiano che arriva a circa 2.500 metri d\u2019altezza.<\/li>\n<\/ul>\n<p>&nbsp;<\/p>\n<ul>\n<li><strong>Great Sand Dunes<\/strong>: 342,6 km\u00b2 di foreste, laghi e pascoli. La sua particolarit\u00e0 \u00e8 la visione contemporanea di <strong>alte dune di sabbia<\/strong> anche di 300 metri, circondate da <strong>picchi innevati<\/strong>.<\/li>\n<\/ul>\n<p>Volete infine respirare l\u2019aria del <strong>vecchio West?<\/strong> Allora andate a <strong>Durango<\/strong>, nel Colorado del Sud, la citt\u00e0 ha mantenuto il fascino di un tempo!<\/p>\n<h2>Denver, capitale del Colorado<\/h2>\n<p><img loading=\"lazy\" decoding=\"async\" class=\"size-full wp-image-576 aligncenter\" src=\"https:\/\/statiuniti.evolutiontravel.it\/infovacanze\/wp-content\/uploads\/sites\/17\/2013\/09\/Denver-Colorado.jpg\" alt=\"Denver Colorado\" width=\"1680\" height=\"1050\" srcset=\"https:\/\/statiuniti.evolutiontravel.it\/infovacanze\/wp-content\/uploads\/sites\/17\/2013\/09\/Denver-Colorado.jpg 1680w, https:\/\/statiuniti.evolutiontravel.it\/infovacanze\/wp-content\/uploads\/sites\/17\/2013\/09\/Denver-Colorado-300x187.jpg 300w, https:\/\/statiuniti.evolutiontravel.it\/infovacanze\/wp-content\/uploads\/sites\/17\/2013\/09\/Denver-Colorado-1024x640.jpg 1024w, https:\/\/statiuniti.evolutiontravel.it\/infovacanze\/wp-content\/uploads\/sites\/17\/2013\/09\/Denver-Colorado-480x300.jpg 480w\" sizes=\"(max-width: 1680px) 100vw, 1680px\" \/><\/p>\n<p><strong>Citt\u00e0 e contea, <\/strong>Denver \u00e8 la capitale e la citt\u00e0 pi\u00f9 grande dello stato del Colorado.<\/p>\n<p>E&#8217; situata nella South Platte River Valley nelle High Plains, a est del Front Range delle Montagne Rocciose. E&#8217; soprannominata la <em>Mile-High City<\/em>, perch\u00e9 la sua altezza ufficiale \u00e8 esattamente un miglio, o 5.280 piedi (1.609 metri).<\/p>\n<p>Qui c&#8217;\u00e8 solo che l&#8217;imbarazzo della scelta nel <strong>decidere cosa vedere e fare<\/strong>, ce n&#8217;\u00e8 per tutti i gusti e <strong>per tutti i tipi di turisti<\/strong> e sul <a title=\"eventi denver\" href=\"https:\/\/www.denver.org\/events\/\" target=\"_blank\" rel=\"noopener\">sito web ufficiale della citt\u00e0<\/a> una <strong>lista di eventi<\/strong> sempre in aggiornamento.<\/p>\n<p>Noi consigliamo di andare a vedere:<\/p>\n<ul>\n<li><a title=\"giardino botanico denver\" href=\"https:\/\/www.botanicgardens.org\/\" target=\"_blank\" rel=\"noopener\">il famoso giardino botanico<\/a><\/li>\n<li><a title=\"denver museum art\" href=\"https:\/\/denverartmuseum.org\/\" target=\"_blank\" rel=\"noopener\">il Denver museum art<\/a><\/li>\n<li><a title=\"centro commerciale denver\" href=\"https:\/\/www.shopcherrycreek.com\/\" target=\"_blank\" rel=\"noopener\">l&#8217;enorme centro commerciale in pieno stile americano<\/a><\/li>\n<\/ul>\n<p>&nbsp;<\/p>\n<h3 style=\"text-align: center\">VIAGGI E VACANZE NEGLI STATI UNITI con Evolution Travel<\/h3>\n<p style=\"text-align: center\"><strong><span style=\"color: #008000\">CLICCA ADESSO E SCOPRI SUBITO<\/span><\/strong>: <strong>programma<\/strong> viaggio,<strong> foto<\/strong>, <strong>commenti<\/strong>, <strong>recensioni<\/strong> e molto altro!<\/p>\n<div class=\"feedzy-39588e16288c7bfa2c1594d83569cdc1 feedzy-rss\"><ul>Feed has no items.<\/ul> <\/div>\n","protected":false},"excerpt":{"rendered":"<p>Colorado, con capitale Denver, \u00e8 tra gli Stati Uniti quello noto per le Montagne Rocciose. Infatti qui farai un viaggio nello spirito del Far West, circondato dalla natura e con mille occasioni per scattare foto straordinarie. La geografia di questo paese \u00e8 molto varia e comprende sia terreni accidentati e montagnosi sia vaste pianure. Possiamo <a class=\"moretag\" href=\"https:\/\/statiuniti.evolutiontravel.it\/infovacanze\/destinazioni\/colorado\/\">[&#8230;]<\/a><\/p>\n","protected":false},"author":6,"featured_media":0,"parent":185,"menu_order":0,"comment_status":"closed","ping_status":"open","template":"templates\/template-with-right-sidebar.php","meta":{"footnotes":""},"yoast_head":"<!-- This site is optimized with the Yoast SEO plugin v21.9.1 - https:\/\/yoast.com\/wordpress\/plugins\/seo\/ -->\n<title>Colorado, Stati Uniti: montagne, Far West e capitale Denver<\/title>\n<meta name=\"description\" content=\"Scopri con noi il Colorado, noto per le Montagne Rocciose e non solo: leggi il nostro articolo, richiedi la nostra offerta speciale!\" \/>\n<meta name=\"robots\" content=\"index, follow, max-snippet:-1, max-image-preview:large, max-video-preview:-1\" \/>\n<link rel=\"canonical\" href=\"https:\/\/statiuniti.evolutiontravel.it\/infovacanze\/destinazioni\/colorado\/\" \/>\n<meta name=\"twitter:label1\" content=\"Tempo di lettura stimato\" \/>\n\t<meta name=\"twitter:data1\" content=\"2 minuti\" \/>\n<script type=\"application\/ld+json\" class=\"yoast-schema-graph\">{\"@context\":\"https:\/\/schema.org\",\"@graph\":[{\"@type\":\"WebPage\",\"@id\":\"https:\/\/statiuniti.evolutiontravel.it\/infovacanze\/destinazioni\/colorado\/\",\"url\":\"https:\/\/statiuniti.evolutiontravel.it\/infovacanze\/destinazioni\/colorado\/\",\"name\":\"Colorado, Stati Uniti: montagne, Far West e capitale Denver\",\"isPartOf\":{\"@id\":\"https:\/\/statiuniti.evolutiontravel.it\/infovacanze\/#website\"},\"datePublished\":\"2013-08-21T15:55:23+00:00\",\"dateModified\":\"2019-05-10T06:40:48+00:00\",\"description\":\"Scopri con noi il Colorado, noto per le Montagne Rocciose e non solo: leggi il nostro articolo, richiedi la nostra offerta speciale!\",\"breadcrumb\":{\"@id\":\"https:\/\/statiuniti.evolutiontravel.it\/infovacanze\/destinazioni\/colorado\/#breadcrumb\"},\"inLanguage\":\"it-IT\",\"potentialAction\":[{\"@type\":\"ReadAction\",\"target\":[\"https:\/\/statiuniti.evolutiontravel.it\/infovacanze\/destinazioni\/colorado\/\"]}]},{\"@type\":\"BreadcrumbList\",\"@id\":\"https:\/\/statiuniti.evolutiontravel.it\/infovacanze\/destinazioni\/colorado\/#breadcrumb\",\"itemListElement\":[{\"@type\":\"ListItem\",\"position\":1,\"name\":\"Destinazioni americane da visitare\",\"item\":\"https:\/\/statiuniti.evolutiontravel.it\/infovacanze\/destinazioni\/\"},{\"@type\":\"ListItem\",\"position\":2,\"name\":\"Colorado\"}]},{\"@type\":\"WebSite\",\"@id\":\"https:\/\/statiuniti.evolutiontravel.it\/infovacanze\/#website\",\"url\":\"https:\/\/statiuniti.evolutiontravel.it\/infovacanze\/\",\"name\":\"Stati Uniti\",\"description\":\"\",\"potentialAction\":[{\"@type\":\"SearchAction\",\"target\":{\"@type\":\"EntryPoint\",\"urlTemplate\":\"https:\/\/statiuniti.evolutiontravel.it\/infovacanze\/?s={search_term_string}\"},\"query-input\":\"required name=search_term_string\"}],\"inLanguage\":\"it-IT\"}]}<\/script>\n<!-- \/ Yoast SEO plugin. -->","yoast_head_json":{"title":"Colorado, Stati Uniti: montagne, Far West e capitale Denver","description":"Scopri con noi il Colorado, noto per le Montagne Rocciose e non solo: leggi il nostro articolo, richiedi la nostra offerta speciale!","robots":{"index":"index","follow":"follow","max-snippet":"max-snippet:-1","max-image-preview":"max-image-preview:large","max-video-preview":"max-video-preview:-1"},"canonical":"https:\/\/statiuniti.evolutiontravel.it\/infovacanze\/destinazioni\/colorado\/","twitter_misc":{"Tempo di lettura stimato":"2 minuti"},"schema":{"@context":"https:\/\/schema.org","@graph":[{"@type":"WebPage","@id":"https:\/\/statiuniti.evolutiontravel.it\/infovacanze\/destinazioni\/colorado\/","url":"https:\/\/statiuniti.evolutiontravel.it\/infovacanze\/destinazioni\/colorado\/","name":"Colorado, Stati Uniti: montagne, Far West e capitale Denver","isPartOf":{"@id":"https:\/\/statiuniti.evolutiontravel.it\/infovacanze\/#website"},"datePublished":"2013-08-21T15:55:23+00:00","dateModified":"2019-05-10T06:40:48+00:00","description":"Scopri con noi il Colorado, noto per le Montagne Rocciose e non solo: leggi il nostro articolo, richiedi la nostra offerta speciale!","breadcrumb":{"@id":"https:\/\/statiuniti.evolutiontravel.it\/infovacanze\/destinazioni\/colorado\/#breadcrumb"},"inLanguage":"it-IT","potentialAction":[{"@type":"ReadAction","target":["https:\/\/statiuniti.evolutiontravel.it\/infovacanze\/destinazioni\/colorado\/"]}]},{"@type":"BreadcrumbList","@id":"https:\/\/statiuniti.evolutiontravel.it\/infovacanze\/destinazioni\/colorado\/#breadcrumb","itemListElement":[{"@type":"ListItem","position":1,"name":"Destinazioni americane da visitare","item":"https:\/\/statiuniti.evolutiontravel.it\/infovacanze\/destinazioni\/"},{"@type":"ListItem","position":2,"name":"Colorado"}]},{"@type":"WebSite","@id":"https:\/\/statiuniti.evolutiontravel.it\/infovacanze\/#website","url":"https:\/\/statiuniti.evolutiontravel.it\/infovacanze\/","name":"Stati Uniti","description":"","potentialAction":[{"@type":"SearchAction","target":{"@type":"EntryPoint","urlTemplate":"https:\/\/statiuniti.evolutiontravel.it\/infovacanze\/?s={search_term_string}"},"query-input":"required name=search_term_string"}],"inLanguage":"it-IT"}]}},"_links":{"self":[{"href":"https:\/\/statiuniti.evolutiontravel.it\/infovacanze\/wp-json\/wp\/v2\/pages\/220"}],"collection":[{"href":"https:\/\/statiuniti.evolutiontravel.it\/infovacanze\/wp-json\/wp\/v2\/pages"}],"about":[{"href":"https:\/\/statiuniti.evolutiontravel.it\/infovacanze\/wp-json\/wp\/v2\/types\/page"}],"author":[{"embeddable":true,"href":"https:\/\/statiuniti.evolutiontravel.it\/infovacanze\/wp-json\/wp\/v2\/users\/6"}],"replies":[{"embeddable":true,"href":"https:\/\/statiuniti.evolutiontravel.it\/infovacanze\/wp-json\/wp\/v2\/comments?post=220"}],"version-history":[{"count":14,"href":"https:\/\/statiuniti.evolutiontravel.it\/infovacanze\/wp-json\/wp\/v2\/pages\/220\/revisions"}],"predecessor-version":[{"id":2083,"href":"https:\/\/statiuniti.evolutiontravel.it\/infovacanze\/wp-json\/wp\/v2\/pages\/220\/revisions\/2083"}],"up":[{"embeddable":true,"href":"https:\/\/statiuniti.evolutiontravel.it\/infovacanze\/wp-json\/wp\/v2\/pages\/185"}],"wp:attachment":[{"href":"https:\/\/statiuniti.evolutiontravel.it\/infovacanze\/wp-json\/wp\/v2\/media?parent=220"}],"curies":[{"name":"wp","href":"https:\/\/api.w.org\/{rel}","templated":true}]}}