{"id":1725,"date":"2018-06-13T11:03:04","date_gmt":"2018-06-13T09:03:04","guid":{"rendered":"http:\/\/statiuniti.evolutiontravel.it\/infovacanze\/?page_id=1725"},"modified":"2019-05-29T14:10:53","modified_gmt":"2019-05-29T12:10:53","slug":"oregon","status":"publish","type":"page","link":"https:\/\/statiuniti.evolutiontravel.it\/infovacanze\/destinazioni\/oregon\/","title":{"rendered":"Vacanze in Oregon"},"content":{"rendered":"<p>Il <strong>viaggio in Oregon<\/strong> sar\u00e0 alla scoperta di <strong>parchi<\/strong>,<strong> spiagge, <\/strong><strong>citt\u00e0 e natura<\/strong>. Non a caso, infatti, l&#8217;Oregon \u00e8 anche soprannominato &#8220;<em>Lo Stato dei castori<\/em>&#8220;!<\/p>\n<p>La vacanza in questa destinazione USA inizia da <strong>Portland<\/strong> dove c&#8217;\u00e8 l&#8217;aeroporto internazionale. <strong>Salem \u00e8 la capitale<\/strong> ma Portland \u00e8 la citt\u00e0 pi\u00f9 importante dell&#8217;Oregon.<\/p>\n<p>E&#8217; anche una citt\u00e0 carina da visitare: potete <strong>girare per i musei<\/strong> come il Portland Art Museum e l\u2019American Advertising Museum, e anche ammirare i boschi e le montagne che la circondano.<\/p>\n<p>Se il viaggio in Oregon sar\u00e0 <strong>a giugno<\/strong> allora non perdetevi uno degli eventi pi\u00f9 famosi in questo stato americano, il <a href=\"http:\/\/www.rosefestival.org\/\" target=\"_blank\" rel=\"noopener\"><strong><em>Rose Festival<\/em><\/strong><\/a>, il fiore simbolo di Portaland.<\/p>\n<p style=\"text-align: center\"><img loading=\"lazy\" decoding=\"async\" class=\"alignnone size-full wp-image-2163\" src=\"https:\/\/statiuniti.evolutiontravel.it\/infovacanze\/wp-content\/uploads\/sites\/17\/2019\/05\/oregon-stati-uniti.jpg\" alt=\"Oregon\" width=\"1000\" height=\"650\" srcset=\"https:\/\/statiuniti.evolutiontravel.it\/infovacanze\/wp-content\/uploads\/sites\/17\/2019\/05\/oregon-stati-uniti.jpg 1000w, https:\/\/statiuniti.evolutiontravel.it\/infovacanze\/wp-content\/uploads\/sites\/17\/2019\/05\/oregon-stati-uniti-300x195.jpg 300w, https:\/\/statiuniti.evolutiontravel.it\/infovacanze\/wp-content\/uploads\/sites\/17\/2019\/05\/oregon-stati-uniti-768x499.jpg 768w\" sizes=\"(max-width: 1000px) 100vw, 1000px\" \/><\/p>\n<h2>Parchi dell&#8217;Oregon<\/h2>\n<p>Come dicevamo all&#8217;inizio dell&#8217;articolo, l&#8217;Oregon \u00e8 spesso scelto da turisti e viaggiatori anche per i suoi parchi e foreste. Qui ci sono davvero molti luoghi suggestivi dove fare passeggiate e immergersi nella natura, ecco i principali:<\/p>\n<p><strong>Mount Hood National Forest<\/strong> \u00e8 a meno di <strong>un&#8217;ora da Portland<\/strong> e qui ci sono <strong>montagne, laghi<\/strong> e percorsi per fare <strong>hiking<\/strong>, passeggiate o stare in relax anche con tutta la famiglia. <strong>Sito web ufficiale<\/strong> con mappe e altre informazioni utili: <a href=\"https:\/\/www.fs.usda.gov\/mthood\/\" target=\"_blank\" rel=\"noopener\">www.fs.usda.gov\/mthood\/<\/a><\/p>\n<p><strong><a href=\"https:\/\/www.fs.usda.gov\/willamette\/\" target=\"_blank\" rel=\"noopener\">Willamette National Foresst<\/a><\/strong> e <a href=\"https:\/\/www.fs.usda.gov\/main\/deschutes\/home\" target=\"_blank\" rel=\"noopener\"><strong>Deschutes National Forest <\/strong><\/a>sono praticamente nella stessa zona a circa un&#8217;ora di distanza l&#8217;uno dall&#8217;altro. Sono <strong>aree incontaminate e selvagge <\/strong>dove fare diverse attivit\u00e0 sportive e a Willamette ci sono anche delle panoramiche cascate.<\/p>\n<p><strong>Umpqua National Forest<\/strong> confina con il famoso Parco nazionale di Crater Lake e quindi pu\u00f2 essere la tappa per un&#8217;escursione completa che includa anche il cratere. Anche in questo caso ci cono <strong>cascate e panorami mozzafiato<\/strong>. Maggiori informazioni sul sito web ufficiale della foresta: <a href=\"https:\/\/www.fs.usda.gov\/umpqua\/\" target=\"_blank\" rel=\"noopener\">www.fs.usda.gov\/umpqua\/<\/a><\/p>\n<p>Il <a href=\"https:\/\/www.nps.gov\/crla\/index.htm\" target=\"_blank\" rel=\"noopener\"><strong>Crater Lake National Park<\/strong><\/a> ospita il Crater Lake, il pi\u00f9 profondo lago vulcanico degli Stati Uniti, dall&#8217;increbile colore blu intenso: uno spettacolo naturale assolutamente imperdibile!<\/p>\n<p>&nbsp;<\/p>\n<h2>Oregon: viaggio lungo la costa<\/h2>\n<p>L&#8217;Oregon si affaccia sull&#8217;<strong>Oceano Pacifico<\/strong> con una costa che presenta panorami certamente indimenticabili.E la <strong><em>highway 101<\/em><\/strong> \u00e8 proprio la strada panoramica che in California conduce da Los Angeles a San Francisco.<\/p>\n<p>Qui vederte balene e leoni marini, piccole cittadine affacciate sul mare, porti, fari e oasi naturali come la <strong>Siusla National Forest<\/strong>.<\/p>\n<p><strong>Sicuramente consigliamo<\/strong> di includere nella vostra vacanza in Oregon almeno <strong>un paio di giorni proprio sulla costa<\/strong>. Ricordate solo di organizzarvi per tempo perch\u00e8 queste localit\u00e0 sono piuttosto frequentate sia dai turisti che dagli stessi americani.<\/p>\n<p><strong>Quando andare in Oregon? Tra la <\/strong><strong>primavera e l&#8217;estate<\/strong> \u00e8 il periodo migliore ma c&#8217;\u00e8 anche da dire che il clima in Oregon resta sempre temperato, solo in inverno le temperature minime possono raggiungere i 2 gradi.<\/p>\n<p><strong>\u00a0<\/strong><\/p>\n<h3 style=\"text-align: center\"><span style=\"color: #008000\">STATI UNITI &#8211; OFFERTE IMPERDIBILI DELLA SETTIMANA<\/span><\/h3>\n<p style=\"text-align: center\"><strong>Evolution Travel<\/strong> ti <span style=\"color: #008000\"><strong>SVELA UN SEGRETO<\/strong><\/span>: puoi fare una <strong>vacanza super senza spendere una fortuna<\/strong>!<\/p>\n<p style=\"text-align: center\"><strong><span style=\"color: #008000\">STATI UNITI A MENO DI 500\u20ac<\/span><\/strong><\/p>\n<p style=\"text-align: center\">Clicca e scopri tutto: <strong>programma<\/strong>, <strong>foto<\/strong>, <strong>recensione<\/strong> e <strong>itinerari<\/strong><\/p>\n<div class=\"feedzy-7186d925602bd5f1d3c5a2d27dbb75ff feedzy-rss\">\n\t\t<ul class=\"feedzy-style2\">\n\t\t\t\t\t<li  style=\"padding: 23px 0 38px\" class=\"rss_item feedzy-rss-col-3\" >\n\t\t\t\t\t\t\t\t\t<div class=\"rss_image\" style=\"width:225px; height:225px;\">\n\t\t\t\t\t\t<a href=\"https:\/\/statiuniti.evolutiontravel.it\/it_IT\/906\/tab\/25997_vieni-a-festeggiare-svalentino-nella-grande-mela.html\" target=\"_blank\" \n\t\t\t\t\t\t\trel=\"noopener \"\n\t\t\t\t\t\t\ttitle=\"Vieni a festeggiare S.Valentino nella Grande Mela\"\n\t\t\t\t\t\t\tstyle=\"width:225px; height:225px;\">\n\t\t\t\t\t\t\t<span class=\"fetched\" style=\"background-image:  url('http:\/\/etcdn.net\/thumbnails\/25997\/it-new-york-regala-una-vacanza-per-san-valentino-62b88.jpg');\" title=\"Vieni a festeggiare S.Valentino nella Grande Mela\"><\/span><amp-img width=\"225\" height=\"225\" src=\"http:\/\/etcdn.net\/thumbnails\/25997\/it-new-york-regala-una-vacanza-per-san-valentino-62b88.jpg\">\t\t\t\t\t\t<\/a>\n\t\t\t\t\t<\/div>\n\t\t\t\t\t\t\t\t<div class=\"rss_content_wrap\">\n\t\t\t\t\t<span class=\"title\">\n\t\t\t\t\t\t<a href=\"https:\/\/statiuniti.evolutiontravel.it\/it_IT\/906\/tab\/25997_vieni-a-festeggiare-svalentino-nella-grande-mela.html\" target=\"_blank\"  rel=\"noopener \">\n\t\t\t\t\t\t\tVieni a festeggiare S.Valentino nella Grande Mela\t\t\t\t\t\t<\/a>\n\t\t\t\t\t<\/span>\n\t\t\t\t\t<div class=\"rss_content\"\n\t\t\t\t\t\t\tstyle=\"\">\n\t\t\t\t\t\t\n\t\t\t\t\t\t\t\t\t\t\t\t<p class=\"description\">Un'esperienza unica ed irripetibile nella citt\u00e0 che non dorme mai.<\/p>\n\t\t\t\t\t\t\n\t\t\t\t\t\t\t\t\t\t\t\t\t\t\t\t\t\t\t<div class=\"price-wrap\">\n\t\t\t\t\t\t\t\t<a href=\"https:\/\/statiuniti.evolutiontravel.it\/it_IT\/906\/tab\/25997_vieni-a-festeggiare-svalentino-nella-grande-mela.html\" target=\"_blank\" rel=\"noopener\"><button class=\"price\"> 395<\/button><\/a>\n\t\t\t\t\t\t\t<\/div>\n\t\t\t\t\t\t\t\t\t\t\t<\/div>\n\t\t\t\t<\/div>\n\t\t\t<\/li>\n\t\t\t\t\t\t<li  style=\"padding: 23px 0 38px\" class=\"rss_item feedzy-rss-col-3\" >\n\t\t\t\t\t\t\t\t\t<div class=\"rss_image\" style=\"width:225px; height:225px;\">\n\t\t\t\t\t\t<a href=\"https:\/\/statiuniti.evolutiontravel.it\/it_IT\/906\/tab\/27180_minitour-niagara-e-shopping.html\" target=\"_blank\" \n\t\t\t\t\t\t\trel=\"noopener \"\n\t\t\t\t\t\t\ttitle=\"Minitour Niagara e Shopping\"\n\t\t\t\t\t\t\tstyle=\"width:225px; height:225px;\">\n\t\t\t\t\t\t\t<span class=\"fetched\" style=\"background-image:  url('http:\/\/etcdn.net\/thumbnails\/27180\/it-new-york-minitour-niagara-e-shopping-54c40.jpg');\" title=\"Minitour Niagara e Shopping\"><\/span><amp-img width=\"225\" height=\"225\" src=\"http:\/\/etcdn.net\/thumbnails\/27180\/it-new-york-minitour-niagara-e-shopping-54c40.jpg\">\t\t\t\t\t\t<\/a>\n\t\t\t\t\t<\/div>\n\t\t\t\t\t\t\t\t<div class=\"rss_content_wrap\">\n\t\t\t\t\t<span class=\"title\">\n\t\t\t\t\t\t<a href=\"https:\/\/statiuniti.evolutiontravel.it\/it_IT\/906\/tab\/27180_minitour-niagara-e-shopping.html\" target=\"_blank\"  rel=\"noopener \">\n\t\t\t\t\t\t\tMinitour Niagara e Shopping\t\t\t\t\t\t<\/a>\n\t\t\t\t\t<\/span>\n\t\t\t\t\t<div class=\"rss_content\"\n\t\t\t\t\t\t\tstyle=\"\">\n\t\t\t\t\t\t\n\t\t\t\t\t\t\t\t\t\t\t\t<p class=\"description\">Non servono presentazioni per quest'incredibile opera della natura, ispiratrice di film, tappa immancabile per una viaggio negli [&hellip;]<\/p>\n\t\t\t\t\t\t\n\t\t\t\t\t\t\t\t\t\t\t\t\t\t\t\t\t\t\t<div class=\"price-wrap\">\n\t\t\t\t\t\t\t\t<a href=\"https:\/\/statiuniti.evolutiontravel.it\/it_IT\/906\/tab\/27180_minitour-niagara-e-shopping.html\" target=\"_blank\" rel=\"noopener\"><button class=\"price\"> 363<\/button><\/a>\n\t\t\t\t\t\t\t<\/div>\n\t\t\t\t\t\t\t\t\t\t\t<\/div>\n\t\t\t\t<\/div>\n\t\t\t<\/li>\n\t\t\t\t<\/ul>\n<\/div>\n<style type=\"text\/css\" media=\"all\">.feedzy-rss .rss_item .rss_image{float:left;position:relative;border:none;text-decoration:none;max-width:100%}.feedzy-rss .rss_item .rss_image span{display:inline-block;position:absolute;width:100%;height:100%;background-position:50%;background-size:cover}.feedzy-rss .rss_item .rss_image{margin:.3em 1em 0 0;content-visibility:auto}.feedzy-rss ul{list-style:none}.feedzy-rss ul li{display:inline-block}<\/style>\n","protected":false},"excerpt":{"rendered":"<p>Il viaggio in Oregon sar\u00e0 alla scoperta di parchi, spiagge, citt\u00e0 e natura. Non a caso, infatti, l&#8217;Oregon \u00e8 anche soprannominato &#8220;Lo Stato dei castori&#8220;! La vacanza in questa destinazione USA inizia da Portland dove c&#8217;\u00e8 l&#8217;aeroporto internazionale. Salem \u00e8 la capitale ma Portland \u00e8 la citt\u00e0 pi\u00f9 importante dell&#8217;Oregon. E&#8217; anche una citt\u00e0 carina <a class=\"moretag\" href=\"https:\/\/statiuniti.evolutiontravel.it\/infovacanze\/destinazioni\/oregon\/\">[&#8230;]<\/a><\/p>\n","protected":false},"author":6,"featured_media":0,"parent":185,"menu_order":0,"comment_status":"closed","ping_status":"closed","template":"templates\/template-with-right-sidebar.php","meta":{"footnotes":""},"yoast_head":"<!-- This site is optimized with the Yoast SEO plugin v21.9.1 - https:\/\/yoast.com\/wordpress\/plugins\/seo\/ -->\n<title>Viaggio in Oregon per vedere parchi, citt\u00e0 e costa - Vacanze Stati Uniti<\/title>\n<meta name=\"description\" content=\"Scopri con noi l&#039;Oregon, i suoi parchi, le citt\u00e0 e la costa: una vacanza super ti aspetta negli Stati Uniti con le imperdibili offerte di Evolution Travel!\" \/>\n<meta name=\"robots\" content=\"index, follow, max-snippet:-1, max-image-preview:large, max-video-preview:-1\" \/>\n<link rel=\"canonical\" href=\"https:\/\/statiuniti.evolutiontravel.it\/infovacanze\/destinazioni\/oregon\/\" \/>\n<meta name=\"twitter:label1\" content=\"Tempo di lettura stimato\" \/>\n\t<meta name=\"twitter:data1\" content=\"3 minuti\" \/>\n<script type=\"application\/ld+json\" class=\"yoast-schema-graph\">{\"@context\":\"https:\/\/schema.org\",\"@graph\":[{\"@type\":\"WebPage\",\"@id\":\"https:\/\/statiuniti.evolutiontravel.it\/infovacanze\/destinazioni\/oregon\/\",\"url\":\"https:\/\/statiuniti.evolutiontravel.it\/infovacanze\/destinazioni\/oregon\/\",\"name\":\"Viaggio in Oregon per vedere parchi, citt\u00e0 e costa - Vacanze Stati Uniti\",\"isPartOf\":{\"@id\":\"https:\/\/statiuniti.evolutiontravel.it\/infovacanze\/#website\"},\"datePublished\":\"2018-06-13T09:03:04+00:00\",\"dateModified\":\"2019-05-29T12:10:53+00:00\",\"description\":\"Scopri con noi l'Oregon, i suoi parchi, le citt\u00e0 e la costa: una vacanza super ti aspetta negli Stati Uniti con le imperdibili offerte di Evolution Travel!\",\"breadcrumb\":{\"@id\":\"https:\/\/statiuniti.evolutiontravel.it\/infovacanze\/destinazioni\/oregon\/#breadcrumb\"},\"inLanguage\":\"it-IT\",\"potentialAction\":[{\"@type\":\"ReadAction\",\"target\":[\"https:\/\/statiuniti.evolutiontravel.it\/infovacanze\/destinazioni\/oregon\/\"]}]},{\"@type\":\"BreadcrumbList\",\"@id\":\"https:\/\/statiuniti.evolutiontravel.it\/infovacanze\/destinazioni\/oregon\/#breadcrumb\",\"itemListElement\":[{\"@type\":\"ListItem\",\"position\":1,\"name\":\"Destinazioni americane da visitare\",\"item\":\"https:\/\/statiuniti.evolutiontravel.it\/infovacanze\/destinazioni\/\"},{\"@type\":\"ListItem\",\"position\":2,\"name\":\"Vacanze in Oregon\"}]},{\"@type\":\"WebSite\",\"@id\":\"https:\/\/statiuniti.evolutiontravel.it\/infovacanze\/#website\",\"url\":\"https:\/\/statiuniti.evolutiontravel.it\/infovacanze\/\",\"name\":\"Stati Uniti\",\"description\":\"\",\"potentialAction\":[{\"@type\":\"SearchAction\",\"target\":{\"@type\":\"EntryPoint\",\"urlTemplate\":\"https:\/\/statiuniti.evolutiontravel.it\/infovacanze\/?s={search_term_string}\"},\"query-input\":\"required name=search_term_string\"}],\"inLanguage\":\"it-IT\"}]}<\/script>\n<!-- \/ Yoast SEO plugin. -->","yoast_head_json":{"title":"Viaggio in Oregon per vedere parchi, citt\u00e0 e costa - Vacanze Stati Uniti","description":"Scopri con noi l'Oregon, i suoi parchi, le citt\u00e0 e la costa: una vacanza super ti aspetta negli Stati Uniti con le imperdibili offerte di Evolution Travel!","robots":{"index":"index","follow":"follow","max-snippet":"max-snippet:-1","max-image-preview":"max-image-preview:large","max-video-preview":"max-video-preview:-1"},"canonical":"https:\/\/statiuniti.evolutiontravel.it\/infovacanze\/destinazioni\/oregon\/","twitter_misc":{"Tempo di lettura stimato":"3 minuti"},"schema":{"@context":"https:\/\/schema.org","@graph":[{"@type":"WebPage","@id":"https:\/\/statiuniti.evolutiontravel.it\/infovacanze\/destinazioni\/oregon\/","url":"https:\/\/statiuniti.evolutiontravel.it\/infovacanze\/destinazioni\/oregon\/","name":"Viaggio in Oregon per vedere parchi, citt\u00e0 e costa - Vacanze Stati Uniti","isPartOf":{"@id":"https:\/\/statiuniti.evolutiontravel.it\/infovacanze\/#website"},"datePublished":"2018-06-13T09:03:04+00:00","dateModified":"2019-05-29T12:10:53+00:00","description":"Scopri con noi l'Oregon, i suoi parchi, le citt\u00e0 e la costa: una vacanza super ti aspetta negli Stati Uniti con le imperdibili offerte di Evolution Travel!","breadcrumb":{"@id":"https:\/\/statiuniti.evolutiontravel.it\/infovacanze\/destinazioni\/oregon\/#breadcrumb"},"inLanguage":"it-IT","potentialAction":[{"@type":"ReadAction","target":["https:\/\/statiuniti.evolutiontravel.it\/infovacanze\/destinazioni\/oregon\/"]}]},{"@type":"BreadcrumbList","@id":"https:\/\/statiuniti.evolutiontravel.it\/infovacanze\/destinazioni\/oregon\/#breadcrumb","itemListElement":[{"@type":"ListItem","position":1,"name":"Destinazioni americane da visitare","item":"https:\/\/statiuniti.evolutiontravel.it\/infovacanze\/destinazioni\/"},{"@type":"ListItem","position":2,"name":"Vacanze in Oregon"}]},{"@type":"WebSite","@id":"https:\/\/statiuniti.evolutiontravel.it\/infovacanze\/#website","url":"https:\/\/statiuniti.evolutiontravel.it\/infovacanze\/","name":"Stati Uniti","description":"","potentialAction":[{"@type":"SearchAction","target":{"@type":"EntryPoint","urlTemplate":"https:\/\/statiuniti.evolutiontravel.it\/infovacanze\/?s={search_term_string}"},"query-input":"required name=search_term_string"}],"inLanguage":"it-IT"}]}},"_links":{"self":[{"href":"https:\/\/statiuniti.evolutiontravel.it\/infovacanze\/wp-json\/wp\/v2\/pages\/1725"}],"collection":[{"href":"https:\/\/statiuniti.evolutiontravel.it\/infovacanze\/wp-json\/wp\/v2\/pages"}],"about":[{"href":"https:\/\/statiuniti.evolutiontravel.it\/infovacanze\/wp-json\/wp\/v2\/types\/page"}],"author":[{"embeddable":true,"href":"https:\/\/statiuniti.evolutiontravel.it\/infovacanze\/wp-json\/wp\/v2\/users\/6"}],"replies":[{"embeddable":true,"href":"https:\/\/statiuniti.evolutiontravel.it\/infovacanze\/wp-json\/wp\/v2\/comments?post=1725"}],"version-history":[{"count":17,"href":"https:\/\/statiuniti.evolutiontravel.it\/infovacanze\/wp-json\/wp\/v2\/pages\/1725\/revisions"}],"predecessor-version":[{"id":2164,"href":"https:\/\/statiuniti.evolutiontravel.it\/infovacanze\/wp-json\/wp\/v2\/pages\/1725\/revisions\/2164"}],"up":[{"embeddable":true,"href":"https:\/\/statiuniti.evolutiontravel.it\/infovacanze\/wp-json\/wp\/v2\/pages\/185"}],"wp:attachment":[{"href":"https:\/\/statiuniti.evolutiontravel.it\/infovacanze\/wp-json\/wp\/v2\/media?parent=1725"}],"curies":[{"name":"wp","href":"https:\/\/api.w.org\/{rel}","templated":true}]}}