{"id":167,"date":"2013-08-21T17:32:04","date_gmt":"2013-08-21T15:32:04","guid":{"rendered":"http:\/\/statiuniti.evolutiontravel.it\/infovacanze\/?page_id=167"},"modified":"2019-05-03T10:01:35","modified_gmt":"2019-05-03T08:01:35","slug":"tour-usa-e-hawaii","status":"publish","type":"page","link":"https:\/\/statiuniti.evolutiontravel.it\/infovacanze\/divertirsi\/tour-usa-e-hawaii\/","title":{"rendered":"Hawaii e costa occidentale"},"content":{"rendered":"<p><strong>Hawaii<\/strong> e <strong>costa occidentale degli Stati Uniti<\/strong>: perch\u00e8 non fare proprio <strong>questo tour<\/strong>?<\/p>\n<p>In un <strong>unico viaggio<\/strong> vai <a href=\"https:\/\/statiuniti.evolutiontravel.it\/infovacanze\/destinazioni\/hawaii\/\">alle Hawaii<\/a> localit\u00e0 degli Stati Uniti particolarmente famosa per <a href=\"https:\/\/statiuniti.evolutiontravel.it\/infovacanze\/da-vedere\/isole\/\">le isole<\/a> . Qui vedrai alcune delle <a title=\"usa mare e spiagge\" href=\"https:\/\/statiuniti.evolutiontravel.it\/infovacanze\/divertirsi\/mare\/\"><strong>spiagge americane pi\u00f9 belle<\/strong><\/a> e <strong>grandi metropoli americane<\/strong> ricche di fascino.<\/p>\n<p>&nbsp;<\/p>\n<h2>Hawaii + USA: idea di viaggio<\/h2>\n<p align=\"justify\">Questo viaggio inizia dalla <strong>West Coast USA<\/strong>, qui ecco alcune delle citt\u00e0 simbolo del paese: dallo <strong>stato di\u00a0Washington <a title=\"oregon itinerari\" href=\"https:\/\/statiuniti.evolutiontravel.it\/infovacanze\/destinazioni\/oregon\/\">all&#8217;Oregon<\/a><\/strong>\u00a0fino alla\u00a0<strong>California, <\/strong>con <strong>Los Angeles <\/strong>e <strong>Hollywood<\/strong> dove c&#8217;\u00e8 la famosa <strong>Sunset Boulevard<\/strong>.<\/p>\n<p align=\"justify\">Puoi <strong>fare shopping <\/strong>sulla <strong>Rodero Drive<\/strong> e poi andare a divertirti con tutta la famiglia a<strong> Disneyland<\/strong>, uno dei <a title=\"parchi\" href=\"https:\/\/statiuniti.evolutiontravel.it\/infovacanze\/divertirsi\/attrazioni\/\">parchi divertimento<\/a> pi\u00f9 famosi al mondo.<\/p>\n<div id=\"attachment_1857\" style=\"width: 410px\" class=\"wp-caption alignright\"><img loading=\"lazy\" decoding=\"async\" aria-describedby=\"caption-attachment-1857\" class=\"wp-image-1857\" src=\"https:\/\/statiuniti.evolutiontravel.it\/infovacanze\/wp-content\/uploads\/sites\/17\/2019\/02\/kauai-isola-hawaii.jpg\" alt=\"Kauai\" width=\"400\" height=\"222\" srcset=\"https:\/\/statiuniti.evolutiontravel.it\/infovacanze\/wp-content\/uploads\/sites\/17\/2019\/02\/kauai-isola-hawaii.jpg 900w, https:\/\/statiuniti.evolutiontravel.it\/infovacanze\/wp-content\/uploads\/sites\/17\/2019\/02\/kauai-isola-hawaii-300x167.jpg 300w, https:\/\/statiuniti.evolutiontravel.it\/infovacanze\/wp-content\/uploads\/sites\/17\/2019\/02\/kauai-isola-hawaii-768x427.jpg 768w\" sizes=\"(max-width: 400px) 100vw, 400px\" \/><p id=\"caption-attachment-1857\" class=\"wp-caption-text\">Kauai, &#8220;isola giardino&#8221; &#8211; Hawaii<\/p><\/div>\n<p align=\"justify\">Ed eccoci <strong>alle Hawaii, otto isole <\/strong>di\u00a0origine vulcanica e tutto intorno <strong>un centinaio di\u00a0atolli\u00a0incantevoli.<\/strong><\/p>\n<p align=\"justify\">Un vero e proprio paradiso che puoi raggiungere con i voli dell&#8217;Honolulu International Airport.<\/p>\n<p align=\"justify\"><strong>Oahu\u00a0<\/strong>\u00e8 l&#8217;isola pi\u00f9 grande, non perderti <strong>Pearl Harbor\u00a0<\/strong>a\u00a0<strong>Waikiki<\/strong>\u00a0passando per\u00a0<strong>Sunset Beach<\/strong>.<\/p>\n<p align=\"justify\">Poi c&#8217;\u00e8 la c.d. <em>isola giardino<\/em><strong>,\u00a0Kauai, <\/strong>la pi\u00f9 antica tra tutte le Hawaii, conosciuta per essere stato <strong>il set di Jurassic Park<\/strong>.<\/p>\n<p align=\"justify\">Se sei appassionato di <strong>surf o windsurf<\/strong> non pu\u00f2 mancare come tappa di questo tour <strong>Maui<\/strong>.<\/p>\n<p align=\"justify\">Infine c&#8217;\u00e8 spazio anche per <strong>un&#8217;escursione nella natura<\/strong>. Dalle strade asfaltate si passa all&#8217;<strong>Haleakala, il vulcano inattivo pi\u00f9 alto del mondo<\/strong> e alle meeravigliose spiagge <strong>Hookipa Beach<\/strong>\u00a0e\u00a0<strong>Slaughterhouse Beach<\/strong>.<\/p>\n<h3><\/h3>\n<h3 style=\"text-align: center\">SPECIALE TOUR delle Hawaii con Evolution Travel<\/h3>\n<p style=\"text-align: center\">Guarda <strong>tutti i dettagli <\/strong>del viaggio: <strong>programma<\/strong>, <strong>foto<\/strong>, <strong>commenti<\/strong>, <strong>itinerari<\/strong>, <strong>servizi inlcusi<\/strong><\/p>\n<p style=\"text-align: center\"><strong><span style=\"color: #008000\">CLICCA E SCOPRI TUTTO SULLA TUA VACANZA ALLE HAWAII<\/span><\/strong><span style=\"color: #008000\">!<\/span><\/p>\n<div class=\"feedzy-920eba51170ae5a48ff7ac6827e9ea00 feedzy-rss\"><ul>Feed has no items.<\/ul> <\/div>\n","protected":false},"excerpt":{"rendered":"<p>Hawaii e costa occidentale degli Stati Uniti: perch\u00e8 non fare proprio questo tour? In un unico viaggio vai alle Hawaii localit\u00e0 degli Stati Uniti particolarmente famosa per le isole . Qui vedrai alcune delle spiagge americane pi\u00f9 belle e grandi metropoli americane ricche di fascino. &nbsp; Hawaii + USA: idea di viaggio Questo viaggio inizia <a class=\"moretag\" href=\"https:\/\/statiuniti.evolutiontravel.it\/infovacanze\/divertirsi\/tour-usa-e-hawaii\/\">[&#8230;]<\/a><\/p>\n","protected":false},"author":6,"featured_media":0,"parent":143,"menu_order":0,"comment_status":"closed","ping_status":"open","template":"templates\/template-with-right-sidebar.php","meta":{"footnotes":""},"yoast_head":"<!-- This site is optimized with the Yoast SEO plugin v21.9.1 - https:\/\/yoast.com\/wordpress\/plugins\/seo\/ -->\n<title>Hawaii e Stati Uniti: tour tra isole tropicali e costa occidentale USA<\/title>\n<meta name=\"description\" content=\"Dal fascino delle metropoli americane al fascino delle isole Hawaii: ecco un&#039;\u00ecdea di viaggio per le tue vacanze negli Stati Uniti. Scopri tutto!\" \/>\n<meta name=\"robots\" content=\"index, follow, max-snippet:-1, max-image-preview:large, max-video-preview:-1\" \/>\n<link rel=\"canonical\" href=\"https:\/\/statiuniti.evolutiontravel.it\/infovacanze\/divertirsi\/tour-usa-e-hawaii\/\" \/>\n<meta name=\"twitter:label1\" content=\"Tempo di lettura stimato\" \/>\n\t<meta name=\"twitter:data1\" content=\"1 minuto\" \/>\n<script type=\"application\/ld+json\" class=\"yoast-schema-graph\">{\"@context\":\"https:\/\/schema.org\",\"@graph\":[{\"@type\":\"WebPage\",\"@id\":\"https:\/\/statiuniti.evolutiontravel.it\/infovacanze\/divertirsi\/tour-usa-e-hawaii\/\",\"url\":\"https:\/\/statiuniti.evolutiontravel.it\/infovacanze\/divertirsi\/tour-usa-e-hawaii\/\",\"name\":\"Hawaii e Stati Uniti: tour tra isole tropicali e costa occidentale USA\",\"isPartOf\":{\"@id\":\"https:\/\/statiuniti.evolutiontravel.it\/infovacanze\/#website\"},\"datePublished\":\"2013-08-21T15:32:04+00:00\",\"dateModified\":\"2019-05-03T08:01:35+00:00\",\"description\":\"Dal fascino delle metropoli americane al fascino delle isole Hawaii: ecco un'\u00ecdea di viaggio per le tue vacanze negli Stati Uniti. Scopri tutto!\",\"breadcrumb\":{\"@id\":\"https:\/\/statiuniti.evolutiontravel.it\/infovacanze\/divertirsi\/tour-usa-e-hawaii\/#breadcrumb\"},\"inLanguage\":\"it-IT\",\"potentialAction\":[{\"@type\":\"ReadAction\",\"target\":[\"https:\/\/statiuniti.evolutiontravel.it\/infovacanze\/divertirsi\/tour-usa-e-hawaii\/\"]}]},{\"@type\":\"BreadcrumbList\",\"@id\":\"https:\/\/statiuniti.evolutiontravel.it\/infovacanze\/divertirsi\/tour-usa-e-hawaii\/#breadcrumb\",\"itemListElement\":[{\"@type\":\"ListItem\",\"position\":1,\"name\":\"Divertimento\",\"item\":\"https:\/\/statiuniti.evolutiontravel.it\/infovacanze\/divertirsi\/\"},{\"@type\":\"ListItem\",\"position\":2,\"name\":\"Hawaii e costa occidentale\"}]},{\"@type\":\"WebSite\",\"@id\":\"https:\/\/statiuniti.evolutiontravel.it\/infovacanze\/#website\",\"url\":\"https:\/\/statiuniti.evolutiontravel.it\/infovacanze\/\",\"name\":\"Stati Uniti\",\"description\":\"\",\"potentialAction\":[{\"@type\":\"SearchAction\",\"target\":{\"@type\":\"EntryPoint\",\"urlTemplate\":\"https:\/\/statiuniti.evolutiontravel.it\/infovacanze\/?s={search_term_string}\"},\"query-input\":\"required name=search_term_string\"}],\"inLanguage\":\"it-IT\"}]}<\/script>\n<!-- \/ Yoast SEO plugin. -->","yoast_head_json":{"title":"Hawaii e Stati Uniti: tour tra isole tropicali e costa occidentale USA","description":"Dal fascino delle metropoli americane al fascino delle isole Hawaii: ecco un'\u00ecdea di viaggio per le tue vacanze negli Stati Uniti. Scopri tutto!","robots":{"index":"index","follow":"follow","max-snippet":"max-snippet:-1","max-image-preview":"max-image-preview:large","max-video-preview":"max-video-preview:-1"},"canonical":"https:\/\/statiuniti.evolutiontravel.it\/infovacanze\/divertirsi\/tour-usa-e-hawaii\/","twitter_misc":{"Tempo di lettura stimato":"1 minuto"},"schema":{"@context":"https:\/\/schema.org","@graph":[{"@type":"WebPage","@id":"https:\/\/statiuniti.evolutiontravel.it\/infovacanze\/divertirsi\/tour-usa-e-hawaii\/","url":"https:\/\/statiuniti.evolutiontravel.it\/infovacanze\/divertirsi\/tour-usa-e-hawaii\/","name":"Hawaii e Stati Uniti: tour tra isole tropicali e costa occidentale USA","isPartOf":{"@id":"https:\/\/statiuniti.evolutiontravel.it\/infovacanze\/#website"},"datePublished":"2013-08-21T15:32:04+00:00","dateModified":"2019-05-03T08:01:35+00:00","description":"Dal fascino delle metropoli americane al fascino delle isole Hawaii: ecco un'\u00ecdea di viaggio per le tue vacanze negli Stati Uniti. Scopri tutto!","breadcrumb":{"@id":"https:\/\/statiuniti.evolutiontravel.it\/infovacanze\/divertirsi\/tour-usa-e-hawaii\/#breadcrumb"},"inLanguage":"it-IT","potentialAction":[{"@type":"ReadAction","target":["https:\/\/statiuniti.evolutiontravel.it\/infovacanze\/divertirsi\/tour-usa-e-hawaii\/"]}]},{"@type":"BreadcrumbList","@id":"https:\/\/statiuniti.evolutiontravel.it\/infovacanze\/divertirsi\/tour-usa-e-hawaii\/#breadcrumb","itemListElement":[{"@type":"ListItem","position":1,"name":"Divertimento","item":"https:\/\/statiuniti.evolutiontravel.it\/infovacanze\/divertirsi\/"},{"@type":"ListItem","position":2,"name":"Hawaii e costa occidentale"}]},{"@type":"WebSite","@id":"https:\/\/statiuniti.evolutiontravel.it\/infovacanze\/#website","url":"https:\/\/statiuniti.evolutiontravel.it\/infovacanze\/","name":"Stati Uniti","description":"","potentialAction":[{"@type":"SearchAction","target":{"@type":"EntryPoint","urlTemplate":"https:\/\/statiuniti.evolutiontravel.it\/infovacanze\/?s={search_term_string}"},"query-input":"required name=search_term_string"}],"inLanguage":"it-IT"}]}},"_links":{"self":[{"href":"https:\/\/statiuniti.evolutiontravel.it\/infovacanze\/wp-json\/wp\/v2\/pages\/167"}],"collection":[{"href":"https:\/\/statiuniti.evolutiontravel.it\/infovacanze\/wp-json\/wp\/v2\/pages"}],"about":[{"href":"https:\/\/statiuniti.evolutiontravel.it\/infovacanze\/wp-json\/wp\/v2\/types\/page"}],"author":[{"embeddable":true,"href":"https:\/\/statiuniti.evolutiontravel.it\/infovacanze\/wp-json\/wp\/v2\/users\/6"}],"replies":[{"embeddable":true,"href":"https:\/\/statiuniti.evolutiontravel.it\/infovacanze\/wp-json\/wp\/v2\/comments?post=167"}],"version-history":[{"count":27,"href":"https:\/\/statiuniti.evolutiontravel.it\/infovacanze\/wp-json\/wp\/v2\/pages\/167\/revisions"}],"predecessor-version":[{"id":2059,"href":"https:\/\/statiuniti.evolutiontravel.it\/infovacanze\/wp-json\/wp\/v2\/pages\/167\/revisions\/2059"}],"up":[{"embeddable":true,"href":"https:\/\/statiuniti.evolutiontravel.it\/infovacanze\/wp-json\/wp\/v2\/pages\/143"}],"wp:attachment":[{"href":"https:\/\/statiuniti.evolutiontravel.it\/infovacanze\/wp-json\/wp\/v2\/media?parent=167"}],"curies":[{"name":"wp","href":"https:\/\/api.w.org\/{rel}","templated":true}]}}