{"id":125,"date":"2013-08-21T17:09:43","date_gmt":"2013-08-21T15:09:43","guid":{"rendered":"http:\/\/statiuniti.evolutiontravel.it\/infovacanze\/?page_id=125"},"modified":"2019-04-24T10:32:25","modified_gmt":"2019-04-24T08:32:25","slug":"parchi-naturali","status":"publish","type":"page","link":"https:\/\/statiuniti.evolutiontravel.it\/infovacanze\/da-vedere\/parchi-naturali\/","title":{"rendered":"Parchi americani"},"content":{"rendered":"<p>I <strong>parchi americani<\/strong> pi\u00f9 famosi dove fare <strong>escursioni e passeggiate<\/strong> sono: Yellowstone, Yosemite, Grand Canyon, Death Valley,\u00a0Bryce Canyon, Mammoth Cave e Zion.<\/p>\n<p>Questi sono i 7 parchi pi\u00f9 frequentati da chi sceglie gli Stati Uniti per fare trekking, anche se in realt\u00e0 ci sono ben <strong>391 riserve in America<\/strong>.<\/p>\n<p>Il Parco nazionale di Yellowstone \u00e8 in assoluto il pi\u00f9 famoso ma anche le altre aree protette meritano sicuramente una visita.<\/p>\n<p style=\"text-align: center\">Parco Yellowstone<\/p>\n<p style=\"text-align: center\"><img loading=\"lazy\" decoding=\"async\" class=\"alignnone wp-image-528 size-full\" src=\"https:\/\/statiuniti.evolutiontravel.it\/infovacanze\/wp-content\/uploads\/sites\/17\/2013\/08\/Yellowstone-national-park.jpg\" alt=\"Yellowstone national park\" width=\"640\" height=\"480\" srcset=\"https:\/\/statiuniti.evolutiontravel.it\/infovacanze\/wp-content\/uploads\/sites\/17\/2013\/08\/Yellowstone-national-park.jpg 640w, https:\/\/statiuniti.evolutiontravel.it\/infovacanze\/wp-content\/uploads\/sites\/17\/2013\/08\/Yellowstone-national-park-300x225.jpg 300w, https:\/\/statiuniti.evolutiontravel.it\/infovacanze\/wp-content\/uploads\/sites\/17\/2013\/08\/Yellowstone-national-park-400x300.jpg 400w\" sizes=\"(max-width: 640px) 100vw, 640px\" \/><\/p>\n<p>&nbsp;<\/p>\n<h2>Parco nazionale di Yellowstone<\/h2>\n<p>Lo Yellowstone, dichiarato <strong>patrimonio Unesco<\/strong>, oltre ad essere il primo tra i parchi americani istituito nel 1872, \u00e8 anche il <strong>primo parco nazionale del mondo<\/strong>.<\/p>\n<p>Si estende in ben <strong>3 stati<\/strong> quali: <a title=\"wyoming\" href=\"https:\/\/statiuniti.evolutiontravel.it\/infovacanze\/destinazioni\/wyoming\/\"><strong>Wyoming<\/strong><\/a>, <a title=\"Idaho\" href=\"https:\/\/statiuniti.evolutiontravel.it\/infovacanze\/destinazioni\/idaho\/\"><strong>Idaho<\/strong><\/a> e <a title=\"Montana\" href=\"https:\/\/statiuniti.evolutiontravel.it\/infovacanze\/destinazioni\/montana\/\"><strong>Montana<\/strong>. <\/a><\/p>\n<p>Lo Yellowstone \u00e8 attraversato dal fiume omonimo, da cui prende il nome, ed \u00e8 il parco pi\u00f9 visitato degli USA. E&#8217; particolarmente famoso anche i suoi <strong>geyser <\/strong>e per gli animali. Qui ci sono <strong>orsi grizzly<\/strong>, <strong>lupi<\/strong>, <strong>bisonti<\/strong> americani e <strong>alci<\/strong>.<strong><br \/>\n<\/strong><\/p>\n<p>Consigliamo di visitare <a href=\"https:\/\/www.nps.gov\/yell\/index.htm\" target=\"_blank\" rel=\"noopener\">il sito web ufficiale del Parco Yellowstone<\/a> per essere aggiornati su eventi, orari ed eventuali allerte meteo.<\/p>\n<p>&nbsp;<\/p>\n<h2>Parco nazionale di Yosemite<\/h2>\n<p align=\"justify\">Questo parco americano \u00e8 particolarmente famoso per le <strong>sequoie giagnti<\/strong>. Infatti qui c&#8217;\u00e8 la c.d. &#8220;grizzly giant&#8221;, un albero tra i 1600 e 2000 anni.<\/p>\n<p align=\"justify\">Il parco si trova in <a title=\"California\" href=\"https:\/\/statiuniti.evolutiontravel.it\/infovacanze\/destinazioni\/california\/\"><strong>California<\/strong><\/a> e pu\u00f2 quindi essere un&#8217;attrazione ideale <strong>per tutta la famiglia<\/strong>. Qui c&#8217;\u00e8 infatti un&#8217;altra attrazione molto famosa negli Stati uniti, le <strong>Cascate Yosemite.<\/strong><\/p>\n<p align=\"justify\">Le cascate del parco riescono a raggiungere perfino i <strong>730 metri d&#8217;altezza<\/strong> con un salto d&#8217;acqua di circa quattrocento.<\/p>\n<p align=\"justify\">Sul <a href=\"https:\/\/www.nps.gov\/yose\/index.htm\" target=\"_blank\" rel=\"noopener\">sito web ufficiale del parco Yosemite<\/a> trovate foto, informazioni aggiornate e calendario eventi.<\/p>\n<p>&nbsp;<\/p>\n<h2>Parco nazionale del Grand Canyon<\/h2>\n<p align=\"justify\">Che ne dite di sorvolare<strong> in elicottero<\/strong> questo parco, uno dei pi\u00f9 suggestivi degli States? Anche questo \u00e8 possibile fare nel parco nazionale del Gran Canyon, praticamente una gola creata dall&#8217;attivit\u00e0 erosiva del fiume Colorado.<\/p>\n<p align=\"justify\">Il parco si trova <strong><a title=\"Arizona\" href=\"https:\/\/statiuniti.evolutiontravel.it\/infovacanze\/destinazioni\/arizona\/\">in Arizona<\/a><\/strong> ed \u00e8 tra i pi\u00f9 frequentati soprattutto per <strong>i paesaggi spettacolari<\/strong> di questi canyon incastrati uno sull&#8217;altro.<\/p>\n<p align=\"justify\">Sul <a href=\"https:\/\/www.nps.gov\/grca\/index.htm\" target=\"_blank\" rel=\"noopener\">sito web ufficiale del parco<\/a> potete vedere tutte le informazioni aggiornate e programmare una visita durante il vostro soggiorno negli USA.<\/p>\n<p align=\"justify\">Ci sono ben 3 centri visita che organizzano attivit\u00e0 per scoprire il parco: Grand Canyon Village (South Rim), Desert View (South Rim) e North Rim.<\/p>\n<p>&nbsp;<\/p>\n<h2>Death Valley<\/h2>\n<p>Il nome &#8220;Valle della Morte&#8221; \u00e8 inquietante ma <strong>lo spettacolo \u00e8 straordinario<\/strong> e vale assolutamente la pena vederlo. Siamo nel paesaggio desertico <strong><a title=\"California\" href=\"https:\/\/statiuniti.evolutiontravel.it\/infovacanze\/destinazioni\/california\/\">in California<\/a><\/strong> e in parte anche in Nevada.<\/p>\n<p>La popolarit\u00e0 di questo parco americano \u00e8 dovuta al fatto che al centro della Valle c&#8217;\u00e8 <strong>il punto pi\u00f9 basso dell&#8217;America del Nord<\/strong>. Si chiama <strong>Badwater<\/strong> ed \u00e8 a una profondit\u00e0 di 86 metri sotto il livello del mare.<\/p>\n<p>Anche in questo caso, come per gli altri parchi americani, consigliamo sempre di visitare <a href=\"http:\/\/www.nps.gov\/deva\/index.htm\" target=\"_blank\" rel=\"noopener\">il sito web ufficiale<\/a> perch\u00e8 a seconda delle stagioni o di eventi climatici particolari possono esserci avvisi o allerte.<\/p>\n<p>&nbsp;<\/p>\n<h2>Parco nazionale del Bryce Canyon<\/h2>\n<p align=\"justify\">Rispetto agli altri parchi americani, questo <strong>\u00e8 piccolo ma anche molto caratteristico<\/strong>. Il Parco nazionale del Bryce Canyon si trova nello <strong>Utah<\/strong> e presenta delle suggestive formazioni, piccole torri dal colore rosso, arancione e bianco.<\/p>\n<p align=\"justify\">Sono i c.d. <strong>Hoodoos, guglie naturali<\/strong> prodotte dall&#8217;erosione degli agenti atmosferici: un panorama decisamente suggestivo, come pochi al mondo.<\/p>\n<p align=\"justify\">Sul <a href=\"https:\/\/www.nps.gov\/brca\/index.htm\">sito web ufficiale del parco<\/a> \u00e8 possibile leggere altre informazioni e approfondimenti, per esempio anche sulle cose da fare nelle vicinanze e scoprire gli eventi organizzati.<\/p>\n<p>&nbsp;<\/p>\n<h2>Parco nazionale di Mammoth Cave<\/h2>\n<p align=\"justify\">In questo parco c&#8217;\u00e8 <strong>il pi\u00f9 lungo sistema di grotte al mondo<\/strong>. Si tratta di ben <strong>643 km di grotte<\/strong> che comunque aumentano di anno in anno.<\/p>\n<p align=\"justify\">Il parco nazionale si trova nel <a title=\"Kentucky\" href=\"https:\/\/statiuniti.evolutiontravel.it\/infovacanze\/destinazioni\/kentucky\/\"><strong>Kentucky<\/strong><\/a> ed \u00e8 una della principali attrazioni di questa zona. In realt\u00e0 molti turisti che soggiornano in altri stati USA scelgono questa riserva come tappa del tour alla scoperta degli Stati Uniti.<\/p>\n<p align=\"justify\">Si tratta di <strong>veri e propri labirinti sotterranei<\/strong> che vi toglieranno il fiato per la loro bellezza!<\/p>\n<p align=\"justify\">Maggiori informazioni sul sito web ufficiale: <a href=\"https:\/\/www.nps.gov\/maca\/index.htm\">www.nps.gov\/maca\/index.htm<\/a><\/p>\n<p>&nbsp;<\/p>\n<h2>Parco nazionale di Zion<\/h2>\n<p align=\"justify\">Questo parco, che si trova <strong>nello Utah<\/strong>, \u00e8 la meta preferita di chi fa <strong>aplinismo e arrampicata<\/strong>. Ma comunque, grazie ai suoi sentieri, pu\u00f2 essere percorso anche a piedi: il panorama vale sicuramente una visita.<\/p>\n<p align=\"justify\">Qui infatti il Virgin River e i suoi affluenti hanno modellato il paesaggio e hanno creato <strong>un incrocio di gole profonde,\u00a0canyon <\/strong>e pareti rocciose dalle quali scoprire l&#8217;et\u00e0 di questo territorio, era geologica dopo era.<\/p>\n<p align=\"justify\">Informazioni e approfondimenti sul sito web ufficiale: <a href=\"https:\/\/www.nps.gov\/zion\/index.htm\">www.nps.gov\/zion\/index.htm<\/a><\/p>\n<p>&nbsp;<\/p>\n<h3 style=\"text-align: center\">SPECIALE &#8220;<strong><span style=\"color: #008000\">TOUR NEGLI STATI UNITI<\/span><\/strong>&#8221; con EVOLUTION TRAVEL!<\/h3>\n<p style=\"text-align: center\"><span style=\"color: #008000\"><strong>IN UN SOLO CLICK SCOPRI TUTTI I DETTAGLI DEL TOUR<\/strong><\/span><\/p>\n<p style=\"text-align: center\"><strong>programma<\/strong> dettagliato, <strong>itinerario<\/strong>, <strong>foto<\/strong>, <strong>recensioni<\/strong> e <strong>servizi inclusi<\/strong> nel pacchetto!<\/p>\n<div class=\"feedzy-fede75036c4cbc393b5fbf18612c6d04 feedzy-rss\"><ul>Feed has no items.<\/ul> <\/div>\n","protected":false},"excerpt":{"rendered":"<p>I parchi americani pi\u00f9 famosi dove fare escursioni e passeggiate sono: Yellowstone, Yosemite, Grand Canyon, Death Valley,\u00a0Bryce Canyon, Mammoth Cave e Zion. Questi sono i 7 parchi pi\u00f9 frequentati da chi sceglie gli Stati Uniti per fare trekking, anche se in realt\u00e0 ci sono ben 391 riserve in America. Il Parco nazionale di Yellowstone \u00e8 <a class=\"moretag\" href=\"https:\/\/statiuniti.evolutiontravel.it\/infovacanze\/da-vedere\/parchi-naturali\/\">[&#8230;]<\/a><\/p>\n","protected":false},"author":6,"featured_media":0,"parent":104,"menu_order":0,"comment_status":"closed","ping_status":"open","template":"templates\/template-with-right-sidebar.php","meta":{"footnotes":""},"yoast_head":"<!-- This site is optimized with the Yoast SEO plugin v21.9.1 - https:\/\/yoast.com\/wordpress\/plugins\/seo\/ -->\n<title>Parchi americani: 7 riserve dove fare escursioni negli Stati Uniti<\/title>\n<meta name=\"description\" content=\"Almeno 7 parchi americani dove fare escursioni: scopri con noi quali sono e richiedi le nostre offerte di viaggio e vacanze!\" \/>\n<meta name=\"robots\" content=\"index, follow, max-snippet:-1, max-image-preview:large, max-video-preview:-1\" \/>\n<link rel=\"canonical\" href=\"https:\/\/statiuniti.evolutiontravel.it\/infovacanze\/da-vedere\/parchi-naturali\/\" \/>\n<meta name=\"twitter:label1\" content=\"Tempo di lettura stimato\" \/>\n\t<meta name=\"twitter:data1\" content=\"4 minuti\" \/>\n<script type=\"application\/ld+json\" class=\"yoast-schema-graph\">{\"@context\":\"https:\/\/schema.org\",\"@graph\":[{\"@type\":\"WebPage\",\"@id\":\"https:\/\/statiuniti.evolutiontravel.it\/infovacanze\/da-vedere\/parchi-naturali\/\",\"url\":\"https:\/\/statiuniti.evolutiontravel.it\/infovacanze\/da-vedere\/parchi-naturali\/\",\"name\":\"Parchi americani: 7 riserve dove fare escursioni negli Stati Uniti\",\"isPartOf\":{\"@id\":\"https:\/\/statiuniti.evolutiontravel.it\/infovacanze\/#website\"},\"datePublished\":\"2013-08-21T15:09:43+00:00\",\"dateModified\":\"2019-04-24T08:32:25+00:00\",\"description\":\"Almeno 7 parchi americani dove fare escursioni: scopri con noi quali sono e richiedi le nostre offerte di viaggio e vacanze!\",\"breadcrumb\":{\"@id\":\"https:\/\/statiuniti.evolutiontravel.it\/infovacanze\/da-vedere\/parchi-naturali\/#breadcrumb\"},\"inLanguage\":\"it-IT\",\"potentialAction\":[{\"@type\":\"ReadAction\",\"target\":[\"https:\/\/statiuniti.evolutiontravel.it\/infovacanze\/da-vedere\/parchi-naturali\/\"]}]},{\"@type\":\"BreadcrumbList\",\"@id\":\"https:\/\/statiuniti.evolutiontravel.it\/infovacanze\/da-vedere\/parchi-naturali\/#breadcrumb\",\"itemListElement\":[{\"@type\":\"ListItem\",\"position\":1,\"name\":\"Da non perdere negli Stati Uniti\",\"item\":\"https:\/\/statiuniti.evolutiontravel.it\/infovacanze\/da-vedere\/\"},{\"@type\":\"ListItem\",\"position\":2,\"name\":\"Parchi americani\"}]},{\"@type\":\"WebSite\",\"@id\":\"https:\/\/statiuniti.evolutiontravel.it\/infovacanze\/#website\",\"url\":\"https:\/\/statiuniti.evolutiontravel.it\/infovacanze\/\",\"name\":\"Stati Uniti\",\"description\":\"\",\"potentialAction\":[{\"@type\":\"SearchAction\",\"target\":{\"@type\":\"EntryPoint\",\"urlTemplate\":\"https:\/\/statiuniti.evolutiontravel.it\/infovacanze\/?s={search_term_string}\"},\"query-input\":\"required name=search_term_string\"}],\"inLanguage\":\"it-IT\"}]}<\/script>\n<!-- \/ Yoast SEO plugin. -->","yoast_head_json":{"title":"Parchi americani: 7 riserve dove fare escursioni negli Stati Uniti","description":"Almeno 7 parchi americani dove fare escursioni: scopri con noi quali sono e richiedi le nostre offerte di viaggio e vacanze!","robots":{"index":"index","follow":"follow","max-snippet":"max-snippet:-1","max-image-preview":"max-image-preview:large","max-video-preview":"max-video-preview:-1"},"canonical":"https:\/\/statiuniti.evolutiontravel.it\/infovacanze\/da-vedere\/parchi-naturali\/","twitter_misc":{"Tempo di lettura stimato":"4 minuti"},"schema":{"@context":"https:\/\/schema.org","@graph":[{"@type":"WebPage","@id":"https:\/\/statiuniti.evolutiontravel.it\/infovacanze\/da-vedere\/parchi-naturali\/","url":"https:\/\/statiuniti.evolutiontravel.it\/infovacanze\/da-vedere\/parchi-naturali\/","name":"Parchi americani: 7 riserve dove fare escursioni negli Stati Uniti","isPartOf":{"@id":"https:\/\/statiuniti.evolutiontravel.it\/infovacanze\/#website"},"datePublished":"2013-08-21T15:09:43+00:00","dateModified":"2019-04-24T08:32:25+00:00","description":"Almeno 7 parchi americani dove fare escursioni: scopri con noi quali sono e richiedi le nostre offerte di viaggio e vacanze!","breadcrumb":{"@id":"https:\/\/statiuniti.evolutiontravel.it\/infovacanze\/da-vedere\/parchi-naturali\/#breadcrumb"},"inLanguage":"it-IT","potentialAction":[{"@type":"ReadAction","target":["https:\/\/statiuniti.evolutiontravel.it\/infovacanze\/da-vedere\/parchi-naturali\/"]}]},{"@type":"BreadcrumbList","@id":"https:\/\/statiuniti.evolutiontravel.it\/infovacanze\/da-vedere\/parchi-naturali\/#breadcrumb","itemListElement":[{"@type":"ListItem","position":1,"name":"Da non perdere negli Stati Uniti","item":"https:\/\/statiuniti.evolutiontravel.it\/infovacanze\/da-vedere\/"},{"@type":"ListItem","position":2,"name":"Parchi americani"}]},{"@type":"WebSite","@id":"https:\/\/statiuniti.evolutiontravel.it\/infovacanze\/#website","url":"https:\/\/statiuniti.evolutiontravel.it\/infovacanze\/","name":"Stati Uniti","description":"","potentialAction":[{"@type":"SearchAction","target":{"@type":"EntryPoint","urlTemplate":"https:\/\/statiuniti.evolutiontravel.it\/infovacanze\/?s={search_term_string}"},"query-input":"required name=search_term_string"}],"inLanguage":"it-IT"}]}},"_links":{"self":[{"href":"https:\/\/statiuniti.evolutiontravel.it\/infovacanze\/wp-json\/wp\/v2\/pages\/125"}],"collection":[{"href":"https:\/\/statiuniti.evolutiontravel.it\/infovacanze\/wp-json\/wp\/v2\/pages"}],"about":[{"href":"https:\/\/statiuniti.evolutiontravel.it\/infovacanze\/wp-json\/wp\/v2\/types\/page"}],"author":[{"embeddable":true,"href":"https:\/\/statiuniti.evolutiontravel.it\/infovacanze\/wp-json\/wp\/v2\/users\/6"}],"replies":[{"embeddable":true,"href":"https:\/\/statiuniti.evolutiontravel.it\/infovacanze\/wp-json\/wp\/v2\/comments?post=125"}],"version-history":[{"count":28,"href":"https:\/\/statiuniti.evolutiontravel.it\/infovacanze\/wp-json\/wp\/v2\/pages\/125\/revisions"}],"predecessor-version":[{"id":2006,"href":"https:\/\/statiuniti.evolutiontravel.it\/infovacanze\/wp-json\/wp\/v2\/pages\/125\/revisions\/2006"}],"up":[{"embeddable":true,"href":"https:\/\/statiuniti.evolutiontravel.it\/infovacanze\/wp-json\/wp\/v2\/pages\/104"}],"wp:attachment":[{"href":"https:\/\/statiuniti.evolutiontravel.it\/infovacanze\/wp-json\/wp\/v2\/media?parent=125"}],"curies":[{"name":"wp","href":"https:\/\/api.w.org\/{rel}","templated":true}]}}