{"id":10,"date":"2013-08-21T15:36:06","date_gmt":"2013-08-21T13:36:06","guid":{"rendered":"http:\/\/statiuniti.evolutiontravel.it\/infovacanze\/?page_id=10"},"modified":"2019-04-29T14:40:53","modified_gmt":"2019-04-29T12:40:53","slug":"informazioni","status":"publish","type":"page","link":"https:\/\/statiuniti.evolutiontravel.it\/infovacanze\/informazioni\/","title":{"rendered":"Informazioni utili"},"content":{"rendered":"<p>Quando si va in un paese cos\u00ec lontanto come gli Stati Uniti \u00e8 bene informarsi su<strong> alcuni argomenti<\/strong> come: documenti, assicurazione sanitaria, trasporti e fuso orario.<\/p>\n<p><strong>Clicca sull&#8217;argomento da approfondire<\/strong> qui sotto in elenco, oppure continua a leggere questo articolo per avere un&#8217;idea generale delle cose da fare e da non fare negli USA.<\/p>\n<ul>\n<li><a title=\"documenti stati uniti\" href=\"https:\/\/statiuniti.evolutiontravel.it\/infovacanze\/informazioni\/documenti\/\"><u>Documenti<\/u><\/a><\/li>\n<li><a title=\"tour operator usa\" href=\"https:\/\/statiuniti.evolutiontravel.it\/infovacanze\/informazioni\/tour-operator\/\"><u>Tour Operator<\/u><\/a><\/li>\n<li><a title=\"consigli voli stati uniti\" href=\"https:\/\/statiuniti.evolutiontravel.it\/infovacanze\/voli\/usa\/\"><u>Consigli sui voli per gli Stati Uniti<\/u><\/a><\/li>\n<li><a href=\"https:\/\/statiuniti.evolutiontravel.it\/infovacanze\/informazioni\/mance\/\">Mance e shopping negli USA: come funziona?<\/a><\/li>\n<\/ul>\n<p>Prima di andare in America consigliamo di fare l&#8217;<strong>assicurazione sanitaria<\/strong> perch\u00e8 qui gli ospedali sono privati. Per qualsiasi emergenza i costi di assistenza e cura possono essere piuttosto alti, quindi meglio essere previdenti.<\/p>\n<p>Per quanto riguarda la <strong>differenza di ore<\/strong> c&#8217;\u00e8 da dire che la vastit\u00e0 degli Stati Uniti \u00e8 tale da avere fusi orari diversi anche nello stesso paese.<\/p>\n<p><strong>Rispetto all\u2019Italia<\/strong>:<\/p>\n<ul>\n<li><strong>6 ore in meno <\/strong>nella\u00a0<strong>costa est<\/strong>\u00a0(quella di New York, Boston, Washington, Florida)<\/li>\n<li><strong>7 ore <\/strong>nella\u00a0<strong>parte centrale<\/strong>\u00a0(Texas, Nebraska, Alabama)<\/li>\n<li><strong>8 ore <\/strong>nella\u00a0<strong>zona dell\u2019Arizona e del Colorado<\/strong><\/li>\n<li><strong>9 ore<\/strong> nella\u00a0<strong>costa ovest<\/strong>\u00a0(California, Nevada, Oregon)<strong><br \/>\n<\/strong><\/li>\n<li><strong>10 ore <\/strong>in <strong>Alaska<\/strong><\/li>\n<li><strong>11 ore<\/strong> alle Hawaii<\/li>\n<\/ul>\n<p style=\"text-align: justify\">Per <strong>spostarsi tra un paese e un&#8217;altro<\/strong> o anche all&#8217;interno di uno stesso territorio americano, consigliamo di\u00a0<a href=\"https:\/\/statiuniti.evolutiontravel.it\/infovacanze\/divertirsi\/tour-usa-in-auto\/\"><strong>noleggiare un&#8217;auto<\/strong><\/a>.<\/p>\n<p style=\"text-align: justify\">Un&#8217;altra soluzione \u00e8 fare proprio\u00a0 <a href=\"https:\/\/statiuniti.evolutiontravel.it\/infovacanze\/viaggio\/in-camper\/\"><strong>una vacanza in camper<\/strong><\/a>; gli Stati Uniti sono perfetti per questo tipo di viaggio.<\/p>\n<p style=\"text-align: justify\">Infine <strong>un consiglio<\/strong>. Quando andrete in <a title=\"citt\u00e0 americane\" href=\"https:\/\/statiuniti.evolutiontravel.it\/infovacanze\/destinazioni\/\">una delle grandi citt\u00e0 americane<\/a> evitate di guirdare: c&#8217;\u00e8 molto traffico ed estrema difficolt\u00e0 di parcheggio.<\/p>\n<p>&nbsp;<\/p>\n<h3 style=\"text-align: center\">OFFERTE VIAGGI E VACANZE NEGLI USA con Evolution Travel<\/h3>\n<p style=\"text-align: center\"><strong><span style=\"color: #008000\">CLICCA E SCOPRI<\/span><\/strong>: <strong>programma<\/strong> dettagliato del viaggio, <strong>tante foto<\/strong>, <strong>recensioni<\/strong> e <strong>commenti<\/strong> e tutti in un click!<\/p>\n<div class=\"feedzy-38f94792682c461777de34e073d8d999 feedzy-rss\">\n\t\t<ul class=\"feedzy-style2\">\n\t\t\t\t\t<li  style=\"padding: 23px 0 38px\" class=\"rss_item feedzy-rss-col-3\" >\n\t\t\t\t\t\t\t\t\t<div class=\"rss_image\" style=\"width:225px; height:225px;\">\n\t\t\t\t\t\t<a href=\"https:\/\/statiuniti.evolutiontravel.it\/it_IT\/906\/tab\/36237_dal-lago-michigan-alla-grande-mela-self-drive.html\" target=\"_blank\" \n\t\t\t\t\t\t\trel=\"noopener \"\n\t\t\t\t\t\t\ttitle=\"Dal Lago Michigan alla Grande Mela - Self drive\"\n\t\t\t\t\t\t\tstyle=\"width:225px; height:225px;\">\n\t\t\t\t\t\t\t<span class=\"fetched\" style=\"background-image:  url('http:\/\/etcdn.net\/thumbnails\/36237\/it-chicago-dal-lago-michigan-alla-grande-mela-tour-di-gruppo-635ff.jpg');\" title=\"Dal Lago Michigan alla Grande Mela - Self drive\"><\/span><amp-img width=\"225\" height=\"225\" src=\"http:\/\/etcdn.net\/thumbnails\/36237\/it-chicago-dal-lago-michigan-alla-grande-mela-tour-di-gruppo-635ff.jpg\">\t\t\t\t\t\t<\/a>\n\t\t\t\t\t<\/div>\n\t\t\t\t\t\t\t\t<div class=\"rss_content_wrap\">\n\t\t\t\t\t<span class=\"title\">\n\t\t\t\t\t\t<a href=\"https:\/\/statiuniti.evolutiontravel.it\/it_IT\/906\/tab\/36237_dal-lago-michigan-alla-grande-mela-self-drive.html\" target=\"_blank\"  rel=\"noopener \">\n\t\t\t\t\t\t\tDal Lago Michigan alla Grande Mela - Self drive\t\t\t\t\t\t<\/a>\n\t\t\t\t\t<\/span>\n\t\t\t\t\t<div class=\"rss_content\"\n\t\t\t\t\t\t\tstyle=\"\">\n\t\t\t\t\t\t\n\t\t\t\t\t\t\t\t\t\t\t\t<p class=\"description\">Lo splendore delle citt\u00e0 pi\u00f9 belle ed importanti dell'Est con la meraviglia di bellezze naturali uniche al mondo.<\/p>\n\t\t\t\t\t\t\n\t\t\t\t\t\t\t\t\t\t\t\t\t\t\t\t\t\t\t<div class=\"price-wrap\">\n\t\t\t\t\t\t\t\t<a href=\"https:\/\/statiuniti.evolutiontravel.it\/it_IT\/906\/tab\/36237_dal-lago-michigan-alla-grande-mela-self-drive.html\" target=\"_blank\" rel=\"noopener\"><button class=\"price\"> 1200<\/button><\/a>\n\t\t\t\t\t\t\t<\/div>\n\t\t\t\t\t\t\t\t\t\t\t<\/div>\n\t\t\t\t<\/div>\n\t\t\t<\/li>\n\t\t\t\t\t\t<li  style=\"padding: 23px 0 38px\" class=\"rss_item feedzy-rss-col-3\" >\n\t\t\t\t\t\t\t\t\t<div class=\"rss_image\" style=\"width:225px; height:225px;\">\n\t\t\t\t\t\t<a href=\"https:\/\/statiuniti.evolutiontravel.it\/it_IT\/906\/tab\/36282_sin-city-e-scenari-dellovest-tour-di-gruppo.html\" target=\"_blank\" \n\t\t\t\t\t\t\trel=\"noopener \"\n\t\t\t\t\t\t\ttitle=\"Sin City e scenari dell&#039;Ovest - Tour di gruppo\"\n\t\t\t\t\t\t\tstyle=\"width:225px; height:225px;\">\n\t\t\t\t\t\t\t<span class=\"fetched\" style=\"background-image:  url('http:\/\/etcdn.net\/thumbnails\/35185\/it-las-vegas-avventura-nei-parchi-dellovest-da-las-vegas-a-san-francisco-52c32.jpg');\" title=\"Sin City e scenari dell&#039;Ovest - Tour di gruppo\"><\/span><amp-img width=\"225\" height=\"225\" src=\"http:\/\/etcdn.net\/thumbnails\/35185\/it-las-vegas-avventura-nei-parchi-dellovest-da-las-vegas-a-san-francisco-52c32.jpg\">\t\t\t\t\t\t<\/a>\n\t\t\t\t\t<\/div>\n\t\t\t\t\t\t\t\t<div class=\"rss_content_wrap\">\n\t\t\t\t\t<span class=\"title\">\n\t\t\t\t\t\t<a href=\"https:\/\/statiuniti.evolutiontravel.it\/it_IT\/906\/tab\/36282_sin-city-e-scenari-dellovest-tour-di-gruppo.html\" target=\"_blank\"  rel=\"noopener \">\n\t\t\t\t\t\t\tSin City e scenari dell'Ovest - Tour di gruppo\t\t\t\t\t\t<\/a>\n\t\t\t\t\t<\/span>\n\t\t\t\t\t<div class=\"rss_content\"\n\t\t\t\t\t\t\tstyle=\"\">\n\t\t\t\t\t\t\n\t\t\t\t\t\t\t\t\t\t\t\t<p class=\"description\">Programma originale ed esclusivo per viaggiatori con poco tempo<\/p>\n\t\t\t\t\t\t\n\t\t\t\t\t\t\t\t\t\t\t\t\t\t\t\t\t\t\t<div class=\"price-wrap\">\n\t\t\t\t\t\t\t\t<a href=\"https:\/\/statiuniti.evolutiontravel.it\/it_IT\/906\/tab\/36282_sin-city-e-scenari-dellovest-tour-di-gruppo.html\" target=\"_blank\" rel=\"noopener\"><button class=\"price\"> 1061<\/button><\/a>\n\t\t\t\t\t\t\t<\/div>\n\t\t\t\t\t\t\t\t\t\t\t<\/div>\n\t\t\t\t<\/div>\n\t\t\t<\/li>\n\t\t\t\t\t\t<li  style=\"padding: 23px 0 38px\" class=\"rss_item feedzy-rss-col-3\" >\n\t\t\t\t\t\t\t\t\t<div class=\"rss_image\" style=\"width:225px; height:225px;\">\n\t\t\t\t\t\t<a href=\"https:\/\/statiuniti.evolutiontravel.it\/it_IT\/906\/tab\/9877_pacchetto-dellovest-tour-di-gruppo-in-italiano.html\" target=\"_blank\" \n\t\t\t\t\t\t\trel=\"noopener \"\n\t\t\t\t\t\t\ttitle=\"Pacchetto dell&#039;Ovest - Tour di gruppo in italiano\"\n\t\t\t\t\t\t\tstyle=\"width:225px; height:225px;\">\n\t\t\t\t\t\t\t<span class=\"fetched\" style=\"background-image:  url('http:\/\/etcdn.net\/thumbnails\/9877\/it-los-angeles-tour-di-gruppo-pacchetto-dellovest-51a70.jpg');\" title=\"Pacchetto dell&#039;Ovest - Tour di gruppo in italiano\"><\/span><amp-img width=\"225\" height=\"225\" src=\"http:\/\/etcdn.net\/thumbnails\/9877\/it-los-angeles-tour-di-gruppo-pacchetto-dellovest-51a70.jpg\">\t\t\t\t\t\t<\/a>\n\t\t\t\t\t<\/div>\n\t\t\t\t\t\t\t\t<div class=\"rss_content_wrap\">\n\t\t\t\t\t<span class=\"title\">\n\t\t\t\t\t\t<a href=\"https:\/\/statiuniti.evolutiontravel.it\/it_IT\/906\/tab\/9877_pacchetto-dellovest-tour-di-gruppo-in-italiano.html\" target=\"_blank\"  rel=\"noopener \">\n\t\t\t\t\t\t\tPacchetto dell'Ovest - Tour di gruppo in italiano\t\t\t\t\t\t<\/a>\n\t\t\t\t\t<\/span>\n\t\t\t\t\t<div class=\"rss_content\"\n\t\t\t\t\t\t\tstyle=\"\">\n\t\t\t\t\t\t\n\t\t\t\t\t\t\t\t\t\t\t\t<p class=\"description\">Tour di Gruppo 13 giorni\/12 notti: un tour completo dove vi sentirete totalmente coccolati mentre andate alla scoperta del mitico [&hellip;]<\/p>\n\t\t\t\t\t\t\n\t\t\t\t\t\t\t\t\t\t\t\t\t\t\t\t\t\t\t<div class=\"price-wrap\">\n\t\t\t\t\t\t\t\t<a href=\"https:\/\/statiuniti.evolutiontravel.it\/it_IT\/906\/tab\/9877_pacchetto-dellovest-tour-di-gruppo-in-italiano.html\" target=\"_blank\" rel=\"noopener\"><button class=\"price\"> 3391<\/button><\/a>\n\t\t\t\t\t\t\t<\/div>\n\t\t\t\t\t\t\t\t\t\t\t<\/div>\n\t\t\t\t<\/div>\n\t\t\t<\/li>\n\t\t\t\t\t\t<li  style=\"padding: 23px 0 38px\" class=\"rss_item feedzy-rss-col-3\" >\n\t\t\t\t\t\t\t\t\t<div class=\"rss_image\" style=\"width:225px; height:225px;\">\n\t\t\t\t\t\t<a href=\"https:\/\/statiuniti.evolutiontravel.it\/it_IT\/906\/tab\/25997_vieni-a-festeggiare-svalentino-nella-grande-mela.html\" target=\"_blank\" \n\t\t\t\t\t\t\trel=\"noopener \"\n\t\t\t\t\t\t\ttitle=\"Vieni a festeggiare S.Valentino nella Grande Mela\"\n\t\t\t\t\t\t\tstyle=\"width:225px; height:225px;\">\n\t\t\t\t\t\t\t<span class=\"fetched\" style=\"background-image:  url('http:\/\/etcdn.net\/thumbnails\/25997\/it-new-york-regala-una-vacanza-per-san-valentino-62b88.jpg');\" title=\"Vieni a festeggiare S.Valentino nella Grande Mela\"><\/span><amp-img width=\"225\" height=\"225\" src=\"http:\/\/etcdn.net\/thumbnails\/25997\/it-new-york-regala-una-vacanza-per-san-valentino-62b88.jpg\">\t\t\t\t\t\t<\/a>\n\t\t\t\t\t<\/div>\n\t\t\t\t\t\t\t\t<div class=\"rss_content_wrap\">\n\t\t\t\t\t<span class=\"title\">\n\t\t\t\t\t\t<a href=\"https:\/\/statiuniti.evolutiontravel.it\/it_IT\/906\/tab\/25997_vieni-a-festeggiare-svalentino-nella-grande-mela.html\" target=\"_blank\"  rel=\"noopener \">\n\t\t\t\t\t\t\tVieni a festeggiare S.Valentino nella Grande Mela\t\t\t\t\t\t<\/a>\n\t\t\t\t\t<\/span>\n\t\t\t\t\t<div class=\"rss_content\"\n\t\t\t\t\t\t\tstyle=\"\">\n\t\t\t\t\t\t\n\t\t\t\t\t\t\t\t\t\t\t\t<p class=\"description\">Un'esperienza unica ed irripetibile nella citt\u00e0 che non dorme mai.<\/p>\n\t\t\t\t\t\t\n\t\t\t\t\t\t\t\t\t\t\t\t\t\t\t\t\t\t\t<div class=\"price-wrap\">\n\t\t\t\t\t\t\t\t<a href=\"https:\/\/statiuniti.evolutiontravel.it\/it_IT\/906\/tab\/25997_vieni-a-festeggiare-svalentino-nella-grande-mela.html\" target=\"_blank\" rel=\"noopener\"><button class=\"price\"> 395<\/button><\/a>\n\t\t\t\t\t\t\t<\/div>\n\t\t\t\t\t\t\t\t\t\t\t<\/div>\n\t\t\t\t<\/div>\n\t\t\t<\/li>\n\t\t\t\t\t\t<li  style=\"padding: 23px 0 38px\" class=\"rss_item feedzy-rss-col-3\" >\n\t\t\t\t\t\t\t\t\t<div class=\"rss_image\" style=\"width:225px; height:225px;\">\n\t\t\t\t\t\t<a href=\"https:\/\/statiuniti.evolutiontravel.it\/it_IT\/906\/tab\/41438_self-drive-west-coast.html\" target=\"_blank\" \n\t\t\t\t\t\t\trel=\"noopener \"\n\t\t\t\t\t\t\ttitle=\"Self Drive West Coast\"\n\t\t\t\t\t\t\tstyle=\"width:225px; height:225px;\">\n\t\t\t\t\t\t\t<span class=\"fetched\" style=\"background-image:  url('http:\/\/etcdn.net\/thumbnails\/9626\/it-san-francisco-southwestern-panoramas-tour-di-gruppo-51c5a.jpg');\" title=\"Self Drive West Coast\"><\/span><amp-img width=\"225\" height=\"225\" src=\"http:\/\/etcdn.net\/thumbnails\/9626\/it-san-francisco-southwestern-panoramas-tour-di-gruppo-51c5a.jpg\">\t\t\t\t\t\t<\/a>\n\t\t\t\t\t<\/div>\n\t\t\t\t\t\t\t\t<div class=\"rss_content_wrap\">\n\t\t\t\t\t<span class=\"title\">\n\t\t\t\t\t\t<a href=\"https:\/\/statiuniti.evolutiontravel.it\/it_IT\/906\/tab\/41438_self-drive-west-coast.html\" target=\"_blank\"  rel=\"noopener \">\n\t\t\t\t\t\t\tSelf Drive West Coast\t\t\t\t\t\t<\/a>\n\t\t\t\t\t<\/span>\n\t\t\t\t\t<div class=\"rss_content\"\n\t\t\t\t\t\t\tstyle=\"\">\n\t\t\t\t\t\t\n\t\t\t\t\t\t\t\t\t\t\t\t<p class=\"description\">Un suggestivo itinerario di 15 giorni attraverso il West da San Francisco a Los Angeles<\/p>\n\t\t\t\t\t\t\n\t\t\t\t\t\t\t\t\t\t\t\t\t\t\t\t\t\t\t<div class=\"price-wrap\">\n\t\t\t\t\t\t\t\t<a href=\"https:\/\/statiuniti.evolutiontravel.it\/it_IT\/906\/tab\/41438_self-drive-west-coast.html\" target=\"_blank\" rel=\"noopener\"><button class=\"price\"> 1750<\/button><\/a>\n\t\t\t\t\t\t\t<\/div>\n\t\t\t\t\t\t\t\t\t\t\t<\/div>\n\t\t\t\t<\/div>\n\t\t\t<\/li>\n\t\t\t\t\t\t<li  style=\"padding: 23px 0 38px\" class=\"rss_item feedzy-rss-col-3\" >\n\t\t\t\t\t\t\t\t\t<div class=\"rss_image\" style=\"width:225px; height:225px;\">\n\t\t\t\t\t\t<a href=\"https:\/\/statiuniti.evolutiontravel.it\/it_IT\/906\/tab\/41424_golden-west-tour-di-gruppo-da-los-angeles-a-san-francisco-con-accompagnatore-dallitalia-piccolo.html\" target=\"_blank\" \n\t\t\t\t\t\t\trel=\"noopener \"\n\t\t\t\t\t\t\ttitle=\"Golden West - Tour di gruppo da Los Angeles a San Francisco con accompagnatore dall&#039;Italia, piccolo\"\n\t\t\t\t\t\t\tstyle=\"width:225px; height:225px;\">\n\t\t\t\t\t\t\t<span class=\"fetched\" style=\"background-image:  url('http:\/\/etcdn.net\/thumbnails\/32117\/it-los-angeles-forever-west-tour-di-gruppo-51a40.jpg');\" title=\"Golden West - Tour di gruppo da Los Angeles a San Francisco con accompagnatore dall&#039;Italia, piccolo\"><\/span><amp-img width=\"225\" height=\"225\" src=\"http:\/\/etcdn.net\/thumbnails\/32117\/it-los-angeles-forever-west-tour-di-gruppo-51a40.jpg\">\t\t\t\t\t\t<\/a>\n\t\t\t\t\t<\/div>\n\t\t\t\t\t\t\t\t<div class=\"rss_content_wrap\">\n\t\t\t\t\t<span class=\"title\">\n\t\t\t\t\t\t<a href=\"https:\/\/statiuniti.evolutiontravel.it\/it_IT\/906\/tab\/41424_golden-west-tour-di-gruppo-da-los-angeles-a-san-francisco-con-accompagnatore-dallitalia-piccolo.html\" target=\"_blank\"  rel=\"noopener \">\n\t\t\t\t\t\t\tGolden West - Tour di gruppo da Los Angeles a San Francisco con accompagnatore dall'Italia, piccolo\t\t\t\t\t\t<\/a>\n\t\t\t\t\t<\/span>\n\t\t\t\t\t<div class=\"rss_content\"\n\t\t\t\t\t\t\tstyle=\"\">\n\t\t\t\t\t\t\n\t\t\t\t\t\t\t\t\t\t\t\t<p class=\"description\">Un suggestivo itinerario di 14 giorni attraverso la magia del West Americano con tour in date garantite!<\/p>\n\t\t\t\t\t\t\n\t\t\t\t\t\t\t\t\t\t\t\t\t\t\t\t\t\t\t<div class=\"price-wrap\">\n\t\t\t\t\t\t\t\t<a href=\"https:\/\/statiuniti.evolutiontravel.it\/it_IT\/906\/tab\/41424_golden-west-tour-di-gruppo-da-los-angeles-a-san-francisco-con-accompagnatore-dallitalia-piccolo.html\" target=\"_blank\" rel=\"noopener\"><button class=\"price\"> 4199<\/button><\/a>\n\t\t\t\t\t\t\t<\/div>\n\t\t\t\t\t\t\t\t\t\t\t<\/div>\n\t\t\t\t<\/div>\n\t\t\t<\/li>\n\t\t\t\t<\/ul>\n<\/div>\n<style type=\"text\/css\" media=\"all\">.feedzy-rss .rss_item .rss_image{float:left;position:relative;border:none;text-decoration:none;max-width:100%}.feedzy-rss .rss_item .rss_image span{display:inline-block;position:absolute;width:100%;height:100%;background-position:50%;background-size:cover}.feedzy-rss .rss_item .rss_image{margin:.3em 1em 0 0;content-visibility:auto}.feedzy-rss ul{list-style:none}.feedzy-rss ul li{display:inline-block}<\/style>\n","protected":false},"excerpt":{"rendered":"<p>Quando si va in un paese cos\u00ec lontanto come gli Stati Uniti \u00e8 bene informarsi su alcuni argomenti come: documenti, assicurazione sanitaria, trasporti e fuso orario. Clicca sull&#8217;argomento da approfondire qui sotto in elenco, oppure continua a leggere questo articolo per avere un&#8217;idea generale delle cose da fare e da non fare negli USA. Documenti <a class=\"moretag\" href=\"https:\/\/statiuniti.evolutiontravel.it\/infovacanze\/informazioni\/\">[&#8230;]<\/a><\/p>\n","protected":false},"author":1,"featured_media":0,"parent":0,"menu_order":0,"comment_status":"closed","ping_status":"open","template":"templates\/template-with-right-sidebar.php","meta":{"footnotes":""},"yoast_head":"<!-- This site is optimized with the Yoast SEO plugin v21.9.1 - https:\/\/yoast.com\/wordpress\/plugins\/seo\/ -->\n<title>Informazioni utili e consigli di viaggio per gli Stati Uniti<\/title>\n<meta name=\"description\" content=\"Leggi le nostre informazioni utili per aiutarti a organizzare il viaggio e le vacanze negli Stati Uniti nel migliore dei modi e parti con noi!\" \/>\n<meta name=\"robots\" content=\"index, follow, max-snippet:-1, max-image-preview:large, max-video-preview:-1\" \/>\n<link rel=\"canonical\" href=\"https:\/\/statiuniti.evolutiontravel.it\/infovacanze\/informazioni\/\" \/>\n<meta name=\"twitter:label1\" content=\"Tempo di lettura stimato\" \/>\n\t<meta name=\"twitter:data1\" content=\"1 minuto\" \/>\n<script type=\"application\/ld+json\" class=\"yoast-schema-graph\">{\"@context\":\"https:\/\/schema.org\",\"@graph\":[{\"@type\":\"WebPage\",\"@id\":\"https:\/\/statiuniti.evolutiontravel.it\/infovacanze\/informazioni\/\",\"url\":\"https:\/\/statiuniti.evolutiontravel.it\/infovacanze\/informazioni\/\",\"name\":\"Informazioni utili e consigli di viaggio per gli Stati Uniti\",\"isPartOf\":{\"@id\":\"https:\/\/statiuniti.evolutiontravel.it\/infovacanze\/#website\"},\"datePublished\":\"2013-08-21T13:36:06+00:00\",\"dateModified\":\"2019-04-29T12:40:53+00:00\",\"description\":\"Leggi le nostre informazioni utili per aiutarti a organizzare il viaggio e le vacanze negli Stati Uniti nel migliore dei modi e parti con noi!\",\"inLanguage\":\"it-IT\",\"potentialAction\":[{\"@type\":\"ReadAction\",\"target\":[\"https:\/\/statiuniti.evolutiontravel.it\/infovacanze\/informazioni\/\"]}]},{\"@type\":\"WebSite\",\"@id\":\"https:\/\/statiuniti.evolutiontravel.it\/infovacanze\/#website\",\"url\":\"https:\/\/statiuniti.evolutiontravel.it\/infovacanze\/\",\"name\":\"Stati Uniti\",\"description\":\"\",\"potentialAction\":[{\"@type\":\"SearchAction\",\"target\":{\"@type\":\"EntryPoint\",\"urlTemplate\":\"https:\/\/statiuniti.evolutiontravel.it\/infovacanze\/?s={search_term_string}\"},\"query-input\":\"required name=search_term_string\"}],\"inLanguage\":\"it-IT\"}]}<\/script>\n<!-- \/ Yoast SEO plugin. -->","yoast_head_json":{"title":"Informazioni utili e consigli di viaggio per gli Stati Uniti","description":"Leggi le nostre informazioni utili per aiutarti a organizzare il viaggio e le vacanze negli Stati Uniti nel migliore dei modi e parti con noi!","robots":{"index":"index","follow":"follow","max-snippet":"max-snippet:-1","max-image-preview":"max-image-preview:large","max-video-preview":"max-video-preview:-1"},"canonical":"https:\/\/statiuniti.evolutiontravel.it\/infovacanze\/informazioni\/","twitter_misc":{"Tempo di lettura stimato":"1 minuto"},"schema":{"@context":"https:\/\/schema.org","@graph":[{"@type":"WebPage","@id":"https:\/\/statiuniti.evolutiontravel.it\/infovacanze\/informazioni\/","url":"https:\/\/statiuniti.evolutiontravel.it\/infovacanze\/informazioni\/","name":"Informazioni utili e consigli di viaggio per gli Stati Uniti","isPartOf":{"@id":"https:\/\/statiuniti.evolutiontravel.it\/infovacanze\/#website"},"datePublished":"2013-08-21T13:36:06+00:00","dateModified":"2019-04-29T12:40:53+00:00","description":"Leggi le nostre informazioni utili per aiutarti a organizzare il viaggio e le vacanze negli Stati Uniti nel migliore dei modi e parti con noi!","inLanguage":"it-IT","potentialAction":[{"@type":"ReadAction","target":["https:\/\/statiuniti.evolutiontravel.it\/infovacanze\/informazioni\/"]}]},{"@type":"WebSite","@id":"https:\/\/statiuniti.evolutiontravel.it\/infovacanze\/#website","url":"https:\/\/statiuniti.evolutiontravel.it\/infovacanze\/","name":"Stati Uniti","description":"","potentialAction":[{"@type":"SearchAction","target":{"@type":"EntryPoint","urlTemplate":"https:\/\/statiuniti.evolutiontravel.it\/infovacanze\/?s={search_term_string}"},"query-input":"required name=search_term_string"}],"inLanguage":"it-IT"}]}},"_links":{"self":[{"href":"https:\/\/statiuniti.evolutiontravel.it\/infovacanze\/wp-json\/wp\/v2\/pages\/10"}],"collection":[{"href":"https:\/\/statiuniti.evolutiontravel.it\/infovacanze\/wp-json\/wp\/v2\/pages"}],"about":[{"href":"https:\/\/statiuniti.evolutiontravel.it\/infovacanze\/wp-json\/wp\/v2\/types\/page"}],"author":[{"embeddable":true,"href":"https:\/\/statiuniti.evolutiontravel.it\/infovacanze\/wp-json\/wp\/v2\/users\/1"}],"replies":[{"embeddable":true,"href":"https:\/\/statiuniti.evolutiontravel.it\/infovacanze\/wp-json\/wp\/v2\/comments?post=10"}],"version-history":[{"count":20,"href":"https:\/\/statiuniti.evolutiontravel.it\/infovacanze\/wp-json\/wp\/v2\/pages\/10\/revisions"}],"predecessor-version":[{"id":2018,"href":"https:\/\/statiuniti.evolutiontravel.it\/infovacanze\/wp-json\/wp\/v2\/pages\/10\/revisions\/2018"}],"wp:attachment":[{"href":"https:\/\/statiuniti.evolutiontravel.it\/infovacanze\/wp-json\/wp\/v2\/media?parent=10"}],"curies":[{"name":"wp","href":"https:\/\/api.w.org\/{rel}","templated":true}]}}